{"id":18844,"date":"2022-08-08T14:01:46","date_gmt":"2022-08-08T14:01:46","guid":{"rendered":"https:\/\/timi.eu\/product\/timi-cloud-yearly-fr\/"},"modified":"2022-10-03T11:03:53","modified_gmt":"2022-10-03T11:03:53","slug":"timi-cloud-yearly-fr","status":"publish","type":"product","link":"https:\/\/timi.eu\/fr\/produit\/timi-cloud-yearly-fr\/","title":{"rendered":"TIMi Cloud &#8211; Annuel"},"content":{"rendered":"<p>\n&#13;\n\n<div\n\t class=\"wpml-ls-statics-shortcode_actions wpml-ls wpml-ls-legacy-dropdown js-wpml-ls-legacy-dropdown\">\n\t<ul>\n\n\t\t<li tabindex=\"0\" class=\"wpml-ls-slot-shortcode_actions wpml-ls-item wpml-ls-item-fr wpml-ls-current-language wpml-ls-item-legacy-dropdown\">\n\t\t\t<a href=\"#\" class=\"js-wpml-ls-item-toggle wpml-ls-item-toggle\">\n                                                    <img\n            class=\"wpml-ls-flag\"\n            src=\"https:\/\/timi.eu\/wp-content\/plugins\/sitepress-multilingual-cms\/res\/flags\/fr.png\"\n            alt=\"\"\n            width=18\n            height=12\n    \/><span class=\"wpml-ls-native\">Fran\u00e7ais<\/span><\/a>\n\n\t\t\t<ul class=\"wpml-ls-sub-menu\">\n\t\t\t\t\n\t\t\t\t\t<li class=\"wpml-ls-slot-shortcode_actions wpml-ls-item wpml-ls-item-en wpml-ls-first-item\">\n\t\t\t\t\t\t<a href=\"https:\/\/timi.eu\" class=\"wpml-ls-link\">\n                                                                <img\n            class=\"wpml-ls-flag\"\n            src=\"https:\/\/timi.eu\/wp-content\/plugins\/sitepress-multilingual-cms\/res\/flags\/en.png\"\n            alt=\"\"\n            width=18\n            height=12\n    \/><span class=\"wpml-ls-display\">Anglais<\/span><\/a>\n\t\t\t\t\t<\/li>\n\n\t\t\t\t\n\t\t\t\t\t<li class=\"wpml-ls-slot-shortcode_actions wpml-ls-item wpml-ls-item-es\">\n\t\t\t\t\t\t<a href=\"https:\/\/timi.eu\/es\/\" class=\"wpml-ls-link\">\n                                                                <img\n            class=\"wpml-ls-flag\"\n            src=\"https:\/\/timi.eu\/wp-content\/plugins\/sitepress-multilingual-cms\/res\/flags\/es.png\"\n            alt=\"\"\n            width=18\n            height=12\n    \/><span class=\"wpml-ls-display\">Espagnol<\/span><\/a>\n\t\t\t\t\t<\/li>\n\n\t\t\t\t\n\t\t\t\t\t<li class=\"wpml-ls-slot-shortcode_actions wpml-ls-item wpml-ls-item-nl\">\n\t\t\t\t\t\t<a href=\"https:\/\/timi.eu\/nl\/\" class=\"wpml-ls-link\">\n                                                                <img\n            class=\"wpml-ls-flag\"\n            src=\"https:\/\/timi.eu\/wp-content\/plugins\/sitepress-multilingual-cms\/res\/flags\/nl.png\"\n            alt=\"\"\n            width=18\n            height=12\n    \/><span class=\"wpml-ls-display\">N\u00e9erlandais<\/span><\/a>\n\t\t\t\t\t<\/li>\n\n\t\t\t\t\n\t\t\t\t\t<li class=\"wpml-ls-slot-shortcode_actions wpml-ls-item wpml-ls-item-ru wpml-ls-last-item\">\n\t\t\t\t\t\t<a href=\"https:\/\/timi.eu\/ru\/\" class=\"wpml-ls-link\">\n                                                                <img\n            class=\"wpml-ls-flag\"\n            src=\"https:\/\/timi.eu\/wp-content\/plugins\/sitepress-multilingual-cms\/res\/flags\/ru.png\"\n            alt=\"\"\n            width=18\n            height=12\n    \/><span class=\"wpml-ls-display\">Russe<\/span><\/a>\n\t\t\t\t\t<\/li>\n\n\t\t\t\t\t\t\t<\/ul>\n\n\t\t<\/li>\n\n\t<\/ul>\n<\/div>\n&#13;\n<p><\/p><\/p>\n<h3>Anatella pleine vitesse et toutes fonctions<\/h3>\n<p>4999\u20ac par an sans dur\u00e9e minimale.<\/p>\n<p>Vous recevrez une facture de 4999\u20ac+tva au d\u00e9but de chaque ann\u00e9e.<\/p>\n<p>Pour ce prix, vous recevez les d\u00e9tails de connexion (URL+Login+mot de passe) pour vous connecter \u00e0 votre serveur \u00ab\u00a0TIMi Cloud\u00a0\u00bb et l&rsquo;utiliser. Une d\u00e9mo de la page de connexion est visible ici : <a href=\"https:\/\/timi.eu\/demo\" target=\"_blank\" rel=\"noopener\">https:\/\/timi.eu\/demo<\/a><\/p>\n<p><strong>Livraison instantan\u00e9e :<\/strong> Que serait le \u00ab\u00a0Cloud\u00a0\u00bb sans le plaisir et la gratification d&rsquo;obtenir une solution compl\u00e8te instantan\u00e9ment ? Cliquez sur le bouton \u00ab\u00a0achat\u00a0\u00bb et vous recevez <em>dans la seconde<\/em> tout ce dont vous avez besoin pour commencer \u00e0 analyser vos donn\u00e9es. Pas de serveur \u00e0 d\u00e9marrer et \u00e0 configurer. Rien \u00e0 faire. Un acc\u00e8s instantan\u00e9 au meilleur outil de science des donn\u00e9es du march\u00e9 !<\/p>\n<h3>Qu&rsquo;est-ce qui est inclus ?<\/h3>\n<ul>\n<li>Les <strong>d\u00e9tails de connexion<\/strong> pour se connecter \u00e0 votre serveur \u00ab\u00a0TIMi cloud\u00a0\u00bb : 1 utilisateur, <span class=\"tooltips \" style=\"\" title=\"Veuillez vous r\u00e9f\u00e9rer \u00e0 la section &quot;limitation&quot; ci-dessous pour en savoir plus sur les utilisateurs &quot;Invit\u00e9s&quot;.\">un nombre illimit\u00e9 d&rsquo;\u201cinvit\u00e9s\u201d<\/span>.\n<\/li>\n<li>Votre serveur \u00ab\u00a0TIMi cloud\u00a0\u00bb \u00e9quip\u00e9 de :\n<ul>\n<li><strong>Anatella<br \/><\/strong>\u00a0\u00a0\u00a0\u00a0\u00a0 Tous les n\u0153uds Anatella optionnels (voir <a href=\"http:\/\/download.timi.eu\/docs\/TIMi_Short_feature_list.pdf\" target=\"_blank\" rel=\"noopener\">ici<\/a>) sont disponibles.<\/li>\n<li><strong>Autres outils tiers :<\/strong>:\n<ul>\n<li>Jenkins (pour <strong>planifier<\/strong>  tous vos jobs Anatella).<\/li>\n<li>R v3.6.3, pour ex\u00e9cuter toutes les actions bas\u00e9es sur <strong>R<\/strong> dans Anatella.<\/li>\n<li>Anaconda avec un moteur <strong>Python<\/strong> v3.7.3, pour ex\u00e9cuter toutes les actions bas\u00e9es sur Python dans Anatella.<\/li>\n<li>QGis : id\u00e9al pour compl\u00e9ter les fonctionnalit\u00e9s <strong>GIS<\/strong> avanc\u00e9es d&rsquo;Anatella (pour plus de d\u00e9tails : voir la section 5.10.8.3. du \u00ab\u00a0AnatellaQuickGuide.pdf\u00a0\u00bb) avec quelques capacit\u00e9s d&rsquo;affichage GIS avanc\u00e9es.<\/li>\n<li>Nominatim : Pour faire un nombre illimit\u00e9 de <strong>g\u00e9ocodages<\/strong> avec Anatella.<\/li>\n<li>Tortoise SVN : Pour le <strong>contr\u00f4le de r\u00e9vision<\/strong> de tous vos graphiques Anatella.<\/li>\n<li><strong>Pilotes ODBC pour acc\u00e9der \u00e0 de nombreuses bases de donn\u00e9es courantes<\/strong> : MS SQLServer, MS-Access, MySQL, Oracle, PostGreSQL (RedShift), Snowflake, Teradata, SQLite, IBM DB2.<br \/><em>Vous pouvez nous demander d&rsquo;installer un pilote ODBC sp\u00e9cifique pour vous si vous le souhaitez. Nous le ferons gratuitement si vous nous fournissez les fichiers d&rsquo;installation requis.<\/em><\/li>\n<li><strong>Pilotes OleDB<\/strong> : pour MS SQLServer.<\/li>\n<li><strong>Connecteurs sp\u00e9ciaux<\/strong> : Connecteurs OCI vers Oracle, connecteur SAP Netweaver\/ ABAP Hana, connecteur natif haute vitesse vers PostGreSQL via la biblioth\u00e8que LibPQ, Connecteur natif \u00e0 haut d\u00e9bit vers RedShift\/Swnoflake (insertion uniquement).<\/li>\n<li><strong>\u00c9diteurs de texte<\/strong> : Visual Studio Code, Notepad++.<\/li>\n<li><strong>Code Compare<\/strong> (de DevArt) : pour comparer rapidement diff\u00e9rentes versions de vos graphiques ou comparer diff\u00e9rents r\u00e9pertoires.<\/li>\n<li><strong>Autres<\/strong> : Winrar, Office 2019, Firefox, le moteur de base de donn\u00e9es Hyper (pour produire des fichiers de base de donn\u00e9es .hyper pour Tableau).\n<\/li>\n<\/ul>\n<\/li>\n<\/ul>\n<\/li>\n<li>Nous mettons r\u00e9guli\u00e8rement \u00e0 jour pour vous l&rsquo;installation locale de TIMi dans votre serveur \u00ab\u00a0TIMi cloud\u00a0\u00bb afin que vous disposiez toujours de la derni\u00e8re et meilleure version.\n<\/li>\n<li>Votre serveur \u00ab\u00a0TIMi cloud\u00a0\u00bb est un <strong>serveur MUTUALIS\u00c9<\/strong>. Cela signifie que vous n&rsquo;\u00eates pas seul sur le serveur. Cela signifie \u00e9galement que :\n<ul>\n<li>Nous n&rsquo;offrons aucune garantie sur les ressources CPU, RAM et bande passante r\u00e9seau. Il peut arriver que vous deviez les partager avec les autres utilisateurs.<\/li>\n<li>Vous \u00eates limit\u00e9 \u00e0 un stockage local de <strong>100 GO<\/strong> \u00e0 l&rsquo;int\u00e9rieur du serveur \u00ab\u00a0TIMi cloud\u00a0\u00bb. Cependant, vous n&rsquo;\u00eates soumis \u00e0 aucune limitation quant \u00e0 la quantit\u00e9 de donn\u00e9es que vous pouvez traiter \u00ab\u00a0en continu\u00a0\u00bb avec Anatella. Par exemple, <a href=\"https:\/\/www.g2.com\/products\/zapier\/pricing\">si vous comparez cela \u00e0 un concurrent (Zapier), cela signifie que vous obtenez un nombre illimit\u00e9 de \u00ab\u00a0zaps\u00a0\u00bb<\/a>.<\/li>\n<li>Malgr\u00e9 le fait que nous utilisons des SSD tr\u00e8s robustes, nous n&rsquo;offrons aucune garantie sur nos stockages. Comme c&rsquo;est le cas avec toutes les offres de MUTUALIZED dans le monde, cela signifie que :\n<ul>\n<li>Vous devez faire votre propre sauvegarde de donn\u00e9es.<\/li>\n<li>Nous ne prenons aucune responsabilit\u00e9 en cas de fuite de donn\u00e9es.<\/li>\n<\/ul>\n<\/li>\n<li>Nous surveillons tous les serveurs \u00ab\u00a0TIMi Cloud\u00a0\u00bb pour d\u00e9tecter toute utilisation abusive des ressources. Cela signifie que, si vous utilisez presque tout le temps toutes les ressources du serveur, et que vous ne laissez pratiquement aucune ressource aux autres utilisateurs du serveur, nous nous r\u00e9servons le droit de r\u00e9silier votre contrat.\n<\/li>\n<\/ul>\n<\/li>\n<li>Vous b\u00e9n\u00e9ficiez d&rsquo;un support de niveau 1 (voir <a href=\"https:\/\/timi.eu\/pricing\/#support\">ici<\/a>).\n<\/li>\n<\/ul>\n<h3>Caract\u00e9ristiques mat\u00e9rielles du serveur<\/h3>\n<p>Les caract\u00e9ristiques mat\u00e9rielles de votre serveur \u00ab\u00a0TIMi cloud\u00a0\u00bb sont les suivantes (il s&rsquo;agit d&rsquo;un <a href=\"https:\/\/www.hetzner.com\/dedicated-rootserver\/ax101\" target=\"_blank\" rel=\"noopener\">serveur Hetzner AX101<\/a>) :<\/p>\n<ul>\n<li><strong>CPU<\/strong>: AMD Ryzen 9 5950X avec 16 c\u0153urs et 32 threads. Selon cet <a href=\"https:\/\/timi.eu\/fr\/blog-fr\/news-fr\/quel-est-le-meilleur-processeur-pour-la-data-science\/\" target=\"_blank\" rel=\"noopener\">article de blog sur le site TIMi.eu<\/a>, ce processeur est l&rsquo;un des meilleurs processeurs pour la data science (peut-\u00eatre le meilleur).<\/li>\n<li><strong>Stockage<\/strong> : Vous disposez d&rsquo;un SSD NVMe directement connect\u00e9 \u00e0 la carte m\u00e8re. Cela garantit un acc\u00e8s tr\u00e8s rapide au disque. <span class=\"tooltips \" style=\"\" title=\"La vitesse de lecture est de 3 Go\/Sec :&lt;img decoding=&quot;async&quot; loading=&quot;lazy&quot; class=&quot;alignnone wp-image-18576 size-medium&quot; src=&quot;https:\/\/timi.eu\/wp-content\/uploads\/2022\/08\/performances.png&quot; width=&quot;504&quot; height=&quot;370&quot; srcset=&quot;https:\/\/timi.eu\/wp-content\/uploads\/2022\/08\/performances.png 504w, https:\/\/timi.eu\/wp-content\/uploads\/2022\/08\/performances-300x220.png 300w&quot; sizes=&quot;(max-width: 504px) 100vw, 504px&quot; \/&gt; \">Voici le classique \u00ab\u00a0Crystal Disc benchmark\u00a0\u00bb ex\u00e9cut\u00e9 sur un serveur \u00ab\u00a0TIMi cloud\u00a0\u00bb<\/span>\u00a0 (Ceci est juste indicatif : il s&rsquo;agit d&rsquo;un niveau de performance non contractuel). Vous devez savoir que d&rsquo;autres fournisseurs de cloud vous donnent acc\u00e8s \u00e0 un stockage SSD <em>d\u00e9port\u00e9<\/em> : c&rsquo;est-\u00e0-dire que vous lisez et \u00e9crivez des donn\u00e9es depuis\/vers un SSD qui est physiquement connect\u00e9 \u00e0 une machine distante : Tous les acc\u00e8s aux SSD \u00ab\u00a0passent\u00a0\u00bb par un c\u00e2ble Ethernet qui est g\u00e9n\u00e9ralement limit\u00e9 \u00e0 seulement 100 Mo\/s (au lieu de 3100 Mo\/s dans votre serveur \u00ab\u00a0TIMi cloud\u00a0\u00bb).<\/li>\n<li><strong>M\u00e9moire RAM<\/strong>: 128 GO.<\/li>\n<li><strong>Vitesse de connexion Ethernet <\/strong>: Connexion r\u00e9seau 10 Gigabit non mesur\u00e9e (environ 1GB\/s).<\/li>\n<li><strong>Latence et stabilit\u00e9 de la connexion Internet<\/strong> : Votre serveur \u00ab\u00a0TIMi cloud\u00a0\u00bb est directement connect\u00e9 au plus grand n\u0153ud internet d&rsquo;Europe (c&rsquo;est-\u00e0-dire \u00e0 Falkenstein, en Allemagne). La stabilit\u00e9 de la connexion internet de votre serveur \u00ab\u00a0TIMi cloud\u00a0\u00bb et la faible latence\/haute vitesse de la connexion sont donc garanties. Par exemple, les employ\u00e9s de TIMi en Am\u00e9rique latine (situ\u00e9s \u00e0 Bogota et au P\u00e9rou) utilisent nos serveurs \u00ab\u00a0TIMi cloud\u00a0\u00bb situ\u00e9s au Falkenstein et aucune latence n&rsquo;est perceptible. Vous b\u00e9n\u00e9ficiez d&rsquo;un confort d&rsquo;utilisation maximal.\n<\/li>\n<\/ul>\n<h3>Conformit\u00e9 RGPD et s\u00e9curit\u00e9<\/h3>\n<p>Les deux soci\u00e9t\u00e9s qui g\u00e8rent votre serveur TIMi Cloud sont deux soci\u00e9t\u00e9s 100% europ\u00e9ennes (Hetzner pour le mat\u00e9riel et TIMi SRL pour le logiciel). Cela signifie que vous pouvez stocker dans votre serveur \u00a0\u00bb TIMi cloud \u00a0\u00bb toutes les donn\u00e9es confidentielles des citoyens europ\u00e9ens sans \u00eatre en infraction avec le RGPD.<\/p>\n<p>Votre serveur TIMi Cloud a une adresse IPv4 fixe. Cela signifie que vous pouvez facilement configurer votre pare-feu entre le serveur TIMi et le reste de votre infrastructure, pour une s\u00e9curit\u00e9 maximale.<\/p>\n<h3>Limitations<\/h3>\n<p>Avec vos d\u00e9tails de connexion, un seul utilisateur peut se connecter \u00e0 la fois : Si vous souhaitez que plusieurs utilisateurs se connectent simultan\u00e9ment, vous devez acheter des connexions suppl\u00e9mentaires (pour le prix indiqu\u00e9 ci-dessus). Cependant, une fois connect\u00e9, vous pouvez inviter des \u00ab\u00a0invit\u00e9s\u00a0\u00bb \u00e0 travailler avec vous de mani\u00e8re collaborative (partage de l&rsquo;\u00e9cran, du clavier et de la souris).<\/p>\n<p>Les d\u00e9tails de vos connexions restent valables pendant toute la dur\u00e9e du contrat. Le contrat se renouvelle automatiquement. Allez dans les param\u00e8tres de votre compte pour arr\u00eater le renouvellement automatique. Si vous d\u00e9cidez de mettre fin au contrat, vos donn\u00e9es de connexion seront invalid\u00e9es et nous purgerons toutes vos donn\u00e9es et fichiers de nos serveurs.<\/p>\n<p>Vous n&rsquo;avez aucune limitation dans la mani\u00e8re d&rsquo;exploiter les r\u00e9sultats produits par la TIMi : Vous pouvez utiliser les r\u00e9sultats obtenus (mod\u00e8les pr\u00e9dictifs, kpi, etc.) comme bon vous semble (tant que vous respectez l&rsquo;<a href=\"http:\/\/download.timi.eu\/docs\/TIMi_EULA_CLUF.pdf\">accord EULA<\/a>) standard). Ces r\u00e9sultats vous appartiennent \u00e0 100%. Les graphiques de transformation des donn\u00e9es que vous avez cr\u00e9\u00e9s avec Anatella peuvent \u00eatre stock\u00e9s sur nos serveurs mais ils vous appartiennent \u00e9galement \u00e0 100%.<\/p>\n","protected":false},"excerpt":{"rendered":"<p>Anatella pleine vitesse et toutes fonctions<br \/>Mat\u00e9riel : Serveur AX101<br \/>Stockage : 100 GO<\/p>","protected":false},"featured_media":18668,"comment_status":"open","ping_status":"closed","template":"","meta":[],"product_cat":[964],"product_tag":[982,967],"_links":{"self":[{"href":"https:\/\/timi.eu\/fr\/wp-json\/wp\/v2\/product\/18844"}],"collection":[{"href":"https:\/\/timi.eu\/fr\/wp-json\/wp\/v2\/product"}],"about":[{"href":"https:\/\/timi.eu\/fr\/wp-json\/wp\/v2\/types\/product"}],"replies":[{"embeddable":true,"href":"https:\/\/timi.eu\/fr\/wp-json\/wp\/v2\/comments?post=18844"}],"wp:featuredmedia":[{"embeddable":true,"href":"https:\/\/timi.eu\/fr\/wp-json\/wp\/v2\/media\/18668"}],"wp:attachment":[{"href":"https:\/\/timi.eu\/fr\/wp-json\/wp\/v2\/media?parent=18844"}],"wp:term":[{"taxonomy":"product_cat","embeddable":true,"href":"https:\/\/timi.eu\/fr\/wp-json\/wp\/v2\/product_cat?post=18844"},{"taxonomy":"product_tag","embeddable":true,"href":"https:\/\/timi.eu\/fr\/wp-json\/wp\/v2\/product_tag?post=18844"}],"curies":[{"name":"wp","href":"https:\/\/api.w.org\/{rel}","templated":true}]}}