{"id":17284,"date":"2022-01-31T15:02:04","date_gmt":"2022-01-31T15:02:04","guid":{"rendered":"https:\/\/timi.eu\/?page_id=17284"},"modified":"2025-09-12T12:44:21","modified_gmt":"2025-09-12T12:44:21","slug":"culture-analytique","status":"publish","type":"page","link":"https:\/\/timi.eu\/fr\/solutions\/culture-analytique\/","title":{"rendered":"Boostez la culture analytique dans votre entreprise"},"content":{"rendered":"<div class=\"row  \" ><div class=\"container\"><div class=\"row row-edge\">\n<div class=\"col-xs-12 col-sm-12 col-md-12 col-lg-12 pageswitcher\">\n\n<div\n\t class=\"wpml-ls-statics-shortcode_actions wpml-ls wpml-ls-legacy-dropdown js-wpml-ls-legacy-dropdown\">\n\t<ul>\n\n\t\t<li tabindex=\"0\" class=\"wpml-ls-slot-shortcode_actions wpml-ls-item wpml-ls-item-fr wpml-ls-current-language wpml-ls-item-legacy-dropdown\">\n\t\t\t<a href=\"#\" class=\"js-wpml-ls-item-toggle wpml-ls-item-toggle\">\n                                                    <img\n            class=\"wpml-ls-flag\"\n            src=\"https:\/\/timi.eu\/wp-content\/plugins\/sitepress-multilingual-cms\/res\/flags\/fr.png\"\n            alt=\"\"\n            width=18\n            height=12\n    \/><span class=\"wpml-ls-native\">Fran\u00e7ais<\/span><\/a>\n\n\t\t\t<ul class=\"wpml-ls-sub-menu\">\n\t\t\t\t\n\t\t\t\t\t<li class=\"wpml-ls-slot-shortcode_actions wpml-ls-item wpml-ls-item-en wpml-ls-first-item\">\n\t\t\t\t\t\t<a href=\"https:\/\/timi.eu\" class=\"wpml-ls-link\">\n                                                                <img\n            class=\"wpml-ls-flag\"\n            src=\"https:\/\/timi.eu\/wp-content\/plugins\/sitepress-multilingual-cms\/res\/flags\/en.png\"\n            alt=\"\"\n            width=18\n            height=12\n    \/><span class=\"wpml-ls-display\">Anglais<\/span><\/a>\n\t\t\t\t\t<\/li>\n\n\t\t\t\t\n\t\t\t\t\t<li class=\"wpml-ls-slot-shortcode_actions wpml-ls-item wpml-ls-item-es\">\n\t\t\t\t\t\t<a href=\"https:\/\/timi.eu\/es\/\" class=\"wpml-ls-link\">\n                                                                <img\n            class=\"wpml-ls-flag\"\n            src=\"https:\/\/timi.eu\/wp-content\/plugins\/sitepress-multilingual-cms\/res\/flags\/es.png\"\n            alt=\"\"\n            width=18\n            height=12\n    \/><span class=\"wpml-ls-display\">Espagnol<\/span><\/a>\n\t\t\t\t\t<\/li>\n\n\t\t\t\t\n\t\t\t\t\t<li class=\"wpml-ls-slot-shortcode_actions wpml-ls-item wpml-ls-item-nl\">\n\t\t\t\t\t\t<a href=\"https:\/\/timi.eu\/nl\/\" class=\"wpml-ls-link\">\n                                                                <img\n            class=\"wpml-ls-flag\"\n            src=\"https:\/\/timi.eu\/wp-content\/plugins\/sitepress-multilingual-cms\/res\/flags\/nl.png\"\n            alt=\"\"\n            width=18\n            height=12\n    \/><span class=\"wpml-ls-display\">N\u00e9erlandais<\/span><\/a>\n\t\t\t\t\t<\/li>\n\n\t\t\t\t\n\t\t\t\t\t<li class=\"wpml-ls-slot-shortcode_actions wpml-ls-item wpml-ls-item-ru wpml-ls-last-item\">\n\t\t\t\t\t\t<a href=\"https:\/\/timi.eu\/ru\/\" class=\"wpml-ls-link\">\n                                                                <img\n            class=\"wpml-ls-flag\"\n            src=\"https:\/\/timi.eu\/wp-content\/plugins\/sitepress-multilingual-cms\/res\/flags\/ru.png\"\n            alt=\"\"\n            width=18\n            height=12\n    \/><span class=\"wpml-ls-display\">Russe<\/span><\/a>\n\t\t\t\t\t<\/li>\n\n\t\t\t\t\t\t\t<\/ul>\n\n\t\t<\/li>\n\n\t<\/ul>\n<\/div>\n\n<\/div>\n<\/div><\/div><\/div>\n<div class=\"row custom-parallax-01 \" ><div class=\"cherry-box   box-264\"><div class=\"inner\"><div class=\"container\"><div class=\"row row-edge\">\n<div class=\"col-xs-12 col-sm-12 col-md-6 col-lg-6 custom-parallax-text\">\n<div class=\"cherry-spacer   hidden-xs hidden-sm\" style=\"height:75px;\"><\/div><div class=\"cherry-spacer   visible-sm-block\" style=\"height:50px;\"><\/div><div class=\"cherry-spacer   visible-xs-block\" style=\"height:50px;\"><\/div>\n<h2 style=\"text-align: center;\"><strong>BOOSTEZ<\/strong><br \/>\n<span style=\"color: #11afbe; font-weight: 500;\">LA CULTURE ANALYTIQUE<\/span><\/h2>\n<p style=\"text-align: center; color: #000;\">Il existe un moyen pour garantir le succ\u00e8s de vos initiatives analytiques : il faut permettre \u00e0 votre entreprise de d\u00e9velopper une culture analytique. La culture analytique est bas\u00e9e sur une id\u00e9e simple : \u00ab <em>Les personnes qui comprennent le probl\u00e8me \u00e0 r\u00e9soudre doivent \u00eatre celles qui le r\u00e9solve <\/em>\u00bb. C\u2019est une id\u00e9e simple mais qui n\u00e9cessite, pour pouvoir \u00eatre adopt\u00e9e, l\u2019emploi d\u2019un<br \/>\noutil analytique qui offre les 5 \u00e9l\u00e9ments cl\u00e9s,<br \/>\nles 5 pr\u00e9-requis, repris ci-dessous.<\/p>\n<div class=\"cherry-spacer   hidden-xs hidden-sm\" style=\"height:100px;\"><\/div><div class=\"cherry-spacer   visible-sm-block\" style=\"height:50px;\"><\/div><div class=\"cherry-spacer   visible-xs-block\" style=\"height:50px;\"><\/div>\n<\/div>\n<div class=\"col-xs-12 col-sm-12 col-md-6 col-lg-6 custom-parallax-text\">\n<div class=\"cherry-spacer   hidden-xs hidden-sm\" style=\"height:150px;\"><\/div><div class=\"cherry-spacer   visible-sm-block\" style=\"height:0px;\"><\/div><div class=\"cherry-spacer   visible-xs-block\" style=\"height:0px;\"><\/div>\n<div class=\"video-container\"><iframe title=\"Boost analytical culture in your company\" src=\"https:\/\/www.youtube-nocookie.com\/embed\/09CMb63myZY\" allowfullscreen=\"allowfullscreen\" frameborder=\"0\" refererpolicy=\"cross-origin-with-strict-origin\"><\/iframe><\/div>\n<div class=\"cherry-spacer   hidden-xs hidden-sm\" style=\"height:100px;\"><\/div><div class=\"cherry-spacer   visible-sm-block\" style=\"height:100px;\"><\/div><div class=\"cherry-spacer   visible-xs-block\" style=\"height:50px;\"><\/div>\n<\/div>\n<\/div><\/div><\/div><\/div><\/div>\n<div class=\"row custom-parallax-01 \" ><section class=\"parallax-box image-parallax-box \" style=\"min-height: 300px\"><div class=\"parallax-content\"><div class=\"container\"><div class=\"row row-edge\">\n<div class=\"col-xs-12 col-sm-12 col-md-6 col-lg-6 custom-parallax-text\">\n<\/div>\n<div class=\"col-xs-12 col-sm-12 col-md-6 col-lg-6 custom-parallax-text\">\n<div class=\"cherry-spacer   hidden-xs hidden-sm\" style=\"height:120px;\"><\/div><div class=\"cherry-spacer   visible-sm-block\" style=\"height:120px;\"><\/div><div class=\"cherry-spacer   visible-xs-block\" style=\"height:60px;\"><\/div>\n<h2 style=\"text-align: center;\"><strong>1. UNE APPROCHE<\/strong><br \/>\n<span style=\"color: #11afbe; font-weight: 500;\">IT\u00c9RATIVE<\/span><\/h2>\n<p style=\"text-align: center; color: #000;\">En permettant d\u2019it\u00e9rer facilement et rapidement, TIMi garantit une am\u00e9lioration continue de tous les processus au sein de l\u2019entreprise. A chaque it\u00e9ration les r\u00e9sultats et les questions s\u2019am\u00e9liorent pour d\u00e9livrer de plus en plus de valeur et de connaissance pour l\u2019entreprise.<\/p>\n<div class=\"aligncenter custom-button-1 -wrapper\"><a class=\"cherry-btn cherry-btn-primary cherry-btn-large cherry-btn-inline cherry-btn-fade custom-button-1  button-176\" target=\"_self\" href=\"\/timi\/anatella\/metadatafree\/\">Plus d'infos (anglais)<\/a><\/div>\n<div class=\"cherry-spacer   hidden-xs hidden-sm\" style=\"height:120px;\"><\/div><div class=\"cherry-spacer   visible-sm-block\" style=\"height:120px;\"><\/div><div class=\"cherry-spacer   visible-xs-block\" style=\"height:60px;\"><\/div>\n<\/div>\n<\/div><\/div><div class=\"clear\"><\/div><\/div><div class=\"parallax-bg\" data-parallax-type=\"image\" data-img-url=\"\/wp-content\/uploads\/2022\/02\/picture_2e.png\" data-speed=\"1.5\" data-invert=\"\" ><\/div><\/section><\/div>\n<div class=\"row custom-parallax-01 \" ><div class=\"cherry-box   box-820\"><div class=\"inner\"><div class=\"container\"><div class=\"row row-edge\">\n<div class=\"col-xs-12 col-sm-12 col-md-6 col-lg-6 custom-parallax-text\">\n<div class=\"cherry-spacer   hidden-xs hidden-sm\" style=\"height:75px;\"><\/div><div class=\"cherry-spacer   visible-sm-block\" style=\"height:50px;\"><\/div><div class=\"cherry-spacer   visible-xs-block\" style=\"height:50px;\"><\/div>\n<h2 style=\"text-align: center;\"><strong>2. UN OUTIL<\/strong><br \/>\n<span style=\"color: #11afbe; font-weight: 500;\">EN SELF-SERVICE<\/span><\/h2>\n<p style=\"text-align: center; color: #000;\">Gr\u00e2ce \u00e0 son interface en \u00ab self-service \u00bb sans code, TIMi permet \u00e0 chaque intervenant d\u2019apporter son expertise dans le processus de data pr\u00e9paration. Les stakeholders et les business analystes peuvent ainsi faire partie int\u00e9grante du processus de r\u00e9solution du probl\u00e8me analytique.<\/p>\n<div class=\"aligncenter custom-button-1 -wrapper\"><a class=\"cherry-btn cherry-btn-primary cherry-btn-large cherry-btn-inline cherry-btn-fade custom-button-1  button-973\" target=\"_self\" href=\"\/fr\/timi\/ethique\/#divas\">Plus d'infos<\/a><\/div>\n<div class=\"cherry-spacer   hidden-xs hidden-sm\" style=\"height:100px;\"><\/div><div class=\"cherry-spacer   visible-sm-block\" style=\"height:50px;\"><\/div><div class=\"cherry-spacer   visible-xs-block\" style=\"height:50px;\"><\/div>\n<\/div>\n<\/div><\/div><\/div><\/div><\/div>\n<div class=\"row custom-parallax-01 \" ><section class=\"parallax-box image-parallax-box \" style=\"min-height: 300px\"><div class=\"parallax-content\"><div class=\"container\"><div class=\"row row-edge\">\n<div class=\"col-xs-12 col-sm-12 col-md-6 col-lg-6 custom-parallax-text\">\n<\/div>\n<div class=\"col-xs-12 col-sm-12 col-md-6 col-lg-6 custom-parallax-text\">\n<div class=\"cherry-spacer   hidden-xs hidden-sm\" style=\"height:120px;\"><\/div><div class=\"cherry-spacer   visible-sm-block\" style=\"height:120px;\"><\/div><div class=\"cherry-spacer   visible-xs-block\" style=\"height:60px;\"><\/div>\n<h2 style=\"text-align: center;\"><strong>3. UN OUTIL<\/strong><br \/>\n<span style=\"color: #11afbe; font-weight: 500;\">F\u00c9D\u00c9RATEUR ET INCLUSIF<\/span><\/h2>\n<p style=\"text-align: center; color: #000;\">Gr\u00e2ce \u00e0 un syst\u00e8me unique bas\u00e9 sur des couches d\u2019abstraction, les utilisateurs \u00ab m\u00e9tiers \u00bb peuvent facilement collaborer avec les utilisateurs les plus techniquement avanc\u00e9s (codeurs en R, Python &amp; JS) afin de r\u00e9soudre le probl\u00e8me business en cours. Ainsi, tous les acteurs impliqu\u00e9s dans l\u2019analyse des donn\u00e9es travaillent ensemble pour produire une r\u00e9elle valeur pour votre entreprise.<\/p>\n<div class=\"aligncenter custom-button-1 -wrapper\"><a class=\"cherry-btn cherry-btn-primary cherry-btn-large cherry-btn-inline cherry-btn-fade custom-button-1  button-116\" target=\"_self\" href=\"\/timi\/anatella\/abstraction-layer\/\">Plus d'infos (anglais)<\/a><\/div>\n<div class=\"cherry-spacer   hidden-xs hidden-sm\" style=\"height:120px;\"><\/div><div class=\"cherry-spacer   visible-sm-block\" style=\"height:120px;\"><\/div><div class=\"cherry-spacer   visible-xs-block\" style=\"height:60px;\"><\/div>\n<\/div>\n<\/div><\/div><div class=\"clear\"><\/div><\/div><div class=\"parallax-bg\" data-parallax-type=\"image\" data-img-url=\"\/wp-content\/uploads\/2022\/02\/picture_4b.png\" data-speed=\"1.5\" data-invert=\"\" ><\/div><\/section><\/div>\n<div class=\"row custom-parallax-01 \" ><div class=\"cherry-box   box-809\"><div class=\"inner\"><div class=\"container\"><div class=\"row row-edge\">\n<div class=\"col-xs-12 col-sm-12 col-md-6 col-lg-6 custom-parallax-text\">\n<div class=\"cherry-spacer   hidden-xs hidden-sm\" style=\"height:75px;\"><\/div><div class=\"cherry-spacer   visible-sm-block\" style=\"height:50px;\"><\/div><div class=\"cherry-spacer   visible-xs-block\" style=\"height:50px;\"><\/div>\n<h2 style=\"text-align: center;\"><strong>4. UN OUTIL<\/strong><br \/>\n<span style=\"color: #11afbe; font-weight: 500;\">FACILE \u00c0 AUTOMATISER<\/span><\/h2>\n<p style=\"text-align: center; color: #000;\">D\u00e9ployez en production tous vos processus en seulement 4 clics de souris. Anatella offre une automatisation robuste de tous vos processus. Vous manipulez avec confiance des tables de centaines de milliards de lignes. Anatella est enti\u00e8rement compatible avec le scheduler gratuit Jenkins (ou tout autre scheduler), ce qui permet de g\u00e9rer absolument toutes les situations de scheduling possible.<\/p>\n<div class=\"aligncenter custom-button-1 -wrapper\"><a class=\"cherry-btn cherry-btn-primary cherry-btn-large cherry-btn-inline cherry-btn-fade custom-button-1  button-588\" target=\"_self\" href=\"https:\/\/youtu.be\/FjIGV2LkcHo&#038;list=PL4qkG0nrZkJ2BqY6XwVBQmDXGKA5CtT0E&#038;index=2\">Plus d'infos (anglais)<\/a><\/div>\n<div class=\"cherry-spacer   hidden-xs hidden-sm\" style=\"height:100px;\"><\/div><div class=\"cherry-spacer   visible-sm-block\" style=\"height:50px;\"><\/div><div class=\"cherry-spacer   visible-xs-block\" style=\"height:50px;\"><\/div>\n<\/div>\n<\/div><\/div><\/div><\/div><\/div>\n<div class=\"row custom-parallax-01 \" ><section class=\"parallax-box image-parallax-box \" style=\"min-height: 300px\"><div class=\"parallax-content\"><div class=\"container\"><div class=\"row row-edge\">\n<div class=\"col-xs-12 col-sm-12 col-md-6 col-lg-6 custom-parallax-text\">\n<\/div>\n<div class=\"col-xs-12 col-sm-12 col-md-6 col-lg-6 custom-parallax-text\">\n<div class=\"cherry-spacer   hidden-xs hidden-sm\" style=\"height:120px;\"><\/div><div class=\"cherry-spacer   visible-sm-block\" style=\"height:120px;\"><\/div><div class=\"cherry-spacer   visible-xs-block\" style=\"height:60px;\"><\/div>\n<h2 style=\"text-align: center;\"><strong>5. UN OUTIL<\/strong><br \/>\n<span style=\"color: #11afbe; font-weight: 500;\">SANS CO\u00dbT VARIABLE<\/span><\/h2>\n<p style=\"text-align: center; color: #000;\">Les co\u00fbts variables ont un effet pervers : ils ont pour effet de p\u00e9naliser, r\u00e9primander, d\u00e9courager et finalement emp\u00eacher vos meilleurs \u00e9l\u00e9ments de travailler. Encouragez vos data scientistes les plus motiv\u00e9s en leur offrant une solution sans co\u00fbts variables. De plus, avec Anatella, vos co\u00fbts d\u2019infrastructure sont fixes et r\u00e9duits car Anatella est capable d\u2019absorber pratiquement n\u2019importe quelle charge de calcul et n\u2019importe quelle volum\u00e9trie sur une toute petite infrastructure.<\/p>\n<div class=\"aligncenter custom-button-1 -wrapper\"><a class=\"cherry-btn cherry-btn-primary cherry-btn-large cherry-btn-inline cherry-btn-fade custom-button-1  button-958\" target=\"_self\" href=\"\/fr\/timi\/ethique\/#autonomous\">Plus d'infos<\/a><\/div>\n<div class=\"cherry-spacer   hidden-xs hidden-sm\" style=\"height:120px;\"><\/div><div class=\"cherry-spacer   visible-sm-block\" style=\"height:120px;\"><\/div><div class=\"cherry-spacer   visible-xs-block\" style=\"height:60px;\"><\/div>\n<\/div>\n<\/div><\/div><div class=\"clear\"><\/div><\/div><div class=\"parallax-bg\" data-parallax-type=\"image\" data-img-url=\"\/wp-content\/uploads\/2022\/02\/picture_6b.png\" data-speed=\"1.5\" data-invert=\"\" ><\/div><\/section><\/div>\n<div class=\"row custom-parallax-01 \" ><div class=\"cherry-box   box-919\"><div class=\"inner\"><div class=\"container\"><div class=\"row row-edge\">\n<div class=\"col-xs-12 col-sm-12 col-md-6 col-lg-6 custom-parallax-text\">\n<div class=\"cherry-spacer   hidden-xs hidden-sm\" style=\"height:75px;\"><\/div><div class=\"cherry-spacer   visible-sm-block\" style=\"height:50px;\"><\/div><div class=\"cherry-spacer   visible-xs-block\" style=\"height:50px;\"><\/div>\n<h2 style=\"text-align: center;\"><strong>VOIR VOS PROJETS<\/strong> <span style=\"color: #11afbe; font-weight: 500;\">ABOUTIR<\/span><\/h2>\n<p style=\"text-align: center; color: #000;\">Vous connaissez maintenant les 5 points cl\u00e9s qui vous permettent de d\u00e9velopper une culture analytique et de voir vos projets analytiques aboutir.<\/p>\n<p style=\"text-align: center; color: #000;\">L\u2019id\u00e9e derri\u00e8re la culture analytique est simple mais elle n\u2019est pratiquement jamais mise en \u0153uvre car les 5 pr\u00e9requis n\u00e9cessaires ne sont pratiquement jamais disponibles en soci\u00e9t\u00e9. Il n\u2019existe actuellement qu\u2019une seule est unique solution de data science qui r\u00e9ponde \u00e0 ces 5 pr\u00e9requis : TIMi.<\/p>\n<div class=\"cherry-spacer   hidden-xs hidden-sm\" style=\"height:100px;\"><\/div><div class=\"cherry-spacer   visible-sm-block\" style=\"height:100px;\"><\/div><div class=\"cherry-spacer   visible-xs-block\" style=\"height:50px;\"><\/div>\n<\/div>\n<\/div><\/div><\/div><\/div><\/div>\n<div class=\"row custom-parallax-01 \" ><div class=\"container\"><div class=\"row row-edge\">\n<div class=\"col-xs-12 col-sm-12 col-md-12 col-lg-12 custom-parallax-text\">\n<div class=\"cherry-spacer   hidden-xs hidden-sm\" style=\"height:100px;\"><\/div><div class=\"cherry-spacer   visible-sm-block\" style=\"height:100px;\"><\/div><div class=\"cherry-spacer   visible-xs-block\" style=\"height:60px;\"><\/div>\n<h2 style=\"text-align: center;\"><strong>LANCEZ-VOUS !<\/strong><\/h2>\n<p style=\"text-align: center; color: #000;\">Il ne vous reste plus maintenant qu\u2019\u00e0 faire le pas et rejoindre les centaines<br \/>\nde soci\u00e9t\u00e9s qui innovent \u00e0 travers l\u2019analytique gr\u00e2ce \u00e0 TIMi.<\/p>\n<p style=\"text-align: center; color: #000;\"> G\u00e9n\u00e9ralement, 2 mois sont suffisant pour comprendre tout ce qu\u2019un outil analytique g\u00e9nialissime<br \/>\ncomme TIMi peut vous offrir. Mais, comme chaque soci\u00e9t\u00e9 aborde l\u2019analytique de mani\u00e8re diff\u00e9rente,<br \/>\nvotre p\u00e9riode d\u2019essai gratuite de TIMi est flexible pour s\u2019adapter \u00e0 votre fa\u00e7on de travailler.<\/p>\n<div style=\"text-align:center;\">\n<a class=\"cherry-btn cherry-btn-primary cherry-btn-large cherry-btn-inline cherry-btn-fade custom-button-1 bottombtn  button-723\" target=\"_self\" href=\"\/fr\/downloads\/\">Lancez-vous ! T\u00e9l\u00e9charger TIMi !<\/a>\n<a class=\"cherry-btn cherry-btn-primary cherry-btn-large cherry-btn-inline cherry-btn-fade custom-button-1  button-206\" target=\"_self\" href=\"\/fr\/blog-fr\/booster-la-culture-analytique-au-sein-de-votre-entreprise\/\">En savoir plus sur la Culture Analytique dans notre Blog<\/a><\/div>\n<div class=\"cherry-spacer   hidden-xs hidden-sm\" style=\"height:100px;\"><\/div><div class=\"cherry-spacer   visible-sm-block\" style=\"height:100px;\"><\/div><div class=\"cherry-spacer   visible-xs-block\" style=\"height:60px;\"><\/div>\n<\/div>\n<\/div><\/div><\/div>\n","protected":false},"excerpt":{"rendered":"","protected":false},"author":1,"featured_media":0,"parent":10379,"menu_order":0,"comment_status":"closed","ping_status":"closed","template":"","meta":[],"_links":{"self":[{"href":"https:\/\/timi.eu\/fr\/wp-json\/wp\/v2\/pages\/17284"}],"collection":[{"href":"https:\/\/timi.eu\/fr\/wp-json\/wp\/v2\/pages"}],"about":[{"href":"https:\/\/timi.eu\/fr\/wp-json\/wp\/v2\/types\/page"}],"author":[{"embeddable":true,"href":"https:\/\/timi.eu\/fr\/wp-json\/wp\/v2\/users\/1"}],"replies":[{"embeddable":true,"href":"https:\/\/timi.eu\/fr\/wp-json\/wp\/v2\/comments?post=17284"}],"version-history":[{"count":60,"href":"https:\/\/timi.eu\/fr\/wp-json\/wp\/v2\/pages\/17284\/revisions"}],"predecessor-version":[{"id":21552,"href":"https:\/\/timi.eu\/fr\/wp-json\/wp\/v2\/pages\/17284\/revisions\/21552"}],"up":[{"embeddable":true,"href":"https:\/\/timi.eu\/fr\/wp-json\/wp\/v2\/pages\/10379"}],"wp:attachment":[{"href":"https:\/\/timi.eu\/fr\/wp-json\/wp\/v2\/media?parent=17284"}],"curies":[{"name":"wp","href":"https:\/\/api.w.org\/{rel}","templated":true}]}}