{"id":10463,"date":"2020-06-07T20:40:28","date_gmt":"2020-06-07T20:40:28","guid":{"rendered":"http:\/\/timi.eu\/?page_id=10463"},"modified":"2021-05-07T13:48:09","modified_gmt":"2021-05-07T13:48:09","slug":"linfrastructure-timi","status":"publish","type":"page","link":"https:\/\/timi.eu\/fr\/timi\/linfrastructure-timi\/","title":{"rendered":"L&rsquo;Infrastructure TIMi"},"content":{"rendered":"<div class=\"row  \" ><div class=\"container\"><div class=\"row row-edge\">\n<div class=\"col-xs-12 col-sm-12 col-md-12 col-lg-12 pageswitcher\">\n\n<div\n\t class=\"wpml-ls-statics-shortcode_actions wpml-ls wpml-ls-legacy-dropdown js-wpml-ls-legacy-dropdown\">\n\t<ul>\n\n\t\t<li tabindex=\"0\" class=\"wpml-ls-slot-shortcode_actions wpml-ls-item wpml-ls-item-fr wpml-ls-current-language wpml-ls-item-legacy-dropdown\">\n\t\t\t<a href=\"#\" class=\"js-wpml-ls-item-toggle wpml-ls-item-toggle\">\n                                                    <img\n            class=\"wpml-ls-flag\"\n            src=\"https:\/\/timi.eu\/wp-content\/plugins\/sitepress-multilingual-cms\/res\/flags\/fr.png\"\n            alt=\"\"\n            width=18\n            height=12\n    \/><span class=\"wpml-ls-native\">Fran\u00e7ais<\/span><\/a>\n\n\t\t\t<ul class=\"wpml-ls-sub-menu\">\n\t\t\t\t\n\t\t\t\t\t<li class=\"wpml-ls-slot-shortcode_actions wpml-ls-item wpml-ls-item-en wpml-ls-first-item\">\n\t\t\t\t\t\t<a href=\"https:\/\/timi.eu\" class=\"wpml-ls-link\">\n                                                                <img\n            class=\"wpml-ls-flag\"\n            src=\"https:\/\/timi.eu\/wp-content\/plugins\/sitepress-multilingual-cms\/res\/flags\/en.png\"\n            alt=\"\"\n            width=18\n            height=12\n    \/><span class=\"wpml-ls-display\">Anglais<\/span><\/a>\n\t\t\t\t\t<\/li>\n\n\t\t\t\t\n\t\t\t\t\t<li class=\"wpml-ls-slot-shortcode_actions wpml-ls-item wpml-ls-item-es\">\n\t\t\t\t\t\t<a href=\"https:\/\/timi.eu\/es\/\" class=\"wpml-ls-link\">\n                                                                <img\n            class=\"wpml-ls-flag\"\n            src=\"https:\/\/timi.eu\/wp-content\/plugins\/sitepress-multilingual-cms\/res\/flags\/es.png\"\n            alt=\"\"\n            width=18\n            height=12\n    \/><span class=\"wpml-ls-display\">Espagnol<\/span><\/a>\n\t\t\t\t\t<\/li>\n\n\t\t\t\t\n\t\t\t\t\t<li class=\"wpml-ls-slot-shortcode_actions wpml-ls-item wpml-ls-item-nl\">\n\t\t\t\t\t\t<a href=\"https:\/\/timi.eu\/nl\/\" class=\"wpml-ls-link\">\n                                                                <img\n            class=\"wpml-ls-flag\"\n            src=\"https:\/\/timi.eu\/wp-content\/plugins\/sitepress-multilingual-cms\/res\/flags\/nl.png\"\n            alt=\"\"\n            width=18\n            height=12\n    \/><span class=\"wpml-ls-display\">N\u00e9erlandais<\/span><\/a>\n\t\t\t\t\t<\/li>\n\n\t\t\t\t\n\t\t\t\t\t<li class=\"wpml-ls-slot-shortcode_actions wpml-ls-item wpml-ls-item-ru wpml-ls-last-item\">\n\t\t\t\t\t\t<a href=\"https:\/\/timi.eu\/ru\/\" class=\"wpml-ls-link\">\n                                                                <img\n            class=\"wpml-ls-flag\"\n            src=\"https:\/\/timi.eu\/wp-content\/plugins\/sitepress-multilingual-cms\/res\/flags\/ru.png\"\n            alt=\"\"\n            width=18\n            height=12\n    \/><span class=\"wpml-ls-display\">Russe<\/span><\/a>\n\t\t\t\t\t<\/li>\n\n\t\t\t\t\t\t\t<\/ul>\n\n\t\t<\/li>\n\n\t<\/ul>\n<\/div>\n\n<\/div>\n<\/div><\/div><\/div>\n<h1>Une infrastructure simplifi\u00e9e<\/h1>\n<p>Gr\u00e2ce \u00e0 une infrastructure logicielle novatrice et unique, TIMi est optimis\u00e9 pour vous offrir :<\/p>\n<ol>\n<li>La plus grande fiabilit\u00e9 (pour d\u00e9ployer en toute s\u00e9curit\u00e9 toutes vos solutions analytiques en production)<\/li>\n<li>L\u2019\u00e9volutivit\u00e9 horizontale (horizontal scalability) la plus \u00e9lev\u00e9e (par exemple, <a href=\"\/blog\/cloud\">un temps incompressible proche de z\u00e9ro)<\/a>)<\/li>\n<li>Le \u00ab terrain de jeu \u00bb ultime, pour que vos data scientists puissent s\u2019amuser \u00e0 explorer vos donn\u00e9es et tester toutes leurs id\u00e9es. L\u2019incroyable <a href=\"\/fr\/timi\/rapide\/\">puissance de calcul<\/a> offerte par TIMi permet de tester les id\u00e9es les plus originales !<\/li>\n<\/ol>\n<p>Avec TIMi, pas de temps d\u2019arr\u00eat, vous vous amusez avec vos donn\u00e9es toute la journ\u00e9e ! Ce n\u2019est m\u00eame plus du travail ! \ud83d\ude09<br \/>\n<a name=\"phases\"><\/a><\/p>\n<h1 style=\"margin-top: 40px;\">Caract\u00e9ristiques d\u2019un projet de type \u00ab\u00a0Advanced Analytics\u00a0\u00bb<\/h1>\n<p>Toutes les architectures\/infrastructures con\u00e7ues pour r\u00e9soudre des probl\u00e8mes de type \u00ab\u00a0Advanced Analytics\u00a0\u00bb doivent tenir compte du fait que tous les projets \u00ab\u00a0Advanced Analytics\u00a0\u00bb comportent toujours deux phases :<\/p>\n<ol>\n<li><strong><u><em>La phase d&rsquo;exploration<\/em><br \/>\n<\/u><\/strong><br \/>\nL\u2019objectif de la phase d\u2019exploration est de cr\u00e9er de nouveaux r\u00e9sultats (un nouveau KPI, un nouveau mod\u00e8le pr\u00e9dictif\u2026) gr\u00e2ce \u00e0 une analyse de donn\u00e9es originale. Pendant cette phase, les analystes\/data scientists ex\u00e9cutent des transformations de donn\u00e9es tr\u00e8s lourdes et des calculs tr\u00e8s complexes \u00e0 la recherche de \u00ab la poule aux \u0153ufs d\u2019or \u00bb.<\/p>\n<p>Dans le cadre d\u2019une infrastructure standard o\u00f9 tous les calculs sont \u00ab\u00a0centralis\u00e9s\u00a0\u00bb sur une base de donn\u00e9es centrale (ou sur un cluster central), ces lourdes transformations de donn\u00e9es perturbent le travail des autres analystes. Pire encore, elles peuvent mettre en p\u00e9ril la stabilit\u00e9 globale du syst\u00e8me informatique de l\u2019entreprise ; c\u2019est pourquoi, dans la plupart des entreprises, les Data Scientistes ne sont pas les \u00ab\u00a0amis\u00a0\u00bb des services informatiques !<\/p>\n<p>Les caract\u00e9ristiques de la phase d\u2019exploration :<\/p>\n<ul>\n<li>Dans le meilleur des cas, si un calcul \u00ab\u00a0lourd\u00a0\u00bb \u00e9choue (par exemple \u00e0 cause d\u2019un mauvais param\u00e9trage), vous avez juste perdu un peu de temps. Dans le pire des cas, vous avez endommag\u00e9 vos processus op\u00e9rationnels.<\/li>\n<li>La dur\u00e9e de la \u00ab\u00a0phase d\u2019exploration\u00a0\u00bb est g\u00e9n\u00e9ralement de quelques heures \u00e0 quelques semaines.<\/li>\n<\/ul>\n<\/li>\n<li style=\"margin-top: 30px;\"><strong><u><em>La phase de production<\/em><br \/>\n<\/u><\/strong><br \/>\nLa phase de production vient apr\u00e8s la phase d\u2019exploration et dure habituellement plusieurs ann\u00e9es. Il n\u2019y a g\u00e9n\u00e9ralement pas de calculs \u00ab\u00a0lourds\u00a0\u00bb pendant la phase de production car ils ont \u00e9t\u00e9 correctement param\u00e9tr\u00e9s durant la phase d\u2019exploration. La principale pr\u00e9occupation de la phase de production est la stabilit\u00e9 : tous les processus doivent se d\u00e9rouler sans heurts et sans jamais \u00e9chouer.<\/li>\n<\/ol>\n<p>&nbsp;<\/p>\n<h1>Deux infrastructures hardware optimales pour la r\u00e9solution de votre projet de type \u00ab\u00a0Advanced Analytics\u00a0\u00bb<\/h1>\n<h2>1. Infrastructure minimale<\/h2>\n<figure id=\"attachment_4772\" aria-describedby=\"caption-attachment-4772\" style=\"width: 600px\" class=\"wp-caption aligncenter\"><img decoding=\"async\" loading=\"lazy\" class=\"wp-image-4772\" src=\"\/wp-content\/uploads\/2018\/12\/2018-12-18_161158.png\" alt=\"L\u2019infrastructure TIMi minimale\" width=\"600\" height=\"380\" srcset=\"https:\/\/timi.eu\/wp-content\/uploads\/2018\/12\/2018-12-18_161158.png 953w, https:\/\/timi.eu\/wp-content\/uploads\/2018\/12\/2018-12-18_161158-600x380.png 600w, https:\/\/timi.eu\/wp-content\/uploads\/2018\/12\/2018-12-18_161158-300x190.png 300w, https:\/\/timi.eu\/wp-content\/uploads\/2018\/12\/2018-12-18_161158-768x486.png 768w\" sizes=\"(max-width: 600px) 100vw, 600px\" \/><figcaption id=\"caption-attachment-4772\" class=\"wp-caption-text\">L\u2019infrastructure TIMi minimale<\/figcaption><\/figure>\n<p>Cette infrastructure minimale contient un serveur de production (pour votre data lake et vos scripts analytiques en production) et un ordinateur portable par analyste. Gr\u00e2ce \u00e0 TIMi, cette infrastructure est d\u00e9j\u00e0 capable de g\u00e9rer des ensembles de donn\u00e9es volumineux (exemple : analyse de toute l\u2019historique clinique d\u2019un pays de 40 millions d\u2019habitants, ou de tous les enregistrements t\u00e9l\u00e9phoniques d\u2019un telecom avec plus de 20 millions d\u2019abonn\u00e9s).<\/p>\n<p>L\u2019avantage d\u2019une telle infrastructure est l\u2019absence totale d\u2019impact sur la stabilit\u00e9 globale de l\u2019infrastructure informatique de l\u2019entreprise pour tous les processus en phase de production.  En effet, chacun des Data Scientists utilise son propre CPU sans consommer aucune ressource des serveurs de production (ou d\u2019autres analystes). Cette infrastructure n\u2019est rendue possible que par la tr\u00e8s <a href=\"\/fr\/timi\/rapide\/\">haute puissance de calcul<\/a> fournie par TIMi sur un serveur ordinaire.<\/p>\n<h2>2. L&rsquo;infrastructure id\u00e9ale<\/h2>\n<figure id=\"attachment_4775\" aria-describedby=\"caption-attachment-4775\" style=\"width: 1023px\" class=\"wp-caption aligncenter\"><img decoding=\"async\" loading=\"lazy\" class=\"wp-image-4775 size-full\" src=\"\/wp-content\/uploads\/2018\/12\/2018-12-18_161522.png\" alt=\"The &quot;Final&quot; TIMi infrastructure\" width=\"1023\" height=\"554\" srcset=\"https:\/\/timi.eu\/wp-content\/uploads\/2018\/12\/2018-12-18_161522.png 1023w, https:\/\/timi.eu\/wp-content\/uploads\/2018\/12\/2018-12-18_161522-600x325.png 600w, https:\/\/timi.eu\/wp-content\/uploads\/2018\/12\/2018-12-18_161522-300x162.png 300w, https:\/\/timi.eu\/wp-content\/uploads\/2018\/12\/2018-12-18_161522-768x416.png 768w\" sizes=\"(max-width: 1023px) 100vw, 1023px\" \/><figcaption id=\"caption-attachment-4775\" class=\"wp-caption-text\">L\u2019infrastructure TIMi id\u00e9ale<\/figcaption><\/figure>\n<p>Cette infrastructure comprend:<\/p>\n<ul>\n<li>Un NAS\/SAN d\u00e9di\u00e9 pour le stockage du Data Lake. Typiquement, on utilisera un RAID6 \u00e0 l\u2019int\u00e9rieur du NAS\/SAN pour avoir un syst\u00e8me r\u00e9sistant \u00e0 2 crashs hardware simultan\u00e9s.<\/li>\n<li>Un serveur de pr\u00e9-production, pour tester tous vos processus avant de les envoyer sur le serveur de production.<\/li>\n<li>Une importation quotidienne de vos sources de donn\u00e9es de r\u00e9f\u00e9rence (telles que des bases de donn\u00e9es SQLServer, Oracle, SAP&#8230;) pour alimenter votre Data Lake.<\/li>\n<li>Une mise \u00e0 jour quotidienne (ou horaire) de tous vos tableaux de bord : La Suite TIMi permet une publication rapide et automatis\u00e9e de toutes les donn\u00e9es situ\u00e9es \u00e0 l\u2019int\u00e9rieur de votre Data Lake vers toutes les solutions de reporting\/BI courantes (Kibella, Tableau, Qlik, PowerBI, Kibana\u2026).<\/li>\n<li>Un environnement s\u00e9curis\u00e9 : vos donn\u00e9es ne quittent jamais vos b\u00e2timents.<\/li>\n<li>Une \u00e9volutivit\u00e9 illimit\u00e9e en termes de puissance de calcul : si vous avez plus de data scientists, ajoutez simplement plus de PC.<\/li>\n<li>Une \u00e9volutivit\u00e9 illimit\u00e9e en termes de stockage : les formats de fichiers propri\u00e9taires offerts par TIMi (c\u2019est-\u00e0-dire les fichiers \u00ab\u00a0.gel_anatella\u00a0\u00bb et les fichiers \u00ab\u00a0.cgel_anatella\u00a0\u00bb) compressent vos donn\u00e9es si efficacement qu\u2019il est tr\u00e8s peu probable que l\u2019espace disque ne soit jamais insuffisant. Si la volum\u00e9trie est vraiment trop importante, vous pouvez toujours stocker vos donn\u00e9es \u00ab\u00a0anciennes et froides\u00a0\u00bb directement sur HDFS, pour un stockage des donn\u00e9es vraiment illimit\u00e9.<\/li>\n<li><a href=\"\/fr\/timi\/ethique\/#NoLockIn\">Aucune situation de \u00ab\u00a0lock-in\u00a0\u00bb<\/a>:  la Suite TIMi est con\u00e7ue pour fonctionner avec toutes les solutions open-sources : R, Python, JS,\u2026 et pratiquement toutes les technologies propri\u00e9taires.<\/li>\n<\/ul>\n<p>Cette infrastructure finale est un \u00ab r\u00eave devenu r\u00e9alit\u00e9 \u00bb pour tous les data scientists !<br \/>\nPuissance presque illimit\u00e9e + Stockage presque illimit\u00e9 = Plaisir illimit\u00e9 ! \ud83d\ude09<\/p>\n<a class=\"cherry-btn cherry-btn-primary cherry-btn-medium cherry-btn-inline cherry-btn-fade custom-button-1  button-114\" target=\"_self\" href=\"http:\/\/download.timi.eu\/docs\/TIMi_Infrastructure.pdf\">Notre white paper sur l'infrastructure TIMi (anglais)<\/a>&nbsp;&nbsp;&nbsp;&nbsp;&nbsp;&nbsp;&nbsp;<a class=\"cherry-btn cherry-btn-primary cherry-btn-medium cherry-btn-inline cherry-btn-fade custom-button-1  button-159\" target=\"_self\" href=\"\/downloads\/\">T\u00e9l\u00e9chargez TIMi<\/a>\n<p>&nbsp;<\/p>\n","protected":false},"excerpt":{"rendered":"Une infrastructure simplifi\u00e9e Gr\u00e2ce \u00e0 une infrastructure logicielle novatrice et unique, TIMi est optimis\u00e9 pour vous offrir : La plus grande fiabilit\u00e9 (pour d\u00e9ployer en toute s\u00e9curit\u00e9 toutes vos solutions analytiques en production) L\u2019\u00e9volutivit\u00e9 horizontale (horizontal scalability) la plus \u00e9lev\u00e9e (par exemple, un temps incompressible proche de z\u00e9ro)) Le \u00ab terrain de jeu \u00bb ultime,","protected":false},"author":1,"featured_media":0,"parent":10137,"menu_order":0,"comment_status":"closed","ping_status":"closed","template":"","meta":[],"_links":{"self":[{"href":"https:\/\/timi.eu\/fr\/wp-json\/wp\/v2\/pages\/10463"}],"collection":[{"href":"https:\/\/timi.eu\/fr\/wp-json\/wp\/v2\/pages"}],"about":[{"href":"https:\/\/timi.eu\/fr\/wp-json\/wp\/v2\/types\/page"}],"author":[{"embeddable":true,"href":"https:\/\/timi.eu\/fr\/wp-json\/wp\/v2\/users\/1"}],"replies":[{"embeddable":true,"href":"https:\/\/timi.eu\/fr\/wp-json\/wp\/v2\/comments?post=10463"}],"version-history":[{"count":30,"href":"https:\/\/timi.eu\/fr\/wp-json\/wp\/v2\/pages\/10463\/revisions"}],"predecessor-version":[{"id":13539,"href":"https:\/\/timi.eu\/fr\/wp-json\/wp\/v2\/pages\/10463\/revisions\/13539"}],"up":[{"embeddable":true,"href":"https:\/\/timi.eu\/fr\/wp-json\/wp\/v2\/pages\/10137"}],"wp:attachment":[{"href":"https:\/\/timi.eu\/fr\/wp-json\/wp\/v2\/media?parent=10463"}],"curies":[{"name":"wp","href":"https:\/\/api.w.org\/{rel}","templated":true}]}}