{"id":10163,"date":"2020-04-22T13:46:08","date_gmt":"2020-04-22T13:46:08","guid":{"rendered":"http:\/\/timi.eu\/?page_id=10163"},"modified":"2021-05-07T15:47:03","modified_gmt":"2021-05-07T15:47:03","slug":"stardust","status":"publish","type":"page","link":"https:\/\/timi.eu\/fr\/timi\/stardust\/","title":{"rendered":"Stardust"},"content":{"rendered":"<div class=\"row  \" ><div class=\"container\"><div class=\"row row-edge\">\n<div class=\"col-xs-12 col-sm-12 col-md-12 col-lg-12 pageswitcher\">\n\n<div\n\t class=\"wpml-ls-statics-shortcode_actions wpml-ls wpml-ls-legacy-dropdown js-wpml-ls-legacy-dropdown\">\n\t<ul>\n\n\t\t<li tabindex=\"0\" class=\"wpml-ls-slot-shortcode_actions wpml-ls-item wpml-ls-item-fr wpml-ls-current-language wpml-ls-item-legacy-dropdown\">\n\t\t\t<a href=\"#\" class=\"js-wpml-ls-item-toggle wpml-ls-item-toggle\">\n                                                    <img\n            class=\"wpml-ls-flag\"\n            src=\"https:\/\/timi.eu\/wp-content\/plugins\/sitepress-multilingual-cms\/res\/flags\/fr.png\"\n            alt=\"\"\n            width=18\n            height=12\n    \/><span class=\"wpml-ls-native\">Fran\u00e7ais<\/span><\/a>\n\n\t\t\t<ul class=\"wpml-ls-sub-menu\">\n\t\t\t\t\n\t\t\t\t\t<li class=\"wpml-ls-slot-shortcode_actions wpml-ls-item wpml-ls-item-en wpml-ls-first-item\">\n\t\t\t\t\t\t<a href=\"https:\/\/timi.eu\" class=\"wpml-ls-link\">\n                                                                <img\n            class=\"wpml-ls-flag\"\n            src=\"https:\/\/timi.eu\/wp-content\/plugins\/sitepress-multilingual-cms\/res\/flags\/en.png\"\n            alt=\"\"\n            width=18\n            height=12\n    \/><span class=\"wpml-ls-display\">Anglais<\/span><\/a>\n\t\t\t\t\t<\/li>\n\n\t\t\t\t\n\t\t\t\t\t<li class=\"wpml-ls-slot-shortcode_actions wpml-ls-item wpml-ls-item-es\">\n\t\t\t\t\t\t<a href=\"https:\/\/timi.eu\/es\/\" class=\"wpml-ls-link\">\n                                                                <img\n            class=\"wpml-ls-flag\"\n            src=\"https:\/\/timi.eu\/wp-content\/plugins\/sitepress-multilingual-cms\/res\/flags\/es.png\"\n            alt=\"\"\n            width=18\n            height=12\n    \/><span class=\"wpml-ls-display\">Espagnol<\/span><\/a>\n\t\t\t\t\t<\/li>\n\n\t\t\t\t\n\t\t\t\t\t<li class=\"wpml-ls-slot-shortcode_actions wpml-ls-item wpml-ls-item-nl\">\n\t\t\t\t\t\t<a href=\"https:\/\/timi.eu\/nl\/\" class=\"wpml-ls-link\">\n                                                                <img\n            class=\"wpml-ls-flag\"\n            src=\"https:\/\/timi.eu\/wp-content\/plugins\/sitepress-multilingual-cms\/res\/flags\/nl.png\"\n            alt=\"\"\n            width=18\n            height=12\n    \/><span class=\"wpml-ls-display\">N\u00e9erlandais<\/span><\/a>\n\t\t\t\t\t<\/li>\n\n\t\t\t\t\n\t\t\t\t\t<li class=\"wpml-ls-slot-shortcode_actions wpml-ls-item wpml-ls-item-ru wpml-ls-last-item\">\n\t\t\t\t\t\t<a href=\"https:\/\/timi.eu\/ru\/\" class=\"wpml-ls-link\">\n                                                                <img\n            class=\"wpml-ls-flag\"\n            src=\"https:\/\/timi.eu\/wp-content\/plugins\/sitepress-multilingual-cms\/res\/flags\/ru.png\"\n            alt=\"\"\n            width=18\n            height=12\n    \/><span class=\"wpml-ls-display\">Russe<\/span><\/a>\n\t\t\t\t\t<\/li>\n\n\t\t\t\t\t\t\t<\/ul>\n\n\t\t<\/li>\n\n\t<\/ul>\n<\/div>\n\n<\/div>\n<\/div><\/div><\/div>\n<div class=\"row custom-parallax-01 \" ><section class=\"parallax-box image-parallax-box \" style=\"min-height: 300px\"><div class=\"parallax-content\"><div class=\"container\"><div class=\"row row-edge\">\n<div class=\"cherry-spacer   hidden-xs hidden-sm\" style=\"height:140px;\"><\/div><div class=\"cherry-spacer   visible-sm-block\" style=\"height:100px;\"><\/div><div class=\"cherry-spacer   visible-xs-block\" style=\"height:100px;\"><\/div>\n<div class=\"col-xs-12 col-sm-12 col-md-12 col-lg-12 custom-parallax-text\">\n<img decoding=\"async\" class=\"aligncenter size-full wp-image-1564\" style=\"position: relative;\" src=\"\/wp-content\/uploads\/2016\/07\/logo-stardust-min-e1468012299345.png\" alt=\"TIMi modeler\" width=\"75\"><\/p>\n<h2 style=\"text-align: center;\"><span style=\"color: #333;\"><strong>STARDUST<\/strong><br \/>\nLA SEGMENTATION 3D VR<br \/>\nEN TEMPS R\u00c9EL<\/span><\/h2>\n<div class=\"cherry-spacer   hidden-xs hidden-sm\" style=\"height:150px;\"><\/div><div class=\"cherry-spacer   visible-sm-block\" style=\"height:100px;\"><\/div><div class=\"cherry-spacer   visible-xs-block\" style=\"height:100px;\"><\/div>\n<\/div>\n<\/div><\/div><div class=\"clear\"><\/div><\/div><div class=\"parallax-bg\" data-parallax-type=\"image\" data-img-url=\"\/wp-content\/uploads\/2020\/03\/pyramides.jpg\" data-speed=\"1.5\" data-invert=\"\" ><\/div><\/section><\/div>\n<div class=\"row custom-services-price-wrapper2 \" ><div class=\"cherry-box   box-387\"><div class=\"inner\"><div class=\"container\"><div class=\"row row-edge\">\n<div class=\"cherry-spacer   hidden-xs hidden-sm\" style=\"height:50px;\"><\/div><div class=\"cherry-spacer   visible-sm-block\" style=\"height:30px;\"><\/div><div class=\"cherry-spacer   visible-xs-block\" style=\"height:20px;\"><\/div>\n<div class=\"col-xs-12 col-sm-6 col-md-6 col-lg-4\">\n<h3 style=\"color: #333; line-height: 24px; text-align: center;\"><span class=\"fa fa-star-o cherry-icon   icon-913\"><\/span><span style=\"margin-left: 20px;\">UNIQUE<\/span><\/h3>\n<p style=\"color: #000; text-align: center;\">Le seul outil visuel qui garantit des<br \/>\nsegmentations directement applicables<br \/>\n\u00e0 votre business et m\u00e9tier.<\/p>\n<div class=\"cherry-spacer   hidden-xs hidden-sm\" style=\"height:50px;\"><\/div><div class=\"cherry-spacer   visible-sm-block\" style=\"height:30px;\"><\/div><div class=\"cherry-spacer   visible-xs-block\" style=\"height:15px;\"><\/div>\n<\/div>\n<div class=\"col-xs-12 col-sm-6 col-md-6 col-lg-4\">\n<h3 style=\"color: #333; line-height: 50px; text-align: center;\"><span class=\"fa fa-yelp cherry-icon   icon-421\"><\/span><span style=\"margin-left: 20px;\">PERTINENT<\/span><\/h3>\n<p style=\"color: #000; text-align: center;\">Stardust d\u00e9tecte les \u00ab\u00a0outliers\u00a0\u00bb et<br \/>\nles donn\u00e9es incoh\u00e9rentes et identifie les<br \/>\nsegments constitu\u00e9s d\u2019\u00e9l\u00e9ments similaires.<\/p>\n<div class=\"cherry-spacer   hidden-xs hidden-sm\" style=\"height:50px;\"><\/div><div class=\"cherry-spacer   visible-sm-block\" style=\"height:30px;\"><\/div><div class=\"cherry-spacer   visible-xs-block\" style=\"height:15px;\"><\/div>\n<\/div>\n<div class=\"col-xs-12 col-sm-6 col-md-6 col-lg-4\">\n<h3 style=\"color: #333; line-height: 50px; text-align: center;\"><span class=\"fa fa-lightbulb-o cherry-icon   icon-279\"><\/span><span style=\"margin-left: 20px;\">CR\u00c9ATIF<\/span><\/h3>\n<p style=\"color: #000; text-align: center;\">\u00c9claire la r\u00e9flexion sur les diff\u00e9rents<br \/>\n\u00e9l\u00e9ments \u00e0 prendre en compte dans<br \/>\nune d\u00e9marche de segmentation.<\/p>\n<\/div>\n<div class=\"col-xs-12 col-sm-6 col-md-6 col-lg-1\">\n<div class=\"cherry-spacer   hidden-xs hidden-sm\" style=\"height:50px;\"><\/div><div class=\"cherry-spacer   visible-sm-block\" style=\"height:30px;\"><\/div><div class=\"cherry-spacer   visible-xs-block\" style=\"height:15px;\"><\/div>\n<\/div>\n<\/div><\/div><\/div><\/div><\/div>\n<div id=\"what-is-stardust\"><\/div>\n<div class=\"row custom-services-price-wrapper2 \" ><div class=\"cherry-box   box-314\"><div class=\"inner\"><div class=\"container\"><div class=\"row row-edge\">\n<div class=\"cherry-spacer   hidden-xs hidden-sm\" style=\"height:50px;\"><\/div><div class=\"cherry-spacer   visible-sm-block\" style=\"height:30px;\"><\/div><div class=\"cherry-spacer   visible-xs-block\" style=\"height:15px;\"><\/div>\n<div class=\"col-xs-12 col-sm-12 col-md-12 col-lg-1\">\n<\/div>\n<div class=\"col-xs-12 col-sm-6 col-md-6 col-lg-4\">\n<a class=\"single-popup-image\" href=\"\/wp-content\/uploads\/2020\/09\/stardust.png\"><img decoding=\"async\" src=\"\/wp-content\/uploads\/2020\/09\/stardust-1024x948.png\" alt=\"stardust\" width=\"100%\" class=\"alignleft size-large wp-image-12407\" srcset=\"https:\/\/timi.eu\/wp-content\/uploads\/2020\/09\/stardust-1024x948.png 1024w, https:\/\/timi.eu\/wp-content\/uploads\/2020\/09\/stardust-600x555.png 600w, https:\/\/timi.eu\/wp-content\/uploads\/2020\/09\/stardust-300x278.png 300w, https:\/\/timi.eu\/wp-content\/uploads\/2020\/09\/stardust-768x711.png 768w, https:\/\/timi.eu\/wp-content\/uploads\/2020\/09\/stardust.png 1100w\" sizes=\"(max-width: 1024px) 100vw, 1024px\" \/><\/a><br \/>\n<\/div>\n<div class=\"col-xs-12 col-sm-6 col-md-6 col-lg-7\">\n<div class=\"cherry-spacer   hidden-xs hidden-sm\" style=\"height:0px;\"><\/div><div class=\"cherry-spacer   visible-sm-block\" style=\"height:0px;\"><\/div><div class=\"cherry-spacer   visible-xs-block\" style=\"height:50px;\"><\/div>\n<h3 style=\"margin-left: 20px;\"><span style=\"color: #f6a300; font-weight: bold;\">STARDUST<\/span><span style=\"color: #000;\">, C\u2019EST <\/span> <span style=\"color: #f6a300; font-weight: bold;\">UN NOUVEAU REGARD<\/span><span style=\"color: #000;\"> :<span style=\"color: #000;\"><\/span><\/span><\/h3>\n<div class=\"cherry-spacer   hidden-xs hidden-sm\" style=\"height:10px;\"><\/div><div class=\"cherry-spacer   visible-sm-block\" style=\"height:5px;\"><\/div><div class=\"cherry-spacer   visible-xs-block\" style=\"height:5px;\"><\/div>\n<ul>\n<li>D\u00e9couvrez les patterns multivari\u00e9s cach\u00e9s dans vos donn\u00e9es<\/li>\n<div class=\"cherry-spacer   hidden-xs hidden-sm\" style=\"height:20px;\"><\/div><div class=\"cherry-spacer   visible-sm-block\" style=\"height:10px;\"><\/div><div class=\"cherry-spacer   visible-xs-block\" style=\"height:10px;\"><\/div>\n<li>D\u00e9tectez les valeurs aberrantes (multivari\u00e9es) et non valides<\/li>\n<div class=\"cherry-spacer   hidden-xs hidden-sm\" style=\"height:20px;\"><\/div><div class=\"cherry-spacer   visible-sm-block\" style=\"height:10px;\"><\/div><div class=\"cherry-spacer   visible-xs-block\" style=\"height:10px;\"><\/div>\n<li>Validez d\u2019un point de vue commercial les diff\u00e9rents segments \u00e0 l\u2019aide d\u2019histogrammes intuitifs &amp; facilement compr\u00e9hensibles<\/li>\n<div class=\"cherry-spacer   hidden-xs hidden-sm\" style=\"height:20px;\"><\/div><div class=\"cherry-spacer   visible-sm-block\" style=\"height:10px;\"><\/div><div class=\"cherry-spacer   visible-xs-block\" style=\"height:10px;\"><\/div>\n<li>Affinez la compr\u00e9hension des cibles identifi\u00e9es par Modeler (Auto-ML de TIMi)<\/li>\n<\/ul>\n<\/div>\n<div class=\"col-xs-12 col-sm-12 col-md-12 col-lg-12\">\n<div class=\"cherry-spacer   hidden-xs hidden-sm\" style=\"height:50px;\"><\/div><div class=\"cherry-spacer   visible-sm-block\" style=\"height:30px;\"><\/div><div class=\"cherry-spacer   visible-xs-block\" style=\"height:15px;\"><\/div>\n<\/div>\n<\/div><\/div><\/div><\/div><\/div>\n<div id=\"stardust-features\"><\/div>\n<div class=\"row custom-parallax-01 \" ><div class=\"cherry-box   box-208\"><div class=\"inner\"><div class=\"container\"><div class=\"row row-edge\">\n<div class=\"col-xs-12 col-sm-12 col-md-12 col-lg-12 custom-parallax-text\">\n<div class=\"cherry-spacer   hidden-xs hidden-sm\" style=\"height:80px;\"><\/div><div class=\"cherry-spacer   visible-sm-block\" style=\"height:80px;\"><\/div><div class=\"cherry-spacer   visible-xs-block\" style=\"height:50px;\"><\/div>\n<h2 style=\"text-align: center;\"><span style=\"color: #000; font-weight: bold;\">POURQUOI<\/span> <span style=\"color: #f6a300; font-weight: 500;\">STARDUST<\/span><\/h2>\n<div class=\"cherry-spacer   hidden-xs hidden-sm\" style=\"height:50px;\"><\/div><div class=\"cherry-spacer   visible-sm-block\" style=\"height:50px;\"><\/div><div class=\"cherry-spacer   visible-xs-block\" style=\"height:25px;\"><\/div>\n<\/div>\n<div class=\"col-xs-12 col-sm-12 col-md-12 col-lg-12\">\n<div class=\"row  \" ><div class=\"container\"><div class=\"row row-edge\">\n<div class=\"col-xs-12 col-sm-4 col-md-4 col-lg-4\">\n<h3><span style=\"color: #f6a300;\">3D temps r\u00e9el<\/span><\/h3>\n<p><span style=\"color: #000;\">B\u00e9n\u00e9ficiez d\u2019un affichage fluide de millions de clients en 3D &amp;VR instantan\u00e9ment. Le calcul de l\u2019affichage 3D est effectu\u00e9 \u00e0 l\u2019aide de biblioth\u00e8ques OpenGL hautes performances (acc\u00e9l\u00e9r\u00e9 par GPU) permettant de voir toute votre population, sans sampling.<\/span><\/p>\n<\/div>\n<div class=\"col-xs-12 col-sm-4 col-md-4 col-lg-4\">\n<h3><span style=\"color: #f6a300;\">Scalable<\/span><\/h3>\n<p><span style=\"color: #000;\">Le moteur analytique de Stardust supporte une volum\u00e9trie de plusieurs millions de lignes et de plusieurs centaines de colonnes aussi bien pour l\u2019affichage en 3D que pour la cr\u00e9ation de segments de haute qualit\u00e9.<\/span><\/p>\n<\/div>\n<div class=\"col-xs-12 col-sm-4 col-md-4 col-lg-4\">\n<h3><span style=\"color: #f6a300;\">Automatique<\/span><\/h3>\n<p><span style=\"color: #000;\">Les mod\u00e8les de segmentation cr\u00e9\u00e9s en un clic \u00e0 l\u2019aide de Stardust sont utilisables pour d\u00e9terminer automatiquement le segment de chaque \u00e9l\u00e9ment d\u2019un nouveau set de donn\u00e9es.<\/span><\/p>\n<\/div>\n<\/div><\/div><\/div>\n<div class=\"row  \" ><div class=\"container\"><div class=\"row row-edge\">\n<div class=\"col-xs-12 col-sm-4 col-md-4 col-lg-4\">\n<h3><span style=\"color: #f6a300;\">Int\u00e9gration avec Modeler<\/span><\/h3>\n<p><span style=\"color: #000;\">En un clic, construisez un mod\u00e8le pr\u00e9dictif sur le(s) segment(s) calcul\u00e9(s) par Stardust.<\/span><\/p>\n<\/div>\n<div class=\"col-xs-12 col-sm-4 col-md-4 col-lg-4\">\n<h3><span style=\"color: #f6a300;\">Multi-touch<\/span><\/h3>\n<p><span style=\"color: #000;\">Explorez votre population du bout des doigts ! Effectuez des rotations, des translations, des pinch-zoom\u2026 L\u2019effet tactile est renforc\u00e9 par un effet d\u2019inertie.<\/span><\/p>\n<\/div>\n<div class=\"col-xs-12 col-sm-4 col-md-4 col-lg-4\">\n<h3><span style=\"color: #f6a300;\">Compatible VR<\/span><\/h3>\n<p><span style=\"color: #000;\">Sautez dans votre casque VR et plongez au c\u0153ur de vos donn\u00e9es ! Touchez \u00ab pour de vrai \u00bb les points de donn\u00e9es et observez en temps r\u00e9el les donn\u00e9es \u00ab cach\u00e9es \u00bb derri\u00e8re chaque point\/voxel.<\/span><br \/>\n<\/div>\n<\/div><\/div><\/div>\n<div class=\"cherry-spacer   hidden-xs hidden-sm\" style=\"height:100px;\"><\/div><div class=\"cherry-spacer   visible-sm-block\" style=\"height:100px;\"><\/div><div class=\"cherry-spacer   visible-xs-block\" style=\"height:30px;\"><\/div>\n<\/div>\n<\/div><\/div><\/div><\/div><\/div>\n<div class=\"row custom-parallax-01 \" ><div class=\"cherry-box   box-314\"><div class=\"inner\"><div class=\"container\"><div class=\"row row-edge\">\n<div class=\"col-xs-12 col-sm-12 col-md-4 col-lg-4 custom-parallax-text\">\n<div class=\"cherry-spacer   hidden-xs hidden-sm\" style=\"height:100px;\"><\/div><div class=\"cherry-spacer   visible-sm-block\" style=\"height:50px;\"><\/div><div class=\"cherry-spacer   visible-xs-block\" style=\"height:50px;\"><\/div>\n<div class=\"aligncenter\"><span class=\"fa fa-mouse-pointer cherry-icon   icon-331\"><\/span><\/div>\n<\/div>\n<div class=\"col-xs-12 col-sm-12 col-md-8 col-lg-8 custom-parallax-text\">\n<div class=\"cherry-spacer   hidden-xs hidden-sm\" style=\"height:100px;\"><\/div><div class=\"cherry-spacer   visible-sm-block\" style=\"height:50px;\"><\/div><div class=\"cherry-spacer   visible-xs-block\" style=\"height:50px;\"><\/div>\n<h2 style=\"text-align: left;\"><strong>LA<\/strong> <span style=\"color: #f6a300; font-weight: 500;\">POLYVALENCE<\/span> <strong>EN UN CLIC<\/strong><\/h2>\n<p style=\"text-align: left; color: #000;\">Stardust r\u00e9alise tous les types de segmentations (clients, produits, machines, documents&#8230;) gr\u00e2ce \u00e0 un moteur hautement configurable :<\/p>\n<ul style=\"color: #000; text-align: left;\">\n<li>int\u00e9gration de nombreux algorithmes tels que : analyse en composante principale (ACP), recodage quantile, MST (Minimum-Spanning-Tree), de nombreuses variantes de l\u2019algorithme de Ward et de l\u2019algorithme de \u00ab K-Means \u00bb\u2026<\/li>\n<li>grande vari\u00e9t\u00e9 pour la d\u00e9finitions des distances : Pearson-Distance, Cosine-Distance, Euclidean-Distance\u2026<\/li>\n<\/ul>\n<p style=\"text-align: left; color: #000;\">Tous ces algorithmes et options sont \u00e0 quelques clics de souris!<\/p>\n<div class=\"cherry-spacer   hidden-xs hidden-sm\" style=\"height:100px;\"><\/div><div class=\"cherry-spacer   visible-sm-block\" style=\"height:100px;\"><\/div><div class=\"cherry-spacer   visible-xs-block\" style=\"height:60px;\"><\/div>\n<\/div>\n<\/div><\/div><\/div><\/div><\/div>\n<div class=\"row custom-parallax-01 \" ><div class=\"cherry-box   box-542\"><div class=\"inner\"><div class=\"container\"><div class=\"row row-edge\">\n<div class=\"col-xs-12 col-sm-12 col-md-8 col-lg-8 custom-parallax-text\">\n<div class=\"cherry-spacer   hidden-xs hidden-sm\" style=\"height:100px;\"><\/div><div class=\"cherry-spacer   visible-sm-block\" style=\"height:100px;\"><\/div><div class=\"cherry-spacer   visible-xs-block\" style=\"height:60px;\"><\/div>\n<h2 style=\"text-align: center;\"><strong>STARDUST<\/strong> <span style=\"color: #f6a300; font-weight: 500;\">C&rsquo;EST CONCRET<\/span><\/h2>\n<p style=\"text-align: center; color: #000;\">Au-del\u00e0 d\u2019une segmentation classique (\u00e2ge\/sexe\/localisation), Stardust vous permet de d\u00e9couvrir une segmentation intelligente selon des dizaines de crit\u00e8res sur une population de plusieurs millions d\u2019individus.<\/p>\n<p style=\"text-align: center; color: #000;\">Vos \u00e9quipes utilisent directement cette segmentation m\u00e9tier en vue de mieux communiquer avec vos clients par le biais de messages personnalis\u00e9s pour chaque segment.<\/p>\n<div class=\"cherry-spacer   hidden-xs hidden-sm\" style=\"height:100px;\"><\/div><div class=\"cherry-spacer   visible-sm-block\" style=\"height:50px;\"><\/div><div class=\"cherry-spacer   visible-xs-block\" style=\"height:30px;\"><\/div>\n<\/div>\n<div class=\"col-xs-12 col-sm-12 col-md-4 col-lg-4\">\n<div class=\"cherry-spacer   hidden-xs hidden-sm\" style=\"height:100px;\"><\/div><div class=\"cherry-spacer   visible-sm-block\" style=\"height:0px;\"><\/div><div class=\"cherry-spacer   visible-xs-block\" style=\"height:50px;\"><\/div>\n<img decoding=\"async\" loading=\"lazy\" src=\"http:\/\/timi.eu\/wp-content\/uploads\/2020\/09\/build-icon.png\" alt=\"build-icon\" width=\"265\" height=\"265\" class=\"aligncenter size-full wp-image-12551\" srcset=\"https:\/\/timi.eu\/wp-content\/uploads\/2020\/09\/build-icon.png 265w, https:\/\/timi.eu\/wp-content\/uploads\/2020\/09\/build-icon-100x100.png 100w, https:\/\/timi.eu\/wp-content\/uploads\/2020\/09\/build-icon-150x150.png 150w, https:\/\/timi.eu\/wp-content\/uploads\/2020\/09\/build-icon-85x85.png 85w\" sizes=\"(max-width: 265px) 100vw, 265px\" \/><br \/>\n<\/div>\n<\/div><\/div><\/div><\/div><\/div>\n<div class=\"row custom-testimonial-block4 \" ><div class=\"container\"><div class=\"row row-edge\">\n<div class=\"col-xs-12 col-sm-12 col-md-12 col-lg-12\">\n<div class=\"row row-edge  \" >\n<div class=\"col-xs-12 col-sm-12 col-md-12 col-lg-12\">\n<div class=\"cherry-spacer   hidden-xs hidden-sm\" style=\"height:100px;\"><\/div><div class=\"cherry-spacer   visible-sm-block\" style=\"height:100px;\"><\/div><div class=\"cherry-spacer   visible-xs-block\" style=\"height:30px;\"><\/div>\n<\/div>\n<\/div>\n<div class=\"row row-edge  \" >\n<div class=\"col-xs-12 col-sm-12 col-md-12 col-lg-12 testi-header-test\">\n<h2><span style=\"color: #ffffff;\">T\u00e9moignages<\/span><\/h2>\n<\/div>\n<\/div>\n<div class=\"row  \" ><div class=\"container\"><div class=\"row row-edge\">\n<div class=\"col-xs-12 col-sm-12 col-md-12 col-lg-12\">\n<div class=\"testimonials-wrap template-custom_testimonials\"><div class=\"testimonials-list\"><div id=\"quote-16011\" class=\"testimonials-item item-1 odd clearfix\"><div class=\"custom_testimonials-wrapper\">\r\n     <div class=\"header-testi\">\r\n          <div class=\"avatar-testi\">\r\n              \r\n          <\/div>\r\n\r\n          <div class=\"name-testi\">\r\n              <div class=\"name-testi-wrapper\">VOO<\/div>\r\n              <div class=\"position-testi-wrapper\">Telecom operator in Belgium<\/div>\r\n          <\/div>\r\n     <\/div>\r\n\r\n     <div class=\"content-testi\">\r\n          <p><em>\u00ab\u00a0Nous avons r\u00e9duit de 10% le taux de d\u00e9sabonnement sur le segment de client\u00e8le avec le taux de d\u00e9sabonnement le plus \u00e9lev\u00e9.\u00a0\u00bb<\/em><\/p>\n\r\n     <\/div>\r\n<\/div>\r\n<\/div><div id=\"quote-9835\" class=\"testimonials-item item-2 even clearfix\"><div class=\"custom_testimonials-wrapper\">\r\n     <div class=\"header-testi\">\r\n          <div class=\"avatar-testi\">\r\n              \r\n          <\/div>\r\n\r\n          <div class=\"name-testi\">\r\n              <div class=\"name-testi-wrapper\">Digicel<\/div>\r\n              <div class=\"position-testi-wrapper\">Mobile network provider<\/div>\r\n          <\/div>\r\n     <\/div>\r\n\r\n     <div class=\"content-testi\">\r\n          <p><em>\u00ab\u00a0Le framework TIMi comprend un outil ETL tr\u00e8s flexible qui manipule rapidement des jeux de donn\u00e9es de plusieurs t\u00e9raoctets sur un ordinateur de bureau ordinaire.\u00a0\u00bb<\/em><\/p>\n\r\n     <\/div>\r\n<\/div>\r\n<\/div><div id=\"quote-9831\" class=\"testimonials-item item-3 odd clearfix\"><div class=\"custom_testimonials-wrapper\">\r\n     <div class=\"header-testi\">\r\n          <div class=\"avatar-testi\">\r\n              \r\n          <\/div>\r\n\r\n          <div class=\"name-testi\">\r\n              <div class=\"name-testi-wrapper\">Bouygues Telecom<\/div>\r\n              <div class=\"position-testi-wrapper\">Telecom operator in France<\/div>\r\n          <\/div>\r\n     <\/div>\r\n\r\n     <div class=\"content-testi\">\r\n          <p><em>\u00ab\u00a0La solution optimale pour extraire des m\u00e9triques\/variables avanc\u00e9es gr\u00e2ce \u00e0 l&rsquo;utilisation d&rsquo;algorithmes de type \u00ab\u00a0r\u00e9seaux sociaux\u00a0\u00bb sur des graphes telecoms gigantesques.\u00a0\u00bb<\/em><\/p>\n\r\n     <\/div>\r\n<\/div>\r\n<\/div><\/div><\/div>\n<\/div>\n<\/div><\/div><\/div>\n<div class=\"row row-edge  \" >\n<div class=\"col-xs-12 col-sm-12 col-md-12 col-lg-12\">\n<div class=\"cherry-spacer   hidden-xs hidden-sm\" style=\"height:100px;\"><\/div><div class=\"cherry-spacer   visible-sm-block\" style=\"height:100px;\"><\/div><div class=\"cherry-spacer   visible-xs-block\" style=\"height:50px;\"><\/div>\n<\/div>\n<\/div>\n<\/div>\n<\/div><\/div><\/div>\n","protected":false},"excerpt":{"rendered":"","protected":false},"author":1,"featured_media":0,"parent":10137,"menu_order":0,"comment_status":"closed","ping_status":"closed","template":"","meta":[],"_links":{"self":[{"href":"https:\/\/timi.eu\/fr\/wp-json\/wp\/v2\/pages\/10163"}],"collection":[{"href":"https:\/\/timi.eu\/fr\/wp-json\/wp\/v2\/pages"}],"about":[{"href":"https:\/\/timi.eu\/fr\/wp-json\/wp\/v2\/types\/page"}],"author":[{"embeddable":true,"href":"https:\/\/timi.eu\/fr\/wp-json\/wp\/v2\/users\/1"}],"replies":[{"embeddable":true,"href":"https:\/\/timi.eu\/fr\/wp-json\/wp\/v2\/comments?post=10163"}],"version-history":[{"count":34,"href":"https:\/\/timi.eu\/fr\/wp-json\/wp\/v2\/pages\/10163\/revisions"}],"predecessor-version":[{"id":13319,"href":"https:\/\/timi.eu\/fr\/wp-json\/wp\/v2\/pages\/10163\/revisions\/13319"}],"up":[{"embeddable":true,"href":"https:\/\/timi.eu\/fr\/wp-json\/wp\/v2\/pages\/10137"}],"wp:attachment":[{"href":"https:\/\/timi.eu\/fr\/wp-json\/wp\/v2\/media?parent=10163"}],"curies":[{"name":"wp","href":"https:\/\/api.w.org\/{rel}","templated":true}]}}