{"id":10153,"date":"2020-04-22T12:54:24","date_gmt":"2020-04-22T12:54:24","guid":{"rendered":"http:\/\/timi.eu\/?page_id=10153"},"modified":"2021-05-07T13:43:49","modified_gmt":"2021-05-07T13:43:49","slug":"kibella","status":"publish","type":"page","link":"https:\/\/timi.eu\/fr\/timi\/kibella\/","title":{"rendered":"Kibella"},"content":{"rendered":"<div class=\"row  \" ><div class=\"container\"><div class=\"row row-edge\">\n<div class=\"col-xs-12 col-sm-12 col-md-12 col-lg-12 pageswitcher\">\n\n<div\n\t class=\"wpml-ls-statics-shortcode_actions wpml-ls wpml-ls-legacy-dropdown js-wpml-ls-legacy-dropdown\">\n\t<ul>\n\n\t\t<li tabindex=\"0\" class=\"wpml-ls-slot-shortcode_actions wpml-ls-item wpml-ls-item-fr wpml-ls-current-language wpml-ls-item-legacy-dropdown\">\n\t\t\t<a href=\"#\" class=\"js-wpml-ls-item-toggle wpml-ls-item-toggle\">\n                                                    <img\n            class=\"wpml-ls-flag\"\n            src=\"https:\/\/timi.eu\/wp-content\/plugins\/sitepress-multilingual-cms\/res\/flags\/fr.png\"\n            alt=\"\"\n            width=18\n            height=12\n    \/><span class=\"wpml-ls-native\">Fran\u00e7ais<\/span><\/a>\n\n\t\t\t<ul class=\"wpml-ls-sub-menu\">\n\t\t\t\t\n\t\t\t\t\t<li class=\"wpml-ls-slot-shortcode_actions wpml-ls-item wpml-ls-item-en wpml-ls-first-item\">\n\t\t\t\t\t\t<a href=\"https:\/\/timi.eu\" class=\"wpml-ls-link\">\n                                                                <img\n            class=\"wpml-ls-flag\"\n            src=\"https:\/\/timi.eu\/wp-content\/plugins\/sitepress-multilingual-cms\/res\/flags\/en.png\"\n            alt=\"\"\n            width=18\n            height=12\n    \/><span class=\"wpml-ls-display\">Anglais<\/span><\/a>\n\t\t\t\t\t<\/li>\n\n\t\t\t\t\n\t\t\t\t\t<li class=\"wpml-ls-slot-shortcode_actions wpml-ls-item wpml-ls-item-es\">\n\t\t\t\t\t\t<a href=\"https:\/\/timi.eu\/es\/\" class=\"wpml-ls-link\">\n                                                                <img\n            class=\"wpml-ls-flag\"\n            src=\"https:\/\/timi.eu\/wp-content\/plugins\/sitepress-multilingual-cms\/res\/flags\/es.png\"\n            alt=\"\"\n            width=18\n            height=12\n    \/><span class=\"wpml-ls-display\">Espagnol<\/span><\/a>\n\t\t\t\t\t<\/li>\n\n\t\t\t\t\n\t\t\t\t\t<li class=\"wpml-ls-slot-shortcode_actions wpml-ls-item wpml-ls-item-nl\">\n\t\t\t\t\t\t<a href=\"https:\/\/timi.eu\/nl\/\" class=\"wpml-ls-link\">\n                                                                <img\n            class=\"wpml-ls-flag\"\n            src=\"https:\/\/timi.eu\/wp-content\/plugins\/sitepress-multilingual-cms\/res\/flags\/nl.png\"\n            alt=\"\"\n            width=18\n            height=12\n    \/><span class=\"wpml-ls-display\">N\u00e9erlandais<\/span><\/a>\n\t\t\t\t\t<\/li>\n\n\t\t\t\t\n\t\t\t\t\t<li class=\"wpml-ls-slot-shortcode_actions wpml-ls-item wpml-ls-item-ru wpml-ls-last-item\">\n\t\t\t\t\t\t<a href=\"https:\/\/timi.eu\/ru\/\" class=\"wpml-ls-link\">\n                                                                <img\n            class=\"wpml-ls-flag\"\n            src=\"https:\/\/timi.eu\/wp-content\/plugins\/sitepress-multilingual-cms\/res\/flags\/ru.png\"\n            alt=\"\"\n            width=18\n            height=12\n    \/><span class=\"wpml-ls-display\">Russe<\/span><\/a>\n\t\t\t\t\t<\/li>\n\n\t\t\t\t\t\t\t<\/ul>\n\n\t\t<\/li>\n\n\t<\/ul>\n<\/div>\n\n<\/div>\n<\/div><\/div><\/div>\n<div class=\"row custom-parallax-01 \" ><section class=\"parallax-box image-parallax-box \" style=\"min-height: 300px\"><div class=\"parallax-content\"><div class=\"container\"><div class=\"row row-edge\">\n<div class=\"col-xs-12 col-sm-12 col-md-12 col-lg-12 custom-parallax-text\">\n<div class=\"cherry-spacer   hidden-xs hidden-sm\" style=\"height:150px;\"><\/div><div class=\"cherry-spacer   visible-sm-block\" style=\"height:75px;\"><\/div><div class=\"cherry-spacer   visible-xs-block\" style=\"height:50px;\"><\/div>\n<img decoding=\"async\" class=\"aligncenter size-full wp-image-1564\" style=\"position: relative;\" src=\"\/wp-content\/uploads\/2016\/08\/kibella-min.png\" alt=\"Kibella\" width=\"75\"><\/p>\n<h2 style=\"text-align: center;\"><span style=\"color: #333;\"><strong>KIBELLA<\/strong><br \/>\nLA BUSINESS INTELLIGENCE<br \/>\n<span style=\"display: block;\">ACCESSIBLE \u00c0 TOUS<\/span><\/span><\/h2>\n<div class=\"cherry-spacer   hidden-xs hidden-sm\" style=\"height:150px;\"><\/div><div class=\"cherry-spacer   visible-sm-block\" style=\"height:75px;\"><\/div><div class=\"cherry-spacer   visible-xs-block\" style=\"height:50px;\"><\/div>\n<\/div>\n<\/div><\/div><div class=\"clear\"><\/div><\/div><div class=\"parallax-bg\" data-parallax-type=\"image\" data-img-url=\"\/wp-content\/uploads\/2020\/03\/panorama.jpg\" data-speed=\"1.5\" data-invert=\"\" ><\/div><\/section><\/div>\n<div class=\"row custom-services-price-wrapper2 \" ><div class=\"cherry-box   box-933\"><div class=\"inner\"><div class=\"container\"><div class=\"row row-edge\">\n<div class=\"cherry-spacer   hidden-xs hidden-sm\" style=\"height:40px;\"><\/div><div class=\"cherry-spacer   visible-sm-block\" style=\"height:20px;\"><\/div><div class=\"cherry-spacer   visible-xs-block\" style=\"height:20px;\"><\/div>\n<div class=\"col-xs-12 col-sm-6 col-md-6 col-lg-4\">\n<h3 style=\"color: #333; line-height: 50px; text-align: center;\">\n<img decoding=\"async\" src=\"\/wp-content\/uploads\/2020\/09\/infinity-icon.png\" alt=\"illimit\u00e9\" style=\"display: inline; height: 50px;\" class=\"size-full wp-image-12520\"><span style=\"margin-left: 20px;\">ILLIMIT\u00c9<\/span><\/h3>\n<p style=\"color: #000; text-align: center;\">Offrez \u00e0 tous vos utilisateurs finaux<br \/>\nl&rsquo;opportunit\u00e9 de prendre des d\u00e9cisions \u00e9clair\u00e9es<br \/>\nsur base de l&rsquo;expertise avis\u00e9e de vos analystes.<\/p>\n<div class=\"cherry-spacer   hidden-xs hidden-sm\" style=\"height:50px;\"><\/div><div class=\"cherry-spacer   visible-sm-block\" style=\"height:30px;\"><\/div><div class=\"cherry-spacer   visible-xs-block\" style=\"height:15px;\"><\/div>\n<\/div>\n<div class=\"col-xs-12 col-sm-6 col-md-6 col-lg-4\">\n<h3 style=\"color: #333; line-height: 50px; text-align: center;\"><span class=\"fa fa-pencil-square-o cherry-icon   icon-520\"><\/span><span style=\"margin-left: 20px;\">SUR MESURE<\/span><\/h3>\n<p style=\"color: #000; text-align: center;\">En r\u00e9alisant leurs propres dashboards,<br \/>\ntoutes les personnes accr\u00e9dit\u00e9es deviennent<br \/>\ndes d\u00e9cideurs ax\u00e9s sur leurs donn\u00e9es.<\/p>\n<div class=\"cherry-spacer   hidden-xs hidden-sm\" style=\"height:50px;\"><\/div><div class=\"cherry-spacer   visible-sm-block\" style=\"height:30px;\"><\/div><div class=\"cherry-spacer   visible-xs-block\" style=\"height:15px;\"><\/div>\n<\/div>\n<div class=\"col-xs-12 col-sm-6 col-md-6 col-lg-4\">\n<h3 style=\"color: #333; line-height: 50px; text-align: center;\">\n<img decoding=\"async\" src=\"\/wp-content\/uploads\/2020\/09\/sun-icon.png\" alt=\"illimit\u00e9\" style=\"display: inline; width: 50px;\" class=\"size-full wp-image-12520\"><span style=\"margin-left: 20px;\">CLAIR<\/span><\/h3>\n<p style=\"color: #000; text-align: center;\">Un graphe vaut mieux qu&rsquo;un long discours.<br \/>\nSoyez clair au moment le plus judicieux.<\/p>\n<\/div>\n<div class=\"col-xs-12 col-sm-6 col-md-6 col-lg-1\">\n<div class=\"cherry-spacer   hidden-xs hidden-sm\" style=\"height:50px;\"><\/div><div class=\"cherry-spacer   visible-sm-block\" style=\"height:30px;\"><\/div><div class=\"cherry-spacer   visible-xs-block\" style=\"height:15px;\"><\/div>\n<\/div>\n<\/div><\/div><\/div><\/div><\/div>\n<div id=\"what-is-kibella\"><\/div>\n<div class=\"row custom-services-price-wrapper2 \" ><div class=\"cherry-box   box-456\"><div class=\"inner\"><div class=\"container\"><div class=\"row row-edge\">\n<div class=\"cherry-spacer   hidden-xs hidden-sm\" style=\"height:70px;\"><\/div><div class=\"cherry-spacer   visible-sm-block\" style=\"height:50px;\"><\/div><div class=\"cherry-spacer   visible-xs-block\" style=\"height:25px;\"><\/div>\n<div class=\"col-xs-12 col-sm-6 col-md-6 col-lg-6\">\n<a class=\"single-popup-image\" href=\"\/wp-content\/uploads\/2016\/08\/2018-12-18_151829.png\"><img decoding=\"async\" class=\"aligncenter size-large wp-image-4746\" src=\"\/wp-content\/uploads\/2016\/08\/2018-12-18_151829-1024x760.png\" alt=\"2018-12-18_151829\" width=\"80%\" srcset=\"https:\/\/timi.eu\/wp-content\/uploads\/2016\/08\/2018-12-18_151829-1024x760.png 1024w, https:\/\/timi.eu\/wp-content\/uploads\/2016\/08\/2018-12-18_151829-600x445.png 600w, https:\/\/timi.eu\/wp-content\/uploads\/2016\/08\/2018-12-18_151829-300x223.png 300w, https:\/\/timi.eu\/wp-content\/uploads\/2016\/08\/2018-12-18_151829-768x570.png 768w, https:\/\/timi.eu\/wp-content\/uploads\/2016\/08\/2018-12-18_151829.png 1216w\" sizes=\"(max-width: 1024px) 100vw, 1024px\" \/><\/a><br \/>\n<div class=\"cherry-spacer   hidden-xs hidden-sm\" style=\"height:20px;\"><\/div><div class=\"cherry-spacer   visible-sm-block\" style=\"height:30px;\"><\/div><div class=\"cherry-spacer   visible-xs-block\" style=\"height:15px;\"><\/div>\n<\/div>\n<div class=\"col-xs-12 col-sm-6 col-md-6 col-lg-6\">\n<h3 style=\"margin-left: 20px;\"><span style=\"color: #d473ff; font-weight: bold;\">KIBELLA<\/span> <span style=\"color: #333;\">C&rsquo;EST L&rsquo;ACC\u00c8S \u00c0<\/span> <span style=\"color: #d473ff; font-weight: bold;\">LA CONNAISSANCE<\/span> <span style=\"color: #333;\">:<\/span><\/h3>\n<div class=\"cherry-spacer   hidden-xs hidden-sm\" style=\"height:10px;\"><\/div><div class=\"cherry-spacer   visible-sm-block\" style=\"height:5px;\"><\/div><div class=\"cherry-spacer   visible-xs-block\" style=\"height:5px;\"><\/div>\n<ul>\n<li>Extrayez des informations exploitables hors de vos donn\u00e9es.<\/li>\n<div class=\"cherry-spacer   hidden-xs hidden-sm\" style=\"height:20px;\"><\/div><div class=\"cherry-spacer   visible-sm-block\" style=\"height:10px;\"><\/div><div class=\"cherry-spacer   visible-xs-block\" style=\"height:10px;\"><\/div>\n<li>R\u00e9alisez vos propres tableaux de bords en quelques clics.<\/li>\n<div class=\"cherry-spacer   hidden-xs hidden-sm\" style=\"height:20px;\"><\/div><div class=\"cherry-spacer   visible-sm-block\" style=\"height:10px;\"><\/div><div class=\"cherry-spacer   visible-xs-block\" style=\"height:10px;\"><\/div>\n<li>Associez graphes et diagrammes pour des reportings remarquables.<\/li>\n<div class=\"cherry-spacer   hidden-xs hidden-sm\" style=\"height:20px;\"><\/div><div class=\"cherry-spacer   visible-sm-block\" style=\"height:10px;\"><\/div><div class=\"cherry-spacer   visible-xs-block\" style=\"height:10px;\"><\/div>\n<li>Communiquez vos KPI de fa\u00e7on dynamique et attrayante.<\/li>\n<div class=\"cherry-spacer   hidden-xs hidden-sm\" style=\"height:20px;\"><\/div><div class=\"cherry-spacer   visible-sm-block\" style=\"height:10px;\"><\/div><div class=\"cherry-spacer   visible-xs-block\" style=\"height:10px;\"><\/div>\n<li>D\u00e9velopper une culture data driven pour votre entreprise.<\/li>\n<div class=\"cherry-spacer   hidden-xs hidden-sm\" style=\"height:20px;\"><\/div><div class=\"cherry-spacer   visible-sm-block\" style=\"height:10px;\"><\/div><div class=\"cherry-spacer   visible-xs-block\" style=\"height:10px;\"><\/div><\/ul>\n<div class=\"row  \" ><div class=\"container\"><div class=\"row row-edge\">\n<div class=\"col-xs-6 col-sm-6 col-md-6 col-lg-6\">\n<div class=\"aligncenter custom-button-1 -wrapper\"><a class=\"cherry-btn cherry-btn-primary cherry-btn-medium cherry-btn-inline cherry-btn-fade custom-button-1  button-697\" target=\"_self\" href=\"\/fr\/downloads\/\">T\u00e9l\u00e9charger Kibella<\/a><\/div>\n<\/div>\n<div class=\"col-xs-6 col-sm-6 col-md-6 col-lg-6\">\n<a class=\"cherry-btn cherry-btn-primary cherry-btn-medium cherry-btn-inline cherry-btn-fade custom-button-1  button-350\" target=\"_blank\" href=\"http:\/\/www.anatella.com\/kibella\">Online demo<\/a>\n<\/div>\n<\/div><\/div><\/div>\n<\/div>\n<div class=\"col-xs-12 col-sm-12 col-md-12 col-lg-12\">\n<div class=\"cherry-spacer   hidden-xs hidden-sm\" style=\"height:70px;\"><\/div><div class=\"cherry-spacer   visible-sm-block\" style=\"height:25px;\"><\/div><div class=\"cherry-spacer   visible-xs-block\" style=\"height:15px;\"><\/div>\n<\/div>\n<\/div><\/div><\/div><\/div><\/div>\n<div id=\"kibella-features\"><\/div>\n<div class=\"row  \" ><div class=\"container\"><div class=\"row row-edge\">\n<div class=\"col-xs-12 col-sm-12 col-md-12 col-lg-12 custom-home-text\">\n<div class=\"cherry-spacer   hidden-xs hidden-sm\" style=\"height:100px;\"><\/div><div class=\"cherry-spacer   visible-sm-block\" style=\"height:50px;\"><\/div><div class=\"cherry-spacer   visible-xs-block\" style=\"height:50px;\"><\/div>\n<h2 style=\"text-align: center;\"><span style=\"color: #000;\"><strong>POURQUOI<\/strong><\/span> <span style=\"color: #d473ff; font-weight: 500;\">KIBELLA<\/span><\/h2>\n<div class=\"cherry-spacer   hidden-xs hidden-sm\" style=\"height:30px;\"><\/div><div class=\"cherry-spacer   visible-sm-block\" style=\"height:15px;\"><\/div><div class=\"cherry-spacer   visible-xs-block\" style=\"height:10px;\"><\/div>\n<\/div>\n<div class=\"col-xs-12 col-sm-12 col-md-12 col-lg-12\">\n<div class=\"row  \" ><div class=\"container\"><div class=\"row row-edge\">\n<div class=\"col-xs-12 col-sm-4 col-md-4 col-lg-4\">\n<h3><span style=\"color: #d473ff;\">Grand choix de graphiques<\/span><\/h3>\n<p>Cr\u00e9ez des Histogrammes, nuages de points ou de mots, diagrammes en secteurs, cartes et informations GIS, Sankey&#8230; Int\u00e9grez vos dashboards dans n\u2019importe quelle page Web \u00e0 l&rsquo;aide d&rsquo;un simple copier\/coller.<br \/>\n<\/div>\n<div class=\"col-xs-12 col-sm-4 col-md-4 col-lg-4\">\n<h3><span style=\"color: #d473ff;\">Drilldown instantan\u00e9<\/span><\/h3>\n<p>Gr\u00e2ce \u00e0 un syst\u00e8me propri\u00e9taire unique, Kibella offre des drilldowns instantan\u00e9s pour les requ\u00eates les plus courantes. Plus vous utilisez Kibella, plus les statistiques sur les drilldown les plus communs sont affin\u00e9es, plus les drilldowns de Kibella sont rapides.<br \/>\n<\/div>\n<div class=\"col-xs-12 col-sm-4 col-md-4 col-lg-4\">\n<h3><span style=\"color: #d473ff;\">Plateforme S\u00e9curis\u00e9e<\/span><\/h3>\n<p>Kibella fonctionne sur un serveur Apache avec des fonctionnalit\u00e9s PHP. En utilisant la plate-forme la plus courante, nous nous assurons d\u2019avoir un syst\u00e8me robuste, s\u00e9curis\u00e9, efficace et facilement d\u00e9ployable sur le cloud ou votre propre intranet.<br \/>\n<\/div>\n<\/div><\/div><\/div>\n<div class=\"row  \" ><div class=\"container\"><div class=\"row row-edge\">\n<div class=\"col-xs-12 col-sm-4 col-md-4 col-lg-4\">\n<h3><span style=\"color: #d473ff;\">Contr\u00f4le total<\/span><\/h3>\n<p>Les tableaux de bord sont publi\u00e9s en mode ouvert ou prot\u00e9g\u00e9. Certains utilisateurs pourront ainsi ajouter et \u00e9diter des \u00e9l\u00e9ments, d\u00e9placer des graphiques&#8230; tandis que d\u2019autres afficheront et utiliseront simplement des tableaux de bord fixes.<br \/>\n<\/div>\n<div class=\"col-xs-12 col-sm-4 col-md-4 col-lg-4\">\n<h3><span style=\"color: #d473ff;\">Open Source<\/span><\/h3>\n<p>Kibella est open source, ce qui signifie que vous pouvez am\u00e9liorer, ajouter et modifier ses fonctionnalit\u00e9s pour r\u00e9pondre \u00e0 vos besoins. Le code de Kibella est bas\u00e9 sur les librairies AngularJS et plotty, il est ainsi accessible \u00e0 des millions de d\u00e9veloppeurs \u00e0 travers le monde. <a target=\"_blank\" href=\"https:\/\/github.com\/Kranf99\/kibella\" class=\"contentlink\" rel=\"noopener\">Le repository Github du projet est ouvert et est ici.<\/a><br \/>\n<\/div>\n<div class=\"col-xs-12 col-sm-4 col-md-4 col-lg-4\">\n<\/div>\n<\/div><\/div><\/div>\n<div class=\"cherry-spacer   hidden-xs hidden-sm\" style=\"height:100px;\"><\/div><div class=\"cherry-spacer   visible-sm-block\" style=\"height:60px;\"><\/div><div class=\"cherry-spacer   visible-xs-block\" style=\"height:30px;\"><\/div>\n<\/div>\n<\/div><\/div><\/div>\n<div class=\"row custom-parallax-01 \" ><div class=\"cherry-box   box-371\"><div class=\"inner\"><div class=\"container\"><div class=\"row row-edge\">\n<div class=\"col-xs-12 col-sm-12 col-md-4 col-lg-4 custom-parallax-text\">\n<div class=\"cherry-spacer   hidden-xs hidden-sm\" style=\"height:70px;\"><\/div><div class=\"cherry-spacer   visible-sm-block\" style=\"height:40px;\"><\/div><div class=\"cherry-spacer   visible-xs-block\" style=\"height:30px;\"><\/div>\n<img decoding=\"async\" loading=\"lazy\" src=\"\/wp-content\/uploads\/2020\/09\/share-icon.png\" alt=\"share-icon\" width=\"220\" height=\"237\" class=\"aligncenter size-full wp-image-12540\"><br \/>\n<\/div>\n<div class=\"col-xs-12 col-sm-12 col-md-8 col-lg-8 custom-parallax-text\">\n<div class=\"cherry-spacer   hidden-xs hidden-sm\" style=\"height:70px;\"><\/div><div class=\"cherry-spacer   visible-sm-block\" style=\"height:40px;\"><\/div><div class=\"cherry-spacer   visible-xs-block\" style=\"height:30px;\"><\/div>\n<h2 style=\"text-align: left;\"><strong>3 MODES<\/strong> <span style=\"color: #d473ff; font-weight: 500;\">DE PARTAGE<\/span><\/h2>\n<ul style=\"color: #000; text-align: left;\">\n<li>L&rsquo;option \u00ab\u00a0<i>embed this dashboard<\/i>\u00a0\u00bb cr\u00e9e une URL qui permet \u00e0 l\u2019utilisateur d&rsquo;incorporer ses dashboards dans n\u2019importe quelle page HTML (dans une iframe).<\/li>\n<div class=\"cherry-spacer   hidden-xs hidden-sm\" style=\"height:20px;\"><\/div><div class=\"cherry-spacer   visible-sm-block\" style=\"height:10px;\"><\/div><div class=\"cherry-spacer   visible-xs-block\" style=\"height:10px;\"><\/div>\n<li>L&rsquo;option \u00ab\u00a0<i>share a read-only link<\/i>\u00a0\u00bb cr\u00e9e une URL qui permet \u00e0 l\u2019utilisateur de visualiser mais pas de changer le tableau de bord.<\/li>\n<div class=\"cherry-spacer   hidden-xs hidden-sm\" style=\"height:20px;\"><\/div><div class=\"cherry-spacer   visible-sm-block\" style=\"height:10px;\"><\/div><div class=\"cherry-spacer   visible-xs-block\" style=\"height:10px;\"><\/div>\n<li>L&rsquo;option \u00ab\u00a0<i>share a link<\/i>\u00a0\u00bb cr\u00e9e une URL qui permet \u00e0 l\u2019utilisateur de r\u00e9organiser et modifier le tableau de bord \u00e0 souhait.<\/li>\n<\/ul>\n<div class=\"cherry-spacer   hidden-xs hidden-sm\" style=\"height:100px;\"><\/div><div class=\"cherry-spacer   visible-sm-block\" style=\"height:100px;\"><\/div><div class=\"cherry-spacer   visible-xs-block\" style=\"height:60px;\"><\/div>\n<\/div>\n<\/div><\/div><\/div><\/div><\/div>\n<div class=\"row custom-testimonial-block5 \" ><div class=\"container\"><div class=\"row row-edge\">\n<div class=\"col-xs-12 col-sm-12 col-md-12 col-lg-12\">\n<div class=\"row row-edge  \" >\n<div class=\"col-xs-12 col-sm-12 col-md-12 col-lg-12\">\n<div class=\"cherry-spacer   hidden-xs hidden-sm\" style=\"height:100px;\"><\/div><div class=\"cherry-spacer   visible-sm-block\" style=\"height:100px;\"><\/div><div class=\"cherry-spacer   visible-xs-block\" style=\"height:50px;\"><\/div>\n<\/div>\n<\/div>\n<div class=\"row row-edge  \" >\n<div class=\"col-xs-12 col-sm-12 col-md-12 col-lg-12 testi-header-test\">\n<h2><span style=\"color: #ffffff;\">T\u00e9moignages<\/span><\/h2>\n<\/div>\n<\/div>\n<div class=\"row  \" ><div class=\"container\"><div class=\"row row-edge\">\n<div class=\"col-xs-12 col-sm-12 col-md-12 col-lg-12\">\n<div class=\"testimonials-wrap template-custom_testimonials\"><div class=\"testimonials-list\"><div id=\"quote-16011\" class=\"testimonials-item item-1 odd clearfix\"><div class=\"custom_testimonials-wrapper\">\r\n     <div class=\"header-testi\">\r\n          <div class=\"avatar-testi\">\r\n              \r\n          <\/div>\r\n\r\n          <div class=\"name-testi\">\r\n              <div class=\"name-testi-wrapper\">VOO<\/div>\r\n              <div class=\"position-testi-wrapper\">Telecom operator in Belgium<\/div>\r\n          <\/div>\r\n     <\/div>\r\n\r\n     <div class=\"content-testi\">\r\n          <p><em>\u00ab\u00a0Nous avons r\u00e9duit de 10% le taux de d\u00e9sabonnement sur le segment de client\u00e8le avec le taux de d\u00e9sabonnement le plus \u00e9lev\u00e9.\u00a0\u00bb<\/em><\/p>\n\r\n     <\/div>\r\n<\/div>\r\n<\/div><div id=\"quote-9835\" class=\"testimonials-item item-2 even clearfix\"><div class=\"custom_testimonials-wrapper\">\r\n     <div class=\"header-testi\">\r\n          <div class=\"avatar-testi\">\r\n              \r\n          <\/div>\r\n\r\n          <div class=\"name-testi\">\r\n              <div class=\"name-testi-wrapper\">Digicel<\/div>\r\n              <div class=\"position-testi-wrapper\">Mobile network provider<\/div>\r\n          <\/div>\r\n     <\/div>\r\n\r\n     <div class=\"content-testi\">\r\n          <p><em>\u00ab\u00a0Le framework TIMi comprend un outil ETL tr\u00e8s flexible qui manipule rapidement des jeux de donn\u00e9es de plusieurs t\u00e9raoctets sur un ordinateur de bureau ordinaire.\u00a0\u00bb<\/em><\/p>\n\r\n     <\/div>\r\n<\/div>\r\n<\/div><div id=\"quote-9831\" class=\"testimonials-item item-3 odd clearfix\"><div class=\"custom_testimonials-wrapper\">\r\n     <div class=\"header-testi\">\r\n          <div class=\"avatar-testi\">\r\n              \r\n          <\/div>\r\n\r\n          <div class=\"name-testi\">\r\n              <div class=\"name-testi-wrapper\">Bouygues Telecom<\/div>\r\n              <div class=\"position-testi-wrapper\">Telecom operator in France<\/div>\r\n          <\/div>\r\n     <\/div>\r\n\r\n     <div class=\"content-testi\">\r\n          <p><em>\u00ab\u00a0La solution optimale pour extraire des m\u00e9triques\/variables avanc\u00e9es gr\u00e2ce \u00e0 l&rsquo;utilisation d&rsquo;algorithmes de type \u00ab\u00a0r\u00e9seaux sociaux\u00a0\u00bb sur des graphes telecoms gigantesques.\u00a0\u00bb<\/em><\/p>\n\r\n     <\/div>\r\n<\/div>\r\n<\/div><\/div><\/div>\n<\/div>\n<\/div><\/div><\/div>\n<div class=\"row row-edge  \" >\n<div class=\"col-xs-12 col-sm-12 col-md-12 col-lg-12\">\n<div class=\"cherry-spacer   hidden-xs hidden-sm\" style=\"height:100px;\"><\/div><div class=\"cherry-spacer   visible-sm-block\" style=\"height:100px;\"><\/div><div class=\"cherry-spacer   visible-xs-block\" style=\"height:50px;\"><\/div>\n<\/div>\n<\/div>\n<\/div>\n<\/div><\/div><\/div>\n","protected":false},"excerpt":{"rendered":"","protected":false},"author":1,"featured_media":0,"parent":10137,"menu_order":0,"comment_status":"closed","ping_status":"closed","template":"","meta":[],"_links":{"self":[{"href":"https:\/\/timi.eu\/fr\/wp-json\/wp\/v2\/pages\/10153"}],"collection":[{"href":"https:\/\/timi.eu\/fr\/wp-json\/wp\/v2\/pages"}],"about":[{"href":"https:\/\/timi.eu\/fr\/wp-json\/wp\/v2\/types\/page"}],"author":[{"embeddable":true,"href":"https:\/\/timi.eu\/fr\/wp-json\/wp\/v2\/users\/1"}],"replies":[{"embeddable":true,"href":"https:\/\/timi.eu\/fr\/wp-json\/wp\/v2\/comments?post=10153"}],"version-history":[{"count":54,"href":"https:\/\/timi.eu\/fr\/wp-json\/wp\/v2\/pages\/10153\/revisions"}],"predecessor-version":[{"id":13320,"href":"https:\/\/timi.eu\/fr\/wp-json\/wp\/v2\/pages\/10153\/revisions\/13320"}],"up":[{"embeddable":true,"href":"https:\/\/timi.eu\/fr\/wp-json\/wp\/v2\/pages\/10137"}],"wp:attachment":[{"href":"https:\/\/timi.eu\/fr\/wp-json\/wp\/v2\/media?parent=10153"}],"curies":[{"name":"wp","href":"https:\/\/api.w.org\/{rel}","templated":true}]}}