{"id":17671,"date":"2022-02-03T15:26:01","date_gmt":"2022-02-03T15:26:01","guid":{"rendered":"https:\/\/timi.eu\/?page_id=17671"},"modified":"2025-09-12T12:45:02","modified_gmt":"2025-09-12T12:45:02","slug":"cultura-analitica","status":"publish","type":"page","link":"https:\/\/timi.eu\/es\/soluciones\/cultura-analitica\/","title":{"rendered":"Impulse la cultura anal\u00edtica en su empresa"},"content":{"rendered":"<div class=\"row  \" ><div class=\"container\"><div class=\"row row-edge\">\n<div class=\"col-xs-12 col-sm-12 col-md-12 col-lg-12 pageswitcher\">\n\n<div\n\t role=\"navigation\" aria-label=\"Selector de idioma\" class=\"wpml-ls-statics-shortcode_actions wpml-ls wpml-ls-legacy-dropdown js-wpml-ls-legacy-dropdown\">\n\t<ul>\n\t\t<li class=\"wpml-ls-slot-shortcode_actions wpml-ls-item wpml-ls-item-es wpml-ls-current-language wpml-ls-item-legacy-dropdown\">\n\t\t\t<a href=\"#\" hreflang=\"\" lang=\"\" class=\"js-wpml-ls-item-toggle wpml-ls-item-toggle\" aria-current=\"page\" aria-expanded=\"false\" aria-controls=\"wpml-ls-submenu-default\" aria-label=\"Selector de idioma, pulse tab para navegar a otros idiomas\" title=\"Cambiar a Espa\u00f1ol\">\n\t\t\t\t                                    <img\n            class=\"wpml-ls-flag\"\n            src=\"https:\/\/timi.eu\/wp-content\/plugins\/sitepress-multilingual-cms\/res\/flags\/es.svg\"\n            alt=\"\"\n            loading=\"lazy\"\n            width=18\n            height=12\n    \/><span class=\"wpml-ls-native\">Espa\u00f1ol<\/span><\/a>\n\n\t\t\t<ul id=\"wpml-ls-submenu-default\" class=\"wpml-ls-sub-menu\">\n\t\t\t\t\n\t\t\t\t\t<li class=\"wpml-ls-slot-shortcode_actions wpml-ls-item wpml-ls-item-en wpml-ls-first-item\">\n\t\t\t\t\t\t<a href=\"https:\/\/timi.eu\/\" hreflang=\"en\" lang=\"en\" class=\"wpml-ls-link\" aria-label=\"Cambiar a Ingl\u00e9s\" title=\"Cambiar a Ingl\u00e9s\">\n\t\t\t\t\t\t\t                                    <img\n            class=\"wpml-ls-flag\"\n            src=\"https:\/\/timi.eu\/wp-content\/plugins\/sitepress-multilingual-cms\/res\/flags\/en.svg\"\n            alt=\"\"\n            loading=\"lazy\"\n            width=18\n            height=12\n    \/><span class=\"wpml-ls-display\">Ingl\u00e9s<\/span><\/a>\n\t\t\t\t\t<\/li>\n\n\t\t\t\t\n\t\t\t\t\t<li class=\"wpml-ls-slot-shortcode_actions wpml-ls-item wpml-ls-item-fr\">\n\t\t\t\t\t\t<a href=\"https:\/\/timi.eu\/fr\/\" hreflang=\"fr\" lang=\"fr\" class=\"wpml-ls-link\" aria-label=\"Cambiar a Franc\u00e9s\" title=\"Cambiar a Franc\u00e9s\">\n\t\t\t\t\t\t\t                                    <img\n            class=\"wpml-ls-flag\"\n            src=\"https:\/\/timi.eu\/wp-content\/plugins\/sitepress-multilingual-cms\/res\/flags\/fr.svg\"\n            alt=\"\"\n            loading=\"lazy\"\n            width=18\n            height=12\n    \/><span class=\"wpml-ls-display\">Franc\u00e9s<\/span><\/a>\n\t\t\t\t\t<\/li>\n\n\t\t\t\t\n\t\t\t\t\t<li class=\"wpml-ls-slot-shortcode_actions wpml-ls-item wpml-ls-item-nl\">\n\t\t\t\t\t\t<a href=\"https:\/\/timi.eu\/nl\/\" hreflang=\"nl\" lang=\"nl\" class=\"wpml-ls-link\" aria-label=\"Cambiar a Holand\u00e9s\" title=\"Cambiar a Holand\u00e9s\">\n\t\t\t\t\t\t\t                                    <img\n            class=\"wpml-ls-flag\"\n            src=\"https:\/\/timi.eu\/wp-content\/plugins\/sitepress-multilingual-cms\/res\/flags\/nl.svg\"\n            alt=\"\"\n            loading=\"lazy\"\n            width=18\n            height=12\n    \/><span class=\"wpml-ls-display\">Holand\u00e9s<\/span><\/a>\n\t\t\t\t\t<\/li>\n\n\t\t\t\t\n\t\t\t\t\t<li class=\"wpml-ls-slot-shortcode_actions wpml-ls-item wpml-ls-item-ru wpml-ls-last-item\">\n\t\t\t\t\t\t<a href=\"https:\/\/timi.eu\/ru\/\" hreflang=\"ru\" lang=\"ru\" class=\"wpml-ls-link\" aria-label=\"Cambiar a Ruso\" title=\"Cambiar a Ruso\">\n\t\t\t\t\t\t\t                                    <img\n            class=\"wpml-ls-flag\"\n            src=\"https:\/\/timi.eu\/wp-content\/plugins\/sitepress-multilingual-cms\/res\/flags\/ru.svg\"\n            alt=\"\"\n            loading=\"lazy\"\n            width=18\n            height=12\n    \/><span class=\"wpml-ls-display\">Ruso<\/span><\/a>\n\t\t\t\t\t<\/li>\n\n\t\t\t\t\t\t\t<\/ul>\n\n\t\t<\/li>\n\n\t<\/ul>\n<\/div>\n\n<\/div>\n<\/div><\/div><\/div>\n<div class=\"row custom-parallax-01 \" ><div class=\"cherry-box   box-636\"><div class=\"inner\"><div class=\"container\"><div class=\"row row-edge\">\n<div class=\"col-xs-12 col-sm-12 col-md-6 col-lg-6 custom-parallax-text\">\n<div class=\"cherry-spacer   hidden-xs hidden-sm\" style=\"height:75px;\"><\/div><div class=\"cherry-spacer   visible-sm-block\" style=\"height:50px;\"><\/div><div class=\"cherry-spacer   visible-xs-block\" style=\"height:50px;\"><\/div>\n<h2 style=\"text-align: center;\"><strong>IMPULSAR<\/strong><br \/>\n<span style=\"color: #11afbe; font-weight: 500;\">LA CULTURA ANALITICA<\/span><\/h2>\n<p style=\"text-align: center; color: #000;\">Hay una forma de garantizar el \u00e9xito de sus iniciativas anal\u00edticas: debe permitir que su empresa desarrolle una cultura anal\u00edtica. La cultura anal\u00edtica se basa en una idea sencilla: <em>\u00abLas personas que entienden el problema a resolver deben ser las que lo resuelvan\u00bb<\/em>. Es una idea sencilla, pero requiere el uso de una herramienta de an\u00e1lisis que ofrezca los 5 elementos clave,<br \/>\nlos 5 requisitos previos, que se enumeran a continuaci\u00f3n.<\/p>\n<div class=\"cherry-spacer   hidden-xs hidden-sm\" style=\"height:100px;\"><\/div><div class=\"cherry-spacer   visible-sm-block\" style=\"height:50px;\"><\/div><div class=\"cherry-spacer   visible-xs-block\" style=\"height:50px;\"><\/div>\n<\/div>\n<div class=\"col-xs-12 col-sm-12 col-md-6 col-lg-6 custom-parallax-text\">\n<div class=\"cherry-spacer   hidden-xs hidden-sm\" style=\"height:150px;\"><\/div><div class=\"cherry-spacer   visible-sm-block\" style=\"height:0px;\"><\/div><div class=\"cherry-spacer   visible-xs-block\" style=\"height:0px;\"><\/div>\n<div class=\"video-container\"><iframe title=\"Boost analytical culture in your company\" src=\"https:\/\/www.youtube-nocookie.com\/embed\/09CMb63myZY\" allowfullscreen=\"allowfullscreen\" frameborder=\"0\" refererpolicy=\"cross-origin-with-strict-origin\"><\/iframe><\/div>\n<div class=\"cherry-spacer   hidden-xs hidden-sm\" style=\"height:100px;\"><\/div><div class=\"cherry-spacer   visible-sm-block\" style=\"height:100px;\"><\/div><div class=\"cherry-spacer   visible-xs-block\" style=\"height:50px;\"><\/div>\n<\/div>\n<\/div><\/div><\/div><\/div><\/div>\n<div class=\"row custom-parallax-01 \" ><section class=\"parallax-box image-parallax-box \" style=\"min-height: 300px\"><div class=\"parallax-content\"><div class=\"container\"><div class=\"row row-edge\">\n<div class=\"col-xs-12 col-sm-12 col-md-6 col-lg-6 custom-parallax-text\">\n<\/div>\n<div class=\"col-xs-12 col-sm-12 col-md-6 col-lg-6 custom-parallax-text\">\n<div class=\"cherry-spacer   hidden-xs hidden-sm\" style=\"height:120px;\"><\/div><div class=\"cherry-spacer   visible-sm-block\" style=\"height:120px;\"><\/div><div class=\"cherry-spacer   visible-xs-block\" style=\"height:60px;\"><\/div>\n<h2 style=\"text-align: center;\"><strong>1. UN ENFOQUE<\/strong><br \/>\n<span style=\"color: #11afbe; font-weight: 500;\">ITERATIVO<\/span><\/h2>\n<p style=\"text-align: center; color: #000;\">Al permitir una iteraci\u00f3n r\u00e1pida y sencilla, TIMi garantiza la mejora continua de todos los procesos de la empresa. Con cada iteraci\u00f3n, los resultados y las preguntas mejoran para ofrecer cada vez m\u00e1s valor y conocimientos a la empresa.<\/p>\n<div class=\"aligncenter custom-button-1 -wrapper\"><a class=\"cherry-btn cherry-btn-primary cherry-btn-large cherry-btn-inline cherry-btn-fade custom-button-1  button-839\" target=\"_self\" href=\"\/timi\/anatella\/metadatafree\/\">Leer M\u00e1s (ingl\u00e9s)<\/a><\/div>\n<div class=\"cherry-spacer   hidden-xs hidden-sm\" style=\"height:120px;\"><\/div><div class=\"cherry-spacer   visible-sm-block\" style=\"height:120px;\"><\/div><div class=\"cherry-spacer   visible-xs-block\" style=\"height:60px;\"><\/div>\n<\/div>\n<\/div><\/div><div class=\"clear\"><\/div><\/div><div class=\"parallax-bg\" data-parallax-type=\"image\" data-img-url=\"\/wp-content\/uploads\/2022\/02\/picture_2e.png\" data-speed=\"1.5\" data-invert=\"\" ><\/div><\/section><\/div>\n<div class=\"row custom-parallax-01 \" ><div class=\"cherry-box   box-821\"><div class=\"inner\"><div class=\"container\"><div class=\"row row-edge\">\n<div class=\"col-xs-12 col-sm-12 col-md-6 col-lg-6 custom-parallax-text\">\n<div class=\"cherry-spacer   hidden-xs hidden-sm\" style=\"height:75px;\"><\/div><div class=\"cherry-spacer   visible-sm-block\" style=\"height:50px;\"><\/div><div class=\"cherry-spacer   visible-xs-block\" style=\"height:50px;\"><\/div>\n<h2 style=\"text-align: center;\"><strong>2. UNA HERRAMIENTA<\/strong><br \/>\n<span style=\"color: #11afbe; font-weight: 500;\">DE AUTOSERVICIO<\/span><\/h2>\n<p style=\"text-align: center; color: #000;\">Gracias a su interfaz de autoservicio sin c\u00f3digos, TIMi permite que cada interesado aporte su experiencia al proceso de preparaci\u00f3n de datos. Las partes interesadas y los analistas de negocio pueden ser una parte integral del proceso de resoluci\u00f3n de problemas anal\u00edticos.<\/p>\n<div class=\"aligncenter custom-button-1 -wrapper\"><a class=\"cherry-btn cherry-btn-primary cherry-btn-large cherry-btn-inline cherry-btn-fade custom-button-1  button-952\" target=\"_self\" href=\"https:\/\/timi.eu\/es\/timi\/etica\/#divas\">Leer M\u00e1s (ingl\u00e9s)<\/a><\/div>\n<div class=\"cherry-spacer   hidden-xs hidden-sm\" style=\"height:100px;\"><\/div><div class=\"cherry-spacer   visible-sm-block\" style=\"height:50px;\"><\/div><div class=\"cherry-spacer   visible-xs-block\" style=\"height:50px;\"><\/div>\n<\/div>\n<\/div><\/div><\/div><\/div><\/div>\n<div class=\"row custom-parallax-01 \" ><section class=\"parallax-box image-parallax-box \" style=\"min-height: 300px\"><div class=\"parallax-content\"><div class=\"container\"><div class=\"row row-edge\">\n<div class=\"col-xs-12 col-sm-12 col-md-6 col-lg-6 custom-parallax-text\">\n<\/div>\n<div class=\"col-xs-12 col-sm-12 col-md-6 col-lg-6 custom-parallax-text\">\n<div class=\"cherry-spacer   hidden-xs hidden-sm\" style=\"height:120px;\"><\/div><div class=\"cherry-spacer   visible-sm-block\" style=\"height:120px;\"><\/div><div class=\"cherry-spacer   visible-xs-block\" style=\"height:60px;\"><\/div>\n<h2 style=\"text-align: center;\"><strong>3. UNA HERRAMIENTA<\/strong><br \/>\n<span style=\"color: #11afbe; font-weight: 500;\">UNIFICADORA E INTEGRADORA<\/span><\/h2>\n<p style=\"text-align: center; color: #000;\">Con un sistema \u00fanico basado en capas de abstracci\u00f3n, los usuarios de negocio pueden colaborar f\u00e1cilmente con los usuarios m\u00e1s avanzados t\u00e9cnicamente (codificadores en R, Python y JS) para resolver el problema de negocio en cuesti\u00f3n. De este modo, todos los que participan en el an\u00e1lisis de datos colaboran para aportar un valor real a su empresa.<\/p>\n<div class=\"aligncenter custom-button-1 -wrapper\"><a class=\"cherry-btn cherry-btn-primary cherry-btn-large cherry-btn-inline cherry-btn-fade custom-button-1  button-654\" target=\"_self\" href=\"\/timi\/anatella\/abstraction-layer\/\">Leer M\u00e1s (ingl\u00e9s)<\/a><\/div>\n<div class=\"cherry-spacer   hidden-xs hidden-sm\" style=\"height:120px;\"><\/div><div class=\"cherry-spacer   visible-sm-block\" style=\"height:120px;\"><\/div><div class=\"cherry-spacer   visible-xs-block\" style=\"height:60px;\"><\/div>\n<\/div>\n<\/div><\/div><div class=\"clear\"><\/div><\/div><div class=\"parallax-bg\" data-parallax-type=\"image\" data-img-url=\"\/wp-content\/uploads\/2022\/02\/picture_4b.png\" data-speed=\"1.5\" data-invert=\"\" ><\/div><\/section><\/div>\n<div class=\"row custom-parallax-01 \" ><div class=\"cherry-box   box-285\"><div class=\"inner\"><div class=\"container\"><div class=\"row row-edge\">\n<div class=\"col-xs-12 col-sm-12 col-md-6 col-lg-6 custom-parallax-text\">\n<div class=\"cherry-spacer   hidden-xs hidden-sm\" style=\"height:75px;\"><\/div><div class=\"cherry-spacer   visible-sm-block\" style=\"height:50px;\"><\/div><div class=\"cherry-spacer   visible-xs-block\" style=\"height:50px;\"><\/div>\n<h2 style=\"text-align: center;\"><strong>4. UNA HERRAMIENTA<\/strong><br \/>\n<span style=\"color: #11afbe; font-weight: 500;\">F\u00c1CIL DE AUTOMATIZAR<\/span><\/h2>\n<p style=\"text-align: center; color: #000;\">Despliegue todos sus procesos en producci\u00f3n con s\u00f3lo 4 clics de rat\u00f3n. Anatella ofrece una s\u00f3lida automatizaci\u00f3n de todos sus procesos. Puede manejar tablas de cientos de miles de millones de filas con confianza. Totalmente compatible con el programador gratuito Jenkins o cualquier otro programador, Anatella puede manejar absolutamente cualquier situaci\u00f3n de programaci\u00f3n.<\/p>\n<div class=\"aligncenter custom-button-1 -wrapper\"><a class=\"cherry-btn cherry-btn-primary cherry-btn-large cherry-btn-inline cherry-btn-fade custom-button-1  button-802\" target=\"_self\" href=\"https:\/\/youtu.be\/FjIGV2LkcHo&#038;list=PL4qkG0nrZkJ2BqY6XwVBQmDXGKA5CtT0E&#038;index=2\">M\u00e1s informaci\u00f3n (ingl\u00e9s)<\/a><\/div>\n<div class=\"cherry-spacer   hidden-xs hidden-sm\" style=\"height:100px;\"><\/div><div class=\"cherry-spacer   visible-sm-block\" style=\"height:50px;\"><\/div><div class=\"cherry-spacer   visible-xs-block\" style=\"height:50px;\"><\/div>\n<\/div>\n<\/div><\/div><\/div><\/div><\/div>\n<div class=\"row custom-parallax-01 \" ><section class=\"parallax-box image-parallax-box \" style=\"min-height: 300px\"><div class=\"parallax-content\"><div class=\"container\"><div class=\"row row-edge\">\n<div class=\"col-xs-12 col-sm-12 col-md-6 col-lg-6 custom-parallax-text\">\n<\/div>\n<div class=\"col-xs-12 col-sm-12 col-md-6 col-lg-6 custom-parallax-text\">\n<div class=\"cherry-spacer   hidden-xs hidden-sm\" style=\"height:120px;\"><\/div><div class=\"cherry-spacer   visible-sm-block\" style=\"height:120px;\"><\/div><div class=\"cherry-spacer   visible-xs-block\" style=\"height:60px;\"><\/div>\n<h2 style=\"text-align: center;\"><strong>5. UNA HERRAMIENTA<\/strong><br \/>\n<span style=\"color: #11afbe; font-weight: 500;\">SIN COSTES VARIABLES<\/span><\/h2>\n<p style=\"text-align: center; color: #000;\">Los costes variables tienen un efecto perverso: penalizan, reprenden, desaniman y, en \u00faltima instancia, impiden que trabajen los mejores. Anime a sus cient\u00edficos de datos m\u00e1s motivados ofreci\u00e9ndoles una soluci\u00f3n sin costes variables. Adem\u00e1s, con Anatella, sus costes de infraestructura son fijos y se reducen porque Anatella es capaz de absorber pr\u00e1cticamente cualquier carga y volumen computacional en una infraestructura muy peque\u00f1a.<\/p>\n<div class=\"aligncenter custom-button-1 -wrapper\"><a class=\"cherry-btn cherry-btn-primary cherry-btn-large cherry-btn-inline cherry-btn-fade custom-button-1  button-172\" target=\"_self\" href=\"\/es\/timi\/etica\/#autonomous\">Leer M\u00e1s<\/a><\/div>\n<div class=\"cherry-spacer   hidden-xs hidden-sm\" style=\"height:120px;\"><\/div><div class=\"cherry-spacer   visible-sm-block\" style=\"height:120px;\"><\/div><div class=\"cherry-spacer   visible-xs-block\" style=\"height:60px;\"><\/div>\n<\/div>\n<\/div><\/div><div class=\"clear\"><\/div><\/div><div class=\"parallax-bg\" data-parallax-type=\"image\" data-img-url=\"\/wp-content\/uploads\/2022\/02\/picture_6b.png\" data-speed=\"1.5\" data-invert=\"\" ><\/div><\/section><\/div>\n<div class=\"row custom-parallax-01 \" ><div class=\"cherry-box   box-788\"><div class=\"inner\"><div class=\"container\"><div class=\"row row-edge\">\n<div class=\"col-xs-12 col-sm-12 col-md-6 col-lg-6 custom-parallax-text\">\n<div class=\"cherry-spacer   hidden-xs hidden-sm\" style=\"height:100px;\"><\/div><div class=\"cherry-spacer   visible-sm-block\" style=\"height:100px;\"><\/div><div class=\"cherry-spacer   visible-xs-block\" style=\"height:50px;\"><\/div>\n<h2 style=\"text-align: center;\"><strong>VER SUS PROYECTOS<\/strong> <span style=\"color: #11afbe; font-weight: 500;\">HASTA SU FINALIZACI\u00d3N<\/span><\/h2>\n<p style=\"text-align: center; color: #000;\">Ahora conoce los 5 puntos clave que le permiten desarrollar una cultura anal\u00edtica y llevar a cabo sus proyectos anal\u00edticos.<\/p>\n<p style=\"text-align: center; color: #000;\">La idea de una cultura anal\u00edtica es sencilla, pero casi nunca se pone en pr\u00e1ctica porque los 5 requisitos previos necesarios casi nunca est\u00e1n disponibles en la empresa. En la actualidad, s\u00f3lo existe una soluci\u00f3n de ciencia de datos que cumple los 5 requisitos: TIMi.<\/p>\n<div class=\"cherry-spacer   hidden-xs hidden-sm\" style=\"height:100px;\"><\/div><div class=\"cherry-spacer   visible-sm-block\" style=\"height:100px;\"><\/div><div class=\"cherry-spacer   visible-xs-block\" style=\"height:50px;\"><\/div>\n<\/div>\n<\/div><\/div><\/div><\/div><\/div>\n<div class=\"row  \" ><div class=\"container\"><div class=\"row row-edge\">\n<div class=\"col-xs-12 col-sm-12 col-md-12 col-lg-12 custom-home-text\">\n<div class=\"cherry-spacer   hidden-xs hidden-sm\" style=\"height:100px;\"><\/div><div class=\"cherry-spacer   visible-sm-block\" style=\"height:100px;\"><\/div><div class=\"cherry-spacer   visible-xs-block\" style=\"height:50px;\"><\/div>\n<h2 style=\"text-align: center;\"><strong>\u00a1EMPEZAR!<\/strong><\/h2>\n<p style=\"text-align: center; color: #000;\">Ahora s\u00f3lo tiene que dar el paso y unirse a los cientos de empresas<br \/>\nque est\u00e1n innovando a trav\u00e9s de la anal\u00edtica con TIMi.<\/p>\n<p style=\"text-align: center; color: #000;\">\nPor lo general, 2 meses son suficientes para comprender todo lo que una gran herramienta de<br \/>\nan\u00e1lisis como TIMi puede ofrecerle. Pero, como cada empresa aborda la anal\u00edtica de forma<br \/>\ndiferente, su prueba gratuita de TIMi es flexible para adaptarse a su forma de trabajar.<\/p>\n<div style=\"text-align:center;\">\n<a class=\"cherry-btn cherry-btn-primary cherry-btn-large cherry-btn-inline cherry-btn-fade custom-button-1 bottombtn  button-617\" target=\"_self\" href=\"\/es\/descargar\/\">Empezar ! Descargar TIMi !<\/a>\n<a class=\"cherry-btn cherry-btn-primary cherry-btn-large cherry-btn-inline cherry-btn-fade custom-button-1  button-606\" target=\"_self\" href=\"\/blog\/anatella\/boost-analytical-culture-in-your-company\/\">M\u00e1s informaci\u00f3n sobre la cultura anal\u00edtica en nuestro blog (ingl\u00e9s)<\/a><\/div>\n<div class=\"cherry-spacer   hidden-xs hidden-sm\" style=\"height:120px;\"><\/div><div class=\"cherry-spacer   visible-sm-block\" style=\"height:120px;\"><\/div><div class=\"cherry-spacer   visible-xs-block\" style=\"height:60px;\"><\/div>\n<\/div>\n<\/div><\/div><\/div>\n","protected":false},"excerpt":{"rendered":"","protected":false},"author":1,"featured_media":0,"parent":12020,"menu_order":0,"comment_status":"closed","ping_status":"closed","template":"","meta":[],"_links":{"self":[{"href":"https:\/\/timi.eu\/es\/wp-json\/wp\/v2\/pages\/17671"}],"collection":[{"href":"https:\/\/timi.eu\/es\/wp-json\/wp\/v2\/pages"}],"about":[{"href":"https:\/\/timi.eu\/es\/wp-json\/wp\/v2\/types\/page"}],"author":[{"embeddable":true,"href":"https:\/\/timi.eu\/es\/wp-json\/wp\/v2\/users\/1"}],"replies":[{"embeddable":true,"href":"https:\/\/timi.eu\/es\/wp-json\/wp\/v2\/comments?post=17671"}],"version-history":[{"count":20,"href":"https:\/\/timi.eu\/es\/wp-json\/wp\/v2\/pages\/17671\/revisions"}],"predecessor-version":[{"id":21553,"href":"https:\/\/timi.eu\/es\/wp-json\/wp\/v2\/pages\/17671\/revisions\/21553"}],"up":[{"embeddable":true,"href":"https:\/\/timi.eu\/es\/wp-json\/wp\/v2\/pages\/12020"}],"wp:attachment":[{"href":"https:\/\/timi.eu\/es\/wp-json\/wp\/v2\/media?parent=17671"}],"curies":[{"name":"wp","href":"https:\/\/api.w.org\/{rel}","templated":true}]}}