{"id":13599,"date":"2021-05-07T17:12:40","date_gmt":"2021-05-07T17:12:40","guid":{"rendered":"https:\/\/timi.eu\/?page_id=13599"},"modified":"2021-05-11T18:24:50","modified_gmt":"2021-05-11T18:24:50","slug":"kibella","status":"publish","type":"page","link":"https:\/\/timi.eu\/es\/timi\/kibella\/","title":{"rendered":"Kibella"},"content":{"rendered":"<div class=\"row  \" ><div class=\"container\"><div class=\"row row-edge\">\n<div class=\"col-xs-12 col-sm-12 col-md-12 col-lg-12 pageswitcher\">\n\n<div\n\t class=\"wpml-ls-statics-shortcode_actions wpml-ls wpml-ls-legacy-dropdown js-wpml-ls-legacy-dropdown\">\n\t<ul>\n\n\t\t<li tabindex=\"0\" class=\"wpml-ls-slot-shortcode_actions wpml-ls-item wpml-ls-item-es wpml-ls-current-language wpml-ls-item-legacy-dropdown\">\n\t\t\t<a href=\"#\" class=\"js-wpml-ls-item-toggle wpml-ls-item-toggle\">\n                                                    <img\n            class=\"wpml-ls-flag\"\n            src=\"https:\/\/timi.eu\/wp-content\/plugins\/sitepress-multilingual-cms\/res\/flags\/es.png\"\n            alt=\"\"\n            width=18\n            height=12\n    \/><span class=\"wpml-ls-native\">Espa\u00f1ol<\/span><\/a>\n\n\t\t\t<ul class=\"wpml-ls-sub-menu\">\n\t\t\t\t\n\t\t\t\t\t<li class=\"wpml-ls-slot-shortcode_actions wpml-ls-item wpml-ls-item-en wpml-ls-first-item\">\n\t\t\t\t\t\t<a href=\"https:\/\/timi.eu\" class=\"wpml-ls-link\">\n                                                                <img\n            class=\"wpml-ls-flag\"\n            src=\"https:\/\/timi.eu\/wp-content\/plugins\/sitepress-multilingual-cms\/res\/flags\/en.png\"\n            alt=\"\"\n            width=18\n            height=12\n    \/><span class=\"wpml-ls-display\">Ingl\u00e9s<\/span><\/a>\n\t\t\t\t\t<\/li>\n\n\t\t\t\t\n\t\t\t\t\t<li class=\"wpml-ls-slot-shortcode_actions wpml-ls-item wpml-ls-item-fr\">\n\t\t\t\t\t\t<a href=\"https:\/\/timi.eu\/fr\/\" class=\"wpml-ls-link\">\n                                                                <img\n            class=\"wpml-ls-flag\"\n            src=\"https:\/\/timi.eu\/wp-content\/plugins\/sitepress-multilingual-cms\/res\/flags\/fr.png\"\n            alt=\"\"\n            width=18\n            height=12\n    \/><span class=\"wpml-ls-display\">Franc\u00e9s<\/span><\/a>\n\t\t\t\t\t<\/li>\n\n\t\t\t\t\n\t\t\t\t\t<li class=\"wpml-ls-slot-shortcode_actions wpml-ls-item wpml-ls-item-nl\">\n\t\t\t\t\t\t<a href=\"https:\/\/timi.eu\/nl\/\" class=\"wpml-ls-link\">\n                                                                <img\n            class=\"wpml-ls-flag\"\n            src=\"https:\/\/timi.eu\/wp-content\/plugins\/sitepress-multilingual-cms\/res\/flags\/nl.png\"\n            alt=\"\"\n            width=18\n            height=12\n    \/><span class=\"wpml-ls-display\">Holand\u00e9s<\/span><\/a>\n\t\t\t\t\t<\/li>\n\n\t\t\t\t\n\t\t\t\t\t<li class=\"wpml-ls-slot-shortcode_actions wpml-ls-item wpml-ls-item-ru wpml-ls-last-item\">\n\t\t\t\t\t\t<a href=\"https:\/\/timi.eu\/ru\/\" class=\"wpml-ls-link\">\n                                                                <img\n            class=\"wpml-ls-flag\"\n            src=\"https:\/\/timi.eu\/wp-content\/plugins\/sitepress-multilingual-cms\/res\/flags\/ru.png\"\n            alt=\"\"\n            width=18\n            height=12\n    \/><span class=\"wpml-ls-display\">Ruso<\/span><\/a>\n\t\t\t\t\t<\/li>\n\n\t\t\t\t\t\t\t<\/ul>\n\n\t\t<\/li>\n\n\t<\/ul>\n<\/div>\n\n<\/div>\n<\/div><\/div><\/div>\n<div class=\"row custom-parallax-01 \" ><section class=\"parallax-box image-parallax-box \" style=\"min-height: 300px\"><div class=\"parallax-content\"><div class=\"container\"><div class=\"row row-edge\">\n<div class=\"col-xs-12 col-sm-12 col-md-12 col-lg-12 custom-parallax-text\">\n<div class=\"cherry-spacer   hidden-xs hidden-sm\" style=\"height:150px;\"><\/div><div class=\"cherry-spacer   visible-sm-block\" style=\"height:75px;\"><\/div><div class=\"cherry-spacer   visible-xs-block\" style=\"height:50px;\"><\/div>\n<img decoding=\"async\" class=\"aligncenter size-full wp-image-1564\" style=\"position: relative;\" src=\"\/wp-content\/uploads\/2016\/08\/kibella-min.png\" alt=\"Kibella\" width=\"75\"><\/p>\n<h2 style=\"text-align: center;\"><span style=\"color: #333;\"><strong>KIBELLA<\/strong><br \/>\nLA INTELIGENCIA DE NEGOCIOS<br \/>\n<span style=\"display: block;\">AL ALCANCE DE TODOS<\/span><\/span><\/h2>\n<div class=\"cherry-spacer   hidden-xs hidden-sm\" style=\"height:150px;\"><\/div><div class=\"cherry-spacer   visible-sm-block\" style=\"height:75px;\"><\/div><div class=\"cherry-spacer   visible-xs-block\" style=\"height:50px;\"><\/div>\n<\/div>\n<\/div><\/div><div class=\"clear\"><\/div><\/div><div class=\"parallax-bg\" data-parallax-type=\"image\" data-img-url=\"\/wp-content\/uploads\/2020\/03\/panorama.jpg\" data-speed=\"1.5\" data-invert=\"\" ><\/div><\/section><\/div>\n<div class=\"row custom-services-price-wrapper2 \" ><div class=\"cherry-box   box-543\"><div class=\"inner\"><div class=\"container\"><div class=\"row row-edge\">\n<div class=\"cherry-spacer   hidden-xs hidden-sm\" style=\"height:40px;\"><\/div><div class=\"cherry-spacer   visible-sm-block\" style=\"height:20px;\"><\/div><div class=\"cherry-spacer   visible-xs-block\" style=\"height:20px;\"><\/div>\n<div class=\"col-xs-12 col-sm-6 col-md-6 col-lg-4\">\n<h3 style=\"color: #333; line-height: 50px; text-align: center;\"><img decoding=\"async\" class=\"size-full wp-image-12520\" style=\"display: inline; height: 50px;\" src=\"\/wp-content\/uploads\/2020\/09\/infinity-icon.png\" alt=\"illimit\u00e9\"><span style=\"margin-left: 20px;\">ILIMITADO<\/span><\/h3>\n<p style=\"color: #000; text-align: center;\">D\u00e9 a todos sus usuarios finales la oportunidad de<br \/>\nla posibilidad de tomar decisiones con conocimiento<br \/>\nde causa basado en la experiencia de sus analistas.<\/p>\n<div class=\"cherry-spacer   hidden-xs hidden-sm\" style=\"height:50px;\"><\/div><div class=\"cherry-spacer   visible-sm-block\" style=\"height:30px;\"><\/div><div class=\"cherry-spacer   visible-xs-block\" style=\"height:15px;\"><\/div>\n<\/div>\n<div class=\"col-xs-12 col-sm-6 col-md-6 col-lg-4\">\n<h3 style=\"color: #333; line-height: 50px; text-align: center;\"><span class=\"fa fa-pencil-square-o cherry-icon   icon-225\"><\/span><span style=\"margin-left: 20px;\">PERSONALIZADO<\/span><\/h3>\n<p style=\"color: #000; text-align: center;\">Creando sus propios cuadros de mando,<br \/>\ntodas las personas acreditadas se convierten<br \/>\nen los responsables de la toma de decisiones<br \/>\nbasadas en datos.<\/p>\n<div class=\"cherry-spacer   hidden-xs hidden-sm\" style=\"height:50px;\"><\/div><div class=\"cherry-spacer   visible-sm-block\" style=\"height:30px;\"><\/div><div class=\"cherry-spacer   visible-xs-block\" style=\"height:15px;\"><\/div>\n<\/div>\n<div class=\"col-xs-12 col-sm-6 col-md-6 col-lg-4\">\n<h3 style=\"color: #333; line-height: 50px; text-align: center;\"><img decoding=\"async\" class=\"size-full wp-image-12520\" style=\"display: inline; width: 50px;\" src=\"\/wp-content\/uploads\/2020\/09\/sun-icon.png\" alt=\"illimit\u00e9\"><span style=\"margin-left: 20px;\">CLAIR<\/span><\/h3>\n<p style=\"color: #000; text-align: center;\">Un gr\u00e1fico es mejor que un largo discurso.<br \/>\nSea claro en el momento m\u00e1s adecuado.<\/p>\n<\/div>\n<div class=\"col-xs-12 col-sm-6 col-md-6 col-lg-1\">\n<div class=\"cherry-spacer   hidden-xs hidden-sm\" style=\"height:50px;\"><\/div><div class=\"cherry-spacer   visible-sm-block\" style=\"height:30px;\"><\/div><div class=\"cherry-spacer   visible-xs-block\" style=\"height:15px;\"><\/div>\n<\/div>\n<\/div><\/div><\/div><\/div><\/div>\n<div id=\"what-is-kibella\"><\/div>\n<div class=\"row custom-services-price-wrapper2 \" ><div class=\"cherry-box   box-292\"><div class=\"inner\"><div class=\"container\"><div class=\"row row-edge\">\n<div class=\"cherry-spacer   hidden-xs hidden-sm\" style=\"height:70px;\"><\/div><div class=\"cherry-spacer   visible-sm-block\" style=\"height:50px;\"><\/div><div class=\"cherry-spacer   visible-xs-block\" style=\"height:25px;\"><\/div>\n<div class=\"col-xs-12 col-sm-6 col-md-6 col-lg-6\">\n<a class=\"single-popup-image\" href=\"\/wp-content\/uploads\/2016\/08\/2018-12-18_151829.png\"><img decoding=\"async\" class=\"aligncenter size-large wp-image-4746\" src=\"\/wp-content\/uploads\/2016\/08\/2018-12-18_151829-1024x760.png\" alt=\"2018-12-18_151829\" width=\"80%\" srcset=\"https:\/\/timi.eu\/wp-content\/uploads\/2016\/08\/2018-12-18_151829-1024x760.png 1024w, https:\/\/timi.eu\/wp-content\/uploads\/2016\/08\/2018-12-18_151829-600x445.png 600w, https:\/\/timi.eu\/wp-content\/uploads\/2016\/08\/2018-12-18_151829-300x223.png 300w, https:\/\/timi.eu\/wp-content\/uploads\/2016\/08\/2018-12-18_151829-768x570.png 768w, https:\/\/timi.eu\/wp-content\/uploads\/2016\/08\/2018-12-18_151829.png 1216w\" sizes=\"(max-width: 1024px) 100vw, 1024px\" \/><\/a><br \/>\n<div class=\"cherry-spacer   hidden-xs hidden-sm\" style=\"height:20px;\"><\/div><div class=\"cherry-spacer   visible-sm-block\" style=\"height:30px;\"><\/div><div class=\"cherry-spacer   visible-xs-block\" style=\"height:15px;\"><\/div>\n<\/div>\n<div class=\"col-xs-12 col-sm-6 col-md-6 col-lg-6\">\n<h3 style=\"margin-left: 20px;\"><span style=\"color: #d473ff; font-weight: bold;\">KIBELLA<\/span> <span style=\"color: #333;\">ES EL ACCESO AL<\/span> <span style=\"color: #d473ff; font-weight: bold;\">CONOCIMIENTO<\/span><span style=\"color: #333;\">:<\/span><\/h3>\n<div class=\"cherry-spacer   hidden-xs hidden-sm\" style=\"height:10px;\"><\/div><div class=\"cherry-spacer   visible-sm-block\" style=\"height:5px;\"><\/div><div class=\"cherry-spacer   visible-xs-block\" style=\"height:5px;\"><\/div>\n<ul>\n<li>Extraiga informaci\u00f3n procesable de sus datos.<\/li>\n<div class=\"cherry-spacer   hidden-xs hidden-sm\" style=\"height:20px;\"><\/div><div class=\"cherry-spacer   visible-sm-block\" style=\"height:10px;\"><\/div><div class=\"cherry-spacer   visible-xs-block\" style=\"height:10px;\"><\/div>\n<li>Cree sus propios cuadros de mando en unos pocos clics.<\/li>\n<div class=\"cherry-spacer   hidden-xs hidden-sm\" style=\"height:20px;\"><\/div><div class=\"cherry-spacer   visible-sm-block\" style=\"height:10px;\"><\/div><div class=\"cherry-spacer   visible-xs-block\" style=\"height:10px;\"><\/div>\n<li>Combine gr\u00e1ficos y diagramas para obtener un informe excepcional.<\/li>\n<div class=\"cherry-spacer   hidden-xs hidden-sm\" style=\"height:20px;\"><\/div><div class=\"cherry-spacer   visible-sm-block\" style=\"height:10px;\"><\/div><div class=\"cherry-spacer   visible-xs-block\" style=\"height:10px;\"><\/div>\n<li>Comunique sus KPI de forma din\u00e1mica y atractiva.<\/li>\n<div class=\"cherry-spacer   hidden-xs hidden-sm\" style=\"height:20px;\"><\/div><div class=\"cherry-spacer   visible-sm-block\" style=\"height:10px;\"><\/div><div class=\"cherry-spacer   visible-xs-block\" style=\"height:10px;\"><\/div>\n<li>Desarrolle una cultura basada en los datos para su empresa.<\/li>\n<\/ul>\n<div class=\"cherry-spacer   hidden-xs hidden-sm\" style=\"height:20px;\"><\/div><div class=\"cherry-spacer   visible-sm-block\" style=\"height:10px;\"><\/div><div class=\"cherry-spacer   visible-xs-block\" style=\"height:10px;\"><\/div>\n<div class=\"row  \" ><div class=\"container\"><div class=\"row row-edge\">\n<div class=\"col-xs-6 col-sm-6 col-md-6 col-lg-6\">\n<div class=\"aligncenter custom-button-1 -wrapper\"><a class=\"cherry-btn cherry-btn-primary cherry-btn-medium cherry-btn-inline cherry-btn-fade custom-button-1  button-765\" target=\"_self\" href=\"\/downloads\/\">Descargar Kibella<\/a><\/div>\n<\/div>\n<div class=\"col-xs-6 col-sm-6 col-md-6 col-lg-6\">\n<a class=\"cherry-btn cherry-btn-primary cherry-btn-medium cherry-btn-inline cherry-btn-fade custom-button-1  button-733\" target=\"_blank\" href=\"http:\/\/www.anatella.com\/kibella\">Online demo<\/a>\n<\/div>\n<\/div><\/div><\/div>\n<\/div>\n<div class=\"col-xs-12 col-sm-12 col-md-12 col-lg-12\">\n<div class=\"cherry-spacer   hidden-xs hidden-sm\" style=\"height:70px;\"><\/div><div class=\"cherry-spacer   visible-sm-block\" style=\"height:25px;\"><\/div><div class=\"cherry-spacer   visible-xs-block\" style=\"height:15px;\"><\/div>\n<\/div>\n<\/div><\/div><\/div><\/div><\/div>\n<div id=\"kibella-features\"><\/div>\n<div class=\"row  \" ><div class=\"container\"><div class=\"row row-edge\">\n<div class=\"col-xs-12 col-sm-12 col-md-12 col-lg-12 custom-home-text\">\n<div class=\"cherry-spacer   hidden-xs hidden-sm\" style=\"height:100px;\"><\/div><div class=\"cherry-spacer   visible-sm-block\" style=\"height:50px;\"><\/div><div class=\"cherry-spacer   visible-xs-block\" style=\"height:50px;\"><\/div>\n<h2 style=\"text-align: center;\"><span style=\"color: #000;\"><strong>POR QU\u00c9<\/strong><\/span>&nbsp;<span style=\"color: #d473ff; font-weight: 500;\">KIBELLA<\/span><\/h2>\n<div class=\"cherry-spacer   hidden-xs hidden-sm\" style=\"height:30px;\"><\/div><div class=\"cherry-spacer   visible-sm-block\" style=\"height:15px;\"><\/div><div class=\"cherry-spacer   visible-xs-block\" style=\"height:10px;\"><\/div>\n<\/div>\n<div class=\"col-xs-12 col-sm-12 col-md-12 col-lg-12\">\n<div class=\"row  \" ><div class=\"container\"><div class=\"row row-edge\">\n<div class=\"col-xs-12 col-sm-4 col-md-4 col-lg-4\">\n<h3><span style=\"color: #d473ff;\">Gran selecci\u00f3n de gr\u00e1ficos<\/span><\/h3>\n<p>Cree histogramas, gr\u00e1ficos de dispersi\u00f3n, nubes de palabras, gr\u00e1ficos circulares, mapas e informaci\u00f3n SIG, Sankey&#8230; Incruste sus cuadros de mando en cualquier p\u00e1gina web con un simple copiar\/pegar.<br \/>\n<\/div>\n<div class=\"col-xs-12 col-sm-4 col-md-4 col-lg-4\">\n<h3><span style=\"color: #d473ff;\">Desglose instant\u00e1neo<\/span><\/h3>\n<p>Gracias a un sistema exclusivo, Kibella ofrece un desglose instant\u00e1neo de las consultas m\u00e1s habituales. Cuanto m\u00e1s se utilice Kibella, m\u00e1s refinadas se vuelven las estad\u00edsticas de los desgloses m\u00e1s comunes, y m\u00e1s r\u00e1pidos se vuelven los desgloses de Kibella.<br \/>\n<\/div>\n<div class=\"col-xs-12 col-sm-4 col-md-4 col-lg-4\">\n<h3><span style=\"color: #d473ff;\">Plataforma segura<\/span><\/h3>\n<p>Kibella se ejecuta en un servidor Apache con funcionalidad PHP. Al utilizar la plataforma m\u00e1s com\u00fan, garantizamos un sistema robusto, seguro, eficiente y f\u00e1cilmente desplegable en la nube o en su propia intranet.<br \/>\n<\/div>\n<\/div><\/div><\/div>\n<div class=\"row  \" ><div class=\"container\"><div class=\"row row-edge\">\n<div class=\"col-xs-12 col-sm-4 col-md-4 col-lg-4\">\n<h3><span style=\"color: #d473ff;\">Control total<\/span><\/h3>\n<p>Los cuadros de mando se publican en modo abierto o protegido. Algunos usuarios podr\u00e1n a\u00f1adir y editar elementos, mover gr\u00e1ficos&#8230; mientras que otros simplemente ver\u00e1n y utilizar\u00e1n cuadros de mando fijos.<br \/>\n<\/div>\n<div class=\"col-xs-12 col-sm-4 col-md-4 col-lg-4\">\n<h3><span style=\"color: #d473ff;\">Open Source<\/span><\/h3>\n<p>Kibella es de c\u00f3digo abierto, lo que significa que puedes mejorar, a\u00f1adir y modificar sus caracter\u00edsticas para adaptarlas a tus necesidades. El c\u00f3digo de Kibella est\u00e1 basado en las librer\u00edas AngularJS y plotty, por lo que es accesible a millones de desarrolladores de todo el mundo. <a class=\"contentlink\" href=\"https:\/\/github.com\/Kranf99\/kibella\" target=\"_blank\" rel=\"noopener\">El repositorio Github del proyecto est\u00e1 abierto y se encuentra aqu\u00ed.<br \/>\n.<\/a><br \/>\n<\/div>\n<div class=\"col-xs-12 col-sm-4 col-md-4 col-lg-4\">\n<\/div>\n<\/div><\/div><\/div>\n<div class=\"cherry-spacer   hidden-xs hidden-sm\" style=\"height:100px;\"><\/div><div class=\"cherry-spacer   visible-sm-block\" style=\"height:60px;\"><\/div><div class=\"cherry-spacer   visible-xs-block\" style=\"height:30px;\"><\/div>\n<\/div>\n<\/div><\/div><\/div>\n<div class=\"row custom-parallax-01 \" ><div class=\"cherry-box   box-434\"><div class=\"inner\"><div class=\"container\"><div class=\"row row-edge\">\n<div class=\"col-xs-12 col-sm-12 col-md-4 col-lg-4 custom-parallax-text\">\n<div class=\"cherry-spacer   hidden-xs hidden-sm\" style=\"height:70px;\"><\/div><div class=\"cherry-spacer   visible-sm-block\" style=\"height:40px;\"><\/div><div class=\"cherry-spacer   visible-xs-block\" style=\"height:30px;\"><\/div>\n<img decoding=\"async\" loading=\"lazy\" class=\"aligncenter size-full wp-image-12540\" src=\"\/wp-content\/uploads\/2020\/09\/share-icon.png\" alt=\"share-icon\" width=\"220\" height=\"237\"><br \/>\n<\/div>\n<div class=\"col-xs-12 col-sm-12 col-md-8 col-lg-8 custom-parallax-text\">\n<div class=\"cherry-spacer   hidden-xs hidden-sm\" style=\"height:70px;\"><\/div><div class=\"cherry-spacer   visible-sm-block\" style=\"height:40px;\"><\/div><div class=\"cherry-spacer   visible-xs-block\" style=\"height:30px;\"><\/div>\n<h2 style=\"text-align: left;\"><strong>3 FORMAS <\/strong><span style=\"color: #d473ff; font-weight: 500;\">DE COMPATIR<\/span><\/h2>\n<ul style=\"color: #000; text-align: left;\">\n<li>La opci\u00f3n \u00ab<i>embed this dashboard<\/i>\u00bb crea una URL que permite al usuario incrustar sus tableros en cualquier p\u00e1gina HTML (en un iframe).<\/li>\n<div class=\"cherry-spacer   hidden-xs hidden-sm\" style=\"height:20px;\"><\/div><div class=\"cherry-spacer   visible-sm-block\" style=\"height:10px;\"><\/div><div class=\"cherry-spacer   visible-xs-block\" style=\"height:10px;\"><\/div>\n<li>La opci\u00f3n \u00ab<i>share a read-only link<\/i>\u00bb crea una URL que permite al usuario ver pero no modificar el tablero.<\/li>\n<div class=\"cherry-spacer   hidden-xs hidden-sm\" style=\"height:20px;\"><\/div><div class=\"cherry-spacer   visible-sm-block\" style=\"height:10px;\"><\/div><div class=\"cherry-spacer   visible-xs-block\" style=\"height:10px;\"><\/div>\n<li>La opci\u00f3n \u00ab<i>share a link<\/i>\u00bb crea una URL que permite al usuario reorganizar y modificar el cuadro de mandos como desee.<\/li>\n<\/ul>\n<div class=\"cherry-spacer   hidden-xs hidden-sm\" style=\"height:100px;\"><\/div><div class=\"cherry-spacer   visible-sm-block\" style=\"height:100px;\"><\/div><div class=\"cherry-spacer   visible-xs-block\" style=\"height:60px;\"><\/div>\n<\/div>\n<\/div><\/div><\/div><\/div><\/div>\n<div class=\"row custom-testimonial-block5 \" ><div class=\"container\"><div class=\"row row-edge\">\n<div class=\"col-xs-12 col-sm-12 col-md-12 col-lg-12\">\n<div class=\"row row-edge  \" >\n<div class=\"col-xs-12 col-sm-12 col-md-12 col-lg-12\">\n<div class=\"cherry-spacer   hidden-xs hidden-sm\" style=\"height:100px;\"><\/div><div class=\"cherry-spacer   visible-sm-block\" style=\"height:100px;\"><\/div><div class=\"cherry-spacer   visible-xs-block\" style=\"height:50px;\"><\/div>\n<\/div>\n<\/div>\n<div class=\"row row-edge  \" >\n<div class=\"col-xs-12 col-sm-12 col-md-12 col-lg-12 testi-header-test\">\n<h2><span style=\"color: #ffffff;\">TESTIMONIOS<\/span><\/h2>\n<\/div>\n<\/div>\n<div class=\"row  \" ><div class=\"container\"><div class=\"row row-edge\">\n<div class=\"col-xs-12 col-sm-12 col-md-12 col-lg-12\">\n<div class=\"testimonials-wrap template-custom_testimonials\"><div class=\"testimonials-list\"><div id=\"quote-13572\" class=\"testimonials-item item-1 odd clearfix\"><div class=\"custom_testimonials-wrapper\">\r\n     <div class=\"header-testi\">\r\n          <div class=\"avatar-testi\">\r\n              \r\n          <\/div>\r\n\r\n          <div class=\"name-testi\">\r\n              <div class=\"name-testi-wrapper\">Digicel<\/div>\r\n              <div class=\"position-testi-wrapper\">Mobile network provider<\/div>\r\n          <\/div>\r\n     <\/div>\r\n\r\n     <div class=\"content-testi\">\r\n          <p><em>\u00abTIMi incluye una herramienta ETL muy flexible que maneja r\u00e1pidamente conjuntos de datos de varios terabytes en un ordenador de sobremesa normal.\u00bb<\/em><\/p>\n\r\n     <\/div>\r\n<\/div>\r\n<\/div><div id=\"quote-13566\" class=\"testimonials-item item-2 even clearfix\"><div class=\"custom_testimonials-wrapper\">\r\n     <div class=\"header-testi\">\r\n          <div class=\"avatar-testi\">\r\n              \r\n          <\/div>\r\n\r\n          <div class=\"name-testi\">\r\n              <div class=\"name-testi-wrapper\">VOO<\/div>\r\n              <div class=\"position-testi-wrapper\">Telecom operator in Belgium<\/div>\r\n          <\/div>\r\n     <\/div>\r\n\r\n     <div class=\"content-testi\">\r\n          <p><em>\u00abHemos reducido el churn en un 10% en el segmento de clientes con mayor churn.\u00bb<\/em><\/p>\n\r\n     <\/div>\r\n<\/div>\r\n<\/div><div id=\"quote-13563\" class=\"testimonials-item item-3 odd clearfix\"><div class=\"custom_testimonials-wrapper\">\r\n     <div class=\"header-testi\">\r\n          <div class=\"avatar-testi\">\r\n              \r\n          <\/div>\r\n\r\n          <div class=\"name-testi\">\r\n              <div class=\"name-testi-wrapper\">Bouygues Telecom<\/div>\r\n              <div class=\"position-testi-wrapper\">Telecom operator in France<\/div>\r\n          <\/div>\r\n     <\/div>\r\n\r\n     <div class=\"content-testi\">\r\n          <p><em>\u00abLa soluci\u00f3n \u00f3ptima para extraer m\u00e9tricas\/variables avanzadas mediante el uso de algoritmos de tipo \u00abred social\u00bb en enormes gr\u00e1ficos de telecomunicaciones.\u00bb<\/em><\/p>\n\r\n     <\/div>\r\n<\/div>\r\n<\/div><\/div><\/div>\n<\/div>\n<\/div><\/div><\/div>\n<div class=\"row row-edge  \" >\n<div class=\"col-xs-12 col-sm-12 col-md-12 col-lg-12\">\n<div class=\"cherry-spacer   hidden-xs hidden-sm\" style=\"height:100px;\"><\/div><div class=\"cherry-spacer   visible-sm-block\" style=\"height:100px;\"><\/div><div class=\"cherry-spacer   visible-xs-block\" style=\"height:50px;\"><\/div>\n<\/div>\n<\/div>\n<\/div>\n<\/div><\/div><\/div>\n","protected":false},"excerpt":{"rendered":"","protected":false},"author":1,"featured_media":0,"parent":12036,"menu_order":0,"comment_status":"closed","ping_status":"closed","template":"","meta":[],"_links":{"self":[{"href":"https:\/\/timi.eu\/es\/wp-json\/wp\/v2\/pages\/13599"}],"collection":[{"href":"https:\/\/timi.eu\/es\/wp-json\/wp\/v2\/pages"}],"about":[{"href":"https:\/\/timi.eu\/es\/wp-json\/wp\/v2\/types\/page"}],"author":[{"embeddable":true,"href":"https:\/\/timi.eu\/es\/wp-json\/wp\/v2\/users\/1"}],"replies":[{"embeddable":true,"href":"https:\/\/timi.eu\/es\/wp-json\/wp\/v2\/comments?post=13599"}],"version-history":[{"count":3,"href":"https:\/\/timi.eu\/es\/wp-json\/wp\/v2\/pages\/13599\/revisions"}],"predecessor-version":[{"id":14051,"href":"https:\/\/timi.eu\/es\/wp-json\/wp\/v2\/pages\/13599\/revisions\/14051"}],"up":[{"embeddable":true,"href":"https:\/\/timi.eu\/es\/wp-json\/wp\/v2\/pages\/12036"}],"wp:attachment":[{"href":"https:\/\/timi.eu\/es\/wp-json\/wp\/v2\/media?parent=13599"}],"curies":[{"name":"wp","href":"https:\/\/api.w.org\/{rel}","templated":true}]}}