{"id":13549,"date":"2021-05-07T16:04:51","date_gmt":"2021-05-07T16:04:51","guid":{"rendered":"https:\/\/timi.eu\/?page_id=13549"},"modified":"2021-05-11T18:23:54","modified_gmt":"2021-05-11T18:23:54","slug":"stardust","status":"publish","type":"page","link":"https:\/\/timi.eu\/es\/timi\/stardust\/","title":{"rendered":"Stardust"},"content":{"rendered":"<div class=\"row  \" ><div class=\"container\"><div class=\"row row-edge\">\n<div class=\"col-xs-12 col-sm-12 col-md-12 col-lg-12 pageswitcher\">\n\n<div\n\t role=\"navigation\" aria-label=\"Selector de idioma\" class=\"wpml-ls-statics-shortcode_actions wpml-ls wpml-ls-legacy-dropdown js-wpml-ls-legacy-dropdown\">\n\t<ul>\n\t\t<li class=\"wpml-ls-slot-shortcode_actions wpml-ls-item wpml-ls-item-es wpml-ls-current-language wpml-ls-item-legacy-dropdown\">\n\t\t\t<a href=\"#\" hreflang=\"\" lang=\"\" class=\"js-wpml-ls-item-toggle wpml-ls-item-toggle\" aria-current=\"page\" aria-expanded=\"false\" aria-controls=\"wpml-ls-submenu-default\" aria-label=\"Selector de idioma, pulse tab para navegar a otros idiomas\" title=\"Cambiar a Espa\u00f1ol\">\n\t\t\t\t                                    <img\n            class=\"wpml-ls-flag\"\n            src=\"https:\/\/timi.eu\/wp-content\/plugins\/sitepress-multilingual-cms\/res\/flags\/es.svg\"\n            alt=\"\"\n            loading=\"lazy\"\n            width=18\n            height=12\n    \/><span class=\"wpml-ls-native\">Espa\u00f1ol<\/span><\/a>\n\n\t\t\t<ul id=\"wpml-ls-submenu-default\" class=\"wpml-ls-sub-menu\">\n\t\t\t\t\n\t\t\t\t\t<li class=\"wpml-ls-slot-shortcode_actions wpml-ls-item wpml-ls-item-en wpml-ls-first-item\">\n\t\t\t\t\t\t<a href=\"https:\/\/timi.eu\/\" hreflang=\"en\" lang=\"en\" class=\"wpml-ls-link\" aria-label=\"Cambiar a Ingl\u00e9s\" title=\"Cambiar a Ingl\u00e9s\">\n\t\t\t\t\t\t\t                                    <img\n            class=\"wpml-ls-flag\"\n            src=\"https:\/\/timi.eu\/wp-content\/plugins\/sitepress-multilingual-cms\/res\/flags\/en.svg\"\n            alt=\"\"\n            loading=\"lazy\"\n            width=18\n            height=12\n    \/><span class=\"wpml-ls-display\">Ingl\u00e9s<\/span><\/a>\n\t\t\t\t\t<\/li>\n\n\t\t\t\t\n\t\t\t\t\t<li class=\"wpml-ls-slot-shortcode_actions wpml-ls-item wpml-ls-item-fr\">\n\t\t\t\t\t\t<a href=\"https:\/\/timi.eu\/fr\/\" hreflang=\"fr\" lang=\"fr\" class=\"wpml-ls-link\" aria-label=\"Cambiar a Franc\u00e9s\" title=\"Cambiar a Franc\u00e9s\">\n\t\t\t\t\t\t\t                                    <img\n            class=\"wpml-ls-flag\"\n            src=\"https:\/\/timi.eu\/wp-content\/plugins\/sitepress-multilingual-cms\/res\/flags\/fr.svg\"\n            alt=\"\"\n            loading=\"lazy\"\n            width=18\n            height=12\n    \/><span class=\"wpml-ls-display\">Franc\u00e9s<\/span><\/a>\n\t\t\t\t\t<\/li>\n\n\t\t\t\t\n\t\t\t\t\t<li class=\"wpml-ls-slot-shortcode_actions wpml-ls-item wpml-ls-item-nl\">\n\t\t\t\t\t\t<a href=\"https:\/\/timi.eu\/nl\/\" hreflang=\"nl\" lang=\"nl\" class=\"wpml-ls-link\" aria-label=\"Cambiar a Holand\u00e9s\" title=\"Cambiar a Holand\u00e9s\">\n\t\t\t\t\t\t\t                                    <img\n            class=\"wpml-ls-flag\"\n            src=\"https:\/\/timi.eu\/wp-content\/plugins\/sitepress-multilingual-cms\/res\/flags\/nl.svg\"\n            alt=\"\"\n            loading=\"lazy\"\n            width=18\n            height=12\n    \/><span class=\"wpml-ls-display\">Holand\u00e9s<\/span><\/a>\n\t\t\t\t\t<\/li>\n\n\t\t\t\t\n\t\t\t\t\t<li class=\"wpml-ls-slot-shortcode_actions wpml-ls-item wpml-ls-item-ru wpml-ls-last-item\">\n\t\t\t\t\t\t<a href=\"https:\/\/timi.eu\/ru\/\" hreflang=\"ru\" lang=\"ru\" class=\"wpml-ls-link\" aria-label=\"Cambiar a Ruso\" title=\"Cambiar a Ruso\">\n\t\t\t\t\t\t\t                                    <img\n            class=\"wpml-ls-flag\"\n            src=\"https:\/\/timi.eu\/wp-content\/plugins\/sitepress-multilingual-cms\/res\/flags\/ru.svg\"\n            alt=\"\"\n            loading=\"lazy\"\n            width=18\n            height=12\n    \/><span class=\"wpml-ls-display\">Ruso<\/span><\/a>\n\t\t\t\t\t<\/li>\n\n\t\t\t\t\t\t\t<\/ul>\n\n\t\t<\/li>\n\n\t<\/ul>\n<\/div>\n\n<\/div>\n<\/div><\/div><\/div>\n<div class=\"row custom-parallax-01 \" ><section class=\"parallax-box image-parallax-box \" style=\"min-height: 300px\"><div class=\"parallax-content\"><div class=\"container\"><div class=\"row row-edge\">\n<div class=\"cherry-spacer   hidden-xs hidden-sm\" style=\"height:140px;\"><\/div><div class=\"cherry-spacer   visible-sm-block\" style=\"height:100px;\"><\/div><div class=\"cherry-spacer   visible-xs-block\" style=\"height:100px;\"><\/div>\n<div class=\"col-xs-12 col-sm-12 col-md-12 col-lg-12 custom-parallax-text\">\n<img decoding=\"async\" class=\"aligncenter size-full wp-image-1564\" style=\"position: relative;\" src=\"\/wp-content\/uploads\/2016\/07\/logo-stardust-min-e1468012299345.png\" alt=\"TIMi modeler\" width=\"75\"><\/p>\n<h2 style=\"text-align: center;\"><span style=\"color: #333;\"><strong>STARDUST<\/strong><br \/>\nSEGMENTACI\u00d3N 3D VR<br \/>\nEN TIEMPO REAL<\/span><\/h2>\n<div class=\"cherry-spacer   hidden-xs hidden-sm\" style=\"height:150px;\"><\/div><div class=\"cherry-spacer   visible-sm-block\" style=\"height:100px;\"><\/div><div class=\"cherry-spacer   visible-xs-block\" style=\"height:100px;\"><\/div>\n<\/div>\n<\/div><\/div><div class=\"clear\"><\/div><\/div><div class=\"parallax-bg\" data-parallax-type=\"image\" data-img-url=\"\/wp-content\/uploads\/2020\/03\/pyramides.jpg\" data-speed=\"1.5\" data-invert=\"\" ><\/div><\/section><\/div>\n<div class=\"row custom-services-price-wrapper2 \" ><div class=\"cherry-box   box-673\"><div class=\"inner\"><div class=\"container\"><div class=\"row row-edge\">\n<div class=\"cherry-spacer   hidden-xs hidden-sm\" style=\"height:50px;\"><\/div><div class=\"cherry-spacer   visible-sm-block\" style=\"height:30px;\"><\/div><div class=\"cherry-spacer   visible-xs-block\" style=\"height:20px;\"><\/div>\n<div class=\"col-xs-12 col-sm-6 col-md-6 col-lg-4\">\n<h3 style=\"color: #333; line-height: 24px; text-align: center;\"><span class=\"fa fa-star-o cherry-icon   icon-787\"><\/span><span style=\"margin-left: 20px;\">\u00daNICO<\/span><\/h3>\n<p style=\"color: #000; text-align: center;\">La \u00fanica herramienta visual que garantiza<br \/>\nsegmentaciones directamente aplicables a su<br \/>\na su negocio y profesi\u00f3n.<\/p>\n<div class=\"cherry-spacer   hidden-xs hidden-sm\" style=\"height:50px;\"><\/div><div class=\"cherry-spacer   visible-sm-block\" style=\"height:30px;\"><\/div><div class=\"cherry-spacer   visible-xs-block\" style=\"height:15px;\"><\/div>\n<\/div>\n<div class=\"col-xs-12 col-sm-6 col-md-6 col-lg-4\">\n<h3 style=\"color: #333; line-height: 50px; text-align: center;\"><span class=\"fa fa-yelp cherry-icon   icon-266\"><\/span><span style=\"margin-left: 20px;\">RELEVANTE<\/span><\/h3>\n<p style=\"color: #000; text-align: center;\">Stardust detecta los \u00abvalores at\u00edpicos\u00bb<br \/>\ny datos incoherentes, e identifica incoherencias<br \/>\ny segmentos formados por elementos similare.<\/p>\n<div class=\"cherry-spacer   hidden-xs hidden-sm\" style=\"height:50px;\"><\/div><div class=\"cherry-spacer   visible-sm-block\" style=\"height:30px;\"><\/div><div class=\"cherry-spacer   visible-xs-block\" style=\"height:15px;\"><\/div>\n<\/div>\n<div class=\"col-xs-12 col-sm-6 col-md-6 col-lg-4\">\n<h3 style=\"color: #333; line-height: 50px; text-align: center;\"><span class=\"fa fa-lightbulb-o cherry-icon   icon-500\"><\/span><span style=\"margin-left: 20px;\">RELEVANTE<\/span><\/h3>\n<p style=\"color: #000; text-align: center;\">Aclara los distintos elementos que hay que tener en<br \/>\na tener en cuenta en una segmentaci\u00f3n<br \/>\nen un enfoque de segmentaci\u00f3n.<\/p>\n<\/div>\n<div class=\"col-xs-12 col-sm-6 col-md-6 col-lg-1\">\n<div class=\"cherry-spacer   hidden-xs hidden-sm\" style=\"height:50px;\"><\/div><div class=\"cherry-spacer   visible-sm-block\" style=\"height:30px;\"><\/div><div class=\"cherry-spacer   visible-xs-block\" style=\"height:15px;\"><\/div>\n<\/div>\n<\/div><\/div><\/div><\/div><\/div>\n<div id=\"what-is-stardust\"><\/div>\n<div class=\"row custom-services-price-wrapper2 \" ><div class=\"cherry-box   box-327\"><div class=\"inner\"><div class=\"container\"><div class=\"row row-edge\">\n<div class=\"cherry-spacer   hidden-xs hidden-sm\" style=\"height:50px;\"><\/div><div class=\"cherry-spacer   visible-sm-block\" style=\"height:30px;\"><\/div><div class=\"cherry-spacer   visible-xs-block\" style=\"height:15px;\"><\/div>\n<div class=\"col-xs-12 col-sm-12 col-md-12 col-lg-1\">\n<\/div>\n<div class=\"col-xs-12 col-sm-6 col-md-6 col-lg-4\">\n<a class=\"single-popup-image\" href=\"\/wp-content\/uploads\/2020\/09\/stardust.png\"><img decoding=\"async\" class=\"alignleft size-large wp-image-12407\" src=\"\/wp-content\/uploads\/2020\/09\/stardust-1024x948.png\" alt=\"stardust\" width=\"100%\" srcset=\"https:\/\/timi.eu\/wp-content\/uploads\/2020\/09\/stardust-1024x948.png 1024w, https:\/\/timi.eu\/wp-content\/uploads\/2020\/09\/stardust-600x555.png 600w, https:\/\/timi.eu\/wp-content\/uploads\/2020\/09\/stardust-300x278.png 300w, https:\/\/timi.eu\/wp-content\/uploads\/2020\/09\/stardust-768x711.png 768w, https:\/\/timi.eu\/wp-content\/uploads\/2020\/09\/stardust.png 1100w\" sizes=\"(max-width: 1024px) 100vw, 1024px\" \/><\/a><br \/>\n<\/div>\n<div class=\"col-xs-12 col-sm-6 col-md-6 col-lg-7\">\n<div class=\"cherry-spacer   hidden-xs hidden-sm\" style=\"height:0px;\"><\/div><div class=\"cherry-spacer   visible-sm-block\" style=\"height:0px;\"><\/div><div class=\"cherry-spacer   visible-xs-block\" style=\"height:50px;\"><\/div>\n<h3 style=\"margin-left: 20px;\"><span style=\"color: #f6a300; font-weight: bold;\">STARDUST <\/span><span style=\"color: #000;\">ES <\/span><span style=\"color: #f6a300; font-weight: bold;\">UNA NUEVA FORMA DE MIRAR<\/span><span style=\"color: #000;\">&nbsp;:<\/span><\/h3>\n<div class=\"cherry-spacer   hidden-xs hidden-sm\" style=\"height:10px;\"><\/div><div class=\"cherry-spacer   visible-sm-block\" style=\"height:5px;\"><\/div><div class=\"cherry-spacer   visible-xs-block\" style=\"height:5px;\"><\/div>\n<ul>\n<li>Descubra patrones multivariantes ocultos en sus datos<\/li>\n<div class=\"cherry-spacer   hidden-xs hidden-sm\" style=\"height:20px;\"><\/div><div class=\"cherry-spacer   visible-sm-block\" style=\"height:10px;\"><\/div><div class=\"cherry-spacer   visible-xs-block\" style=\"height:10px;\"><\/div>\n<li>Detectar valores at\u00edpicos (multivariantes) y no v\u00e1lidos<\/li>\n<div class=\"cherry-spacer   hidden-xs hidden-sm\" style=\"height:20px;\"><\/div><div class=\"cherry-spacer   visible-sm-block\" style=\"height:10px;\"><\/div><div class=\"cherry-spacer   visible-xs-block\" style=\"height:10px;\"><\/div>\n<li>Valide los diferentes segmentos desde el punto de vista empresarial con histogramas intuitivos y f\u00e1cilmente comprensibles<\/li>\n<div class=\"cherry-spacer   hidden-xs hidden-sm\" style=\"height:20px;\"><\/div><div class=\"cherry-spacer   visible-sm-block\" style=\"height:10px;\"><\/div><div class=\"cherry-spacer   visible-xs-block\" style=\"height:10px;\"><\/div>\n<li>Perfeccionar la comprensi\u00f3n de los objetivos identificados por Modeler (Auto-ML de TIMi)<\/li>\n<\/ul>\n<\/div>\n<div class=\"col-xs-12 col-sm-12 col-md-12 col-lg-12\">\n<div class=\"cherry-spacer   hidden-xs hidden-sm\" style=\"height:50px;\"><\/div><div class=\"cherry-spacer   visible-sm-block\" style=\"height:30px;\"><\/div><div class=\"cherry-spacer   visible-xs-block\" style=\"height:15px;\"><\/div>\n<\/div>\n<\/div><\/div><\/div><\/div><\/div>\n<div id=\"stardust-features\"><\/div>\n<div class=\"row custom-parallax-01 \" ><div class=\"cherry-box   box-634\"><div class=\"inner\"><div class=\"container\"><div class=\"row row-edge\">\n<div class=\"col-xs-12 col-sm-12 col-md-12 col-lg-12 custom-parallax-text\">\n<div class=\"cherry-spacer   hidden-xs hidden-sm\" style=\"height:80px;\"><\/div><div class=\"cherry-spacer   visible-sm-block\" style=\"height:80px;\"><\/div><div class=\"cherry-spacer   visible-xs-block\" style=\"height:50px;\"><\/div>\n<h2 style=\"text-align: center;\"><span style=\"color: #000; font-weight: bold;\">POR QU\u00c9<\/span>&nbsp;<span style=\"color: #f6a300; font-weight: 500;\">STARDUST<\/span><\/h2>\n<div class=\"cherry-spacer   hidden-xs hidden-sm\" style=\"height:50px;\"><\/div><div class=\"cherry-spacer   visible-sm-block\" style=\"height:50px;\"><\/div><div class=\"cherry-spacer   visible-xs-block\" style=\"height:25px;\"><\/div>\n<\/div>\n<div class=\"col-xs-12 col-sm-12 col-md-12 col-lg-12\">\n<div class=\"row  \" ><div class=\"container\"><div class=\"row row-edge\">\n<div class=\"col-xs-12 col-sm-4 col-md-4 col-lg-4\">\n<h3><span style=\"color: #f6a300;\">3D en tiempo real<\/span><\/h3>\n<p><span style=\"color: #000;\">Disfruta de una visualizaci\u00f3n fluida de millones de clientes en 3D y RV al instante. La visualizaci\u00f3n en 3D se calcula utilizando bibliotecas OpenGL de alto rendimiento (aceleradas por la GPU), lo que le permite ver toda la poblaci\u00f3n, sin necesidad de muestreo.<\/span><\/p>\n<\/div>\n<div class=\"col-xs-12 col-sm-4 col-md-4 col-lg-4\">\n<h3><span style=\"color: #f6a300;\">Escalable<\/span><\/h3>\n<p><span style=\"color: #000;\">El motor anal\u00edtico de Stardust admite millones de filas y cientos de columnas para la visualizaci\u00f3n en 3D y la creaci\u00f3n de segmentos de alta calidad.<\/span><\/p>\n<\/div>\n<div class=\"col-xs-12 col-sm-4 col-md-4 col-lg-4\">\n<h3><span style=\"color: #f6a300;\">Autom\u00e1tico<\/span><\/h3>\n<p><span style=\"color: #000;\">Los modelos de segmentaci\u00f3n creados con un solo clic mediante Stardust pueden utilizarse para determinar autom\u00e1ticamente el segmento de cada elemento de un nuevo conjunto de datos.<\/span><\/p>\n<\/div>\n<\/div><\/div><\/div>\n<div class=\"row  \" ><div class=\"container\"><div class=\"row row-edge\">\n<div class=\"col-xs-12 col-sm-4 col-md-4 col-lg-4\">\n<h3><span style=\"color: #f6a300;\">Integraci\u00f3n con Modeler<\/span><\/h3>\n<p><span style=\"color: #000;\">Con un solo clic, construya un modelo predictivo sobre el segmento o segmentos calculados por Stardust.<\/span><\/p>\n<\/div>\n<div class=\"col-xs-12 col-sm-4 col-md-4 col-lg-4\">\n<h3><span style=\"color: #f6a300;\">Multi-touch<\/span><\/h3>\n<p><span style=\"color: #000;\">\u00a1Explore su poblaci\u00f3n con la punta de los dedos! Girar, trasladar, pellizcar el zoom&#8230; El efecto t\u00e1ctil se ve reforzado por un efecto de inercia.<\/span><\/p>\n<\/div>\n<div class=\"col-xs-12 col-sm-4 col-md-4 col-lg-4\">\n<h3><span style=\"color: #f6a300;\">Compatible con la RV<\/span><\/h3>\n<p><span style=\"color: #000;\">Ponte tu casco de RV y sum\u00e9rgete en tus datos. Toque los puntos de datos \u00abde verdad\u00bb y vea en tiempo real los datos \u00abocultos\u00bb detr\u00e1s de cada punto\/v\u00f3xel.<\/span><br \/>\n<\/div>\n<\/div><\/div><\/div>\n<div class=\"cherry-spacer   hidden-xs hidden-sm\" style=\"height:100px;\"><\/div><div class=\"cherry-spacer   visible-sm-block\" style=\"height:100px;\"><\/div><div class=\"cherry-spacer   visible-xs-block\" style=\"height:30px;\"><\/div>\n<\/div>\n<\/div><\/div><\/div><\/div><\/div>\n<div class=\"row custom-parallax-01 \" ><div class=\"cherry-box   box-575\"><div class=\"inner\"><div class=\"container\"><div class=\"row row-edge\">\n<div class=\"col-xs-12 col-sm-12 col-md-4 col-lg-4 custom-parallax-text\">\n<div class=\"cherry-spacer   hidden-xs hidden-sm\" style=\"height:100px;\"><\/div><div class=\"cherry-spacer   visible-sm-block\" style=\"height:50px;\"><\/div><div class=\"cherry-spacer   visible-xs-block\" style=\"height:50px;\"><\/div>\n<div class=\"aligncenter\"><span class=\"fa fa-mouse-pointer cherry-icon   icon-244\"><\/span><\/div>\n<\/div>\n<div class=\"col-xs-12 col-sm-12 col-md-8 col-lg-8 custom-parallax-text\">\n<div class=\"cherry-spacer   hidden-xs hidden-sm\" style=\"height:100px;\"><\/div><div class=\"cherry-spacer   visible-sm-block\" style=\"height:50px;\"><\/div><div class=\"cherry-spacer   visible-xs-block\" style=\"height:50px;\"><\/div>\n<h2 style=\"text-align: left;\"><span style=\"color: #f6a300; font-weight: 500;\">VERSATILIDAD<\/span>&nbsp;<strong>EN UN CLIC<\/strong><\/h2>\n<p style=\"text-align: left; color: #000;\">Stardust realiza todo tipo de segmentaciones (clientes, productos, m\u00e1quinas, documentos&#8230;) gracias a un motor altamente configurable :<\/p>\n<ul style=\"color: #000; text-align: left;\">\n<li>integraci\u00f3n de muchos algoritmos como: el an\u00e1lisis de componentes principales (PCA), la recodificaci\u00f3n cuant\u00edlica, el MST (Minimum-Spanning-Tree), muchas variantes del algoritmo de Ward y del algoritmo \u00abK-Means\u00bb\u2026<\/li>\n<li>gran variedad de definiciones de distancia: distancia de Pearson, distancia del coseno, distancia euclidiana&#8230;<\/li>\n<\/ul>\n<p style=\"text-align: left; color: #000;\">Todos estos algoritmos y opciones est\u00e1n a unos pocos clics del rat\u00f3n.<\/p>\n<div class=\"cherry-spacer   hidden-xs hidden-sm\" style=\"height:100px;\"><\/div><div class=\"cherry-spacer   visible-sm-block\" style=\"height:100px;\"><\/div><div class=\"cherry-spacer   visible-xs-block\" style=\"height:60px;\"><\/div>\n<\/div>\n<\/div><\/div><\/div><\/div><\/div>\n<div class=\"row custom-parallax-01 \" ><div class=\"cherry-box   box-262\"><div class=\"inner\"><div class=\"container\"><div class=\"row row-edge\">\n<div class=\"col-xs-12 col-sm-12 col-md-8 col-lg-8 custom-parallax-text\">\n<div class=\"cherry-spacer   hidden-xs hidden-sm\" style=\"height:100px;\"><\/div><div class=\"cherry-spacer   visible-sm-block\" style=\"height:100px;\"><\/div><div class=\"cherry-spacer   visible-xs-block\" style=\"height:60px;\"><\/div>\n<h2 style=\"text-align: center;\"><strong>STARDUST<\/strong> <span style=\"color: #f6a300; font-weight: 500;\">ES CONCRETA<\/span><\/h2>\n<p style=\"text-align: center; color: #000;\">M\u00e1s all\u00e1 de una segmentaci\u00f3n cl\u00e1sica (edad\/sexo\/ubicaci\u00f3n), Stardust permite descubrir una segmentaci\u00f3n inteligente seg\u00fan decenas de criterios sobre una poblaci\u00f3n de varios millones de individuos.<\/p>\n<p style=\"text-align: center; color: #000;\">Sus equipos utilizan esta segmentaci\u00f3n comercial directamente para comunicarse mejor con sus clientes mediante mensajes personalizados para cada segmento.<\/p>\n<div class=\"cherry-spacer   hidden-xs hidden-sm\" style=\"height:100px;\"><\/div><div class=\"cherry-spacer   visible-sm-block\" style=\"height:50px;\"><\/div><div class=\"cherry-spacer   visible-xs-block\" style=\"height:30px;\"><\/div>\n<\/div>\n<div class=\"col-xs-12 col-sm-12 col-md-4 col-lg-4\">\n<div class=\"cherry-spacer   hidden-xs hidden-sm\" style=\"height:100px;\"><\/div><div class=\"cherry-spacer   visible-sm-block\" style=\"height:0px;\"><\/div><div class=\"cherry-spacer   visible-xs-block\" style=\"height:50px;\"><\/div>\n<img decoding=\"async\" loading=\"lazy\" class=\"aligncenter size-full wp-image-12551\" src=\"http:\/\/timi.eu\/wp-content\/uploads\/2020\/09\/build-icon.png\" alt=\"build-icon\" width=\"265\" height=\"265\" srcset=\"https:\/\/timi.eu\/wp-content\/uploads\/2020\/09\/build-icon.png 265w, https:\/\/timi.eu\/wp-content\/uploads\/2020\/09\/build-icon-100x100.png 100w, https:\/\/timi.eu\/wp-content\/uploads\/2020\/09\/build-icon-150x150.png 150w, https:\/\/timi.eu\/wp-content\/uploads\/2020\/09\/build-icon-85x85.png 85w\" sizes=\"(max-width: 265px) 100vw, 265px\" \/><br \/>\n<\/div>\n<\/div><\/div><\/div><\/div><\/div>\n<div class=\"row custom-testimonial-block4 \" ><div class=\"container\"><div class=\"row row-edge\">\n<div class=\"col-xs-12 col-sm-12 col-md-12 col-lg-12\">\n<div class=\"row row-edge  \" >\n<div class=\"col-xs-12 col-sm-12 col-md-12 col-lg-12\">\n<div class=\"cherry-spacer   hidden-xs hidden-sm\" style=\"height:100px;\"><\/div><div class=\"cherry-spacer   visible-sm-block\" style=\"height:100px;\"><\/div><div class=\"cherry-spacer   visible-xs-block\" style=\"height:30px;\"><\/div>\n<\/div>\n<\/div>\n<div class=\"row row-edge  \" >\n<div class=\"col-xs-12 col-sm-12 col-md-12 col-lg-12 testi-header-test\">\n<h2><span style=\"color: #ffffff;\">TESTIMONIOS<\/span><\/h2>\n<\/div>\n<\/div>\n<div class=\"row  \" ><div class=\"container\"><div class=\"row row-edge\">\n<div class=\"col-xs-12 col-sm-12 col-md-12 col-lg-12\">\n<div class=\"testimonials-wrap template-custom_testimonials\"><div class=\"testimonials-list\"><div id=\"quote-13572\" class=\"testimonials-item item-1 odd clearfix\"><div class=\"custom_testimonials-wrapper\">\r\n     <div class=\"header-testi\">\r\n          <div class=\"avatar-testi\">\r\n              \r\n          <\/div>\r\n\r\n          <div class=\"name-testi\">\r\n              <div class=\"name-testi-wrapper\">Digicel<\/div>\r\n              <div class=\"position-testi-wrapper\">Mobile network provider<\/div>\r\n          <\/div>\r\n     <\/div>\r\n\r\n     <div class=\"content-testi\">\r\n          <p><em>\u00abTIMi incluye una herramienta ETL muy flexible que maneja r\u00e1pidamente conjuntos de datos de varios terabytes en un ordenador de sobremesa normal.\u00bb<\/em><\/p>\n\r\n     <\/div>\r\n<\/div>\r\n<\/div><div id=\"quote-13566\" class=\"testimonials-item item-2 even clearfix\"><div class=\"custom_testimonials-wrapper\">\r\n     <div class=\"header-testi\">\r\n          <div class=\"avatar-testi\">\r\n              \r\n          <\/div>\r\n\r\n          <div class=\"name-testi\">\r\n              <div class=\"name-testi-wrapper\">VOO<\/div>\r\n              <div class=\"position-testi-wrapper\">Telecom operator in Belgium<\/div>\r\n          <\/div>\r\n     <\/div>\r\n\r\n     <div class=\"content-testi\">\r\n          <p><em>\u00abHemos reducido el churn en un 10% en el segmento de clientes con mayor churn.\u00bb<\/em><\/p>\n\r\n     <\/div>\r\n<\/div>\r\n<\/div><div id=\"quote-13563\" class=\"testimonials-item item-3 odd clearfix\"><div class=\"custom_testimonials-wrapper\">\r\n     <div class=\"header-testi\">\r\n          <div class=\"avatar-testi\">\r\n              \r\n          <\/div>\r\n\r\n          <div class=\"name-testi\">\r\n              <div class=\"name-testi-wrapper\">Bouygues Telecom<\/div>\r\n              <div class=\"position-testi-wrapper\">Telecom operator in France<\/div>\r\n          <\/div>\r\n     <\/div>\r\n\r\n     <div class=\"content-testi\">\r\n          <p><em>\u00abLa soluci\u00f3n \u00f3ptima para extraer m\u00e9tricas\/variables avanzadas mediante el uso de algoritmos de tipo \u00abred social\u00bb en enormes gr\u00e1ficos de telecomunicaciones.\u00bb<\/em><\/p>\n\r\n     <\/div>\r\n<\/div>\r\n<\/div><\/div><\/div>\n<\/div>\n<\/div><\/div><\/div>\n<div class=\"row row-edge  \" >\n<div class=\"col-xs-12 col-sm-12 col-md-12 col-lg-12\">\n<div class=\"cherry-spacer   hidden-xs hidden-sm\" style=\"height:100px;\"><\/div><div class=\"cherry-spacer   visible-sm-block\" style=\"height:100px;\"><\/div><div class=\"cherry-spacer   visible-xs-block\" style=\"height:50px;\"><\/div>\n<\/div>\n<\/div>\n<\/div>\n<\/div><\/div><\/div>\n","protected":false},"excerpt":{"rendered":"","protected":false},"author":1,"featured_media":0,"parent":12036,"menu_order":0,"comment_status":"closed","ping_status":"closed","template":"","meta":[],"_links":{"self":[{"href":"https:\/\/timi.eu\/es\/wp-json\/wp\/v2\/pages\/13549"}],"collection":[{"href":"https:\/\/timi.eu\/es\/wp-json\/wp\/v2\/pages"}],"about":[{"href":"https:\/\/timi.eu\/es\/wp-json\/wp\/v2\/types\/page"}],"author":[{"embeddable":true,"href":"https:\/\/timi.eu\/es\/wp-json\/wp\/v2\/users\/1"}],"replies":[{"embeddable":true,"href":"https:\/\/timi.eu\/es\/wp-json\/wp\/v2\/comments?post=13549"}],"version-history":[{"count":9,"href":"https:\/\/timi.eu\/es\/wp-json\/wp\/v2\/pages\/13549\/revisions"}],"predecessor-version":[{"id":14050,"href":"https:\/\/timi.eu\/es\/wp-json\/wp\/v2\/pages\/13549\/revisions\/14050"}],"up":[{"embeddable":true,"href":"https:\/\/timi.eu\/es\/wp-json\/wp\/v2\/pages\/12036"}],"wp:attachment":[{"href":"https:\/\/timi.eu\/es\/wp-json\/wp\/v2\/media?parent=13549"}],"curies":[{"name":"wp","href":"https:\/\/api.w.org\/{rel}","templated":true}]}}