{"id":12040,"date":"2020-08-27T14:54:59","date_gmt":"2020-08-27T14:54:59","guid":{"rendered":"http:\/\/timi.eu\/?page_id=12040"},"modified":"2025-09-12T12:39:48","modified_gmt":"2025-09-12T12:39:48","slug":"home","status":"publish","type":"page","link":"https:\/\/timi.eu\/es\/","title":{"rendered":"Home"},"content":{"rendered":"<div class=\"row  \" ><div class=\"container\"><div class=\"row row-edge\">\n<div class=\"col-xs-12 col-sm-12 col-md-12 col-lg-12 homeswitcher\">\n\n<div\n\t class=\"wpml-ls-statics-shortcode_actions wpml-ls wpml-ls-legacy-dropdown js-wpml-ls-legacy-dropdown\">\n\t<ul>\n\n\t\t<li tabindex=\"0\" class=\"wpml-ls-slot-shortcode_actions wpml-ls-item wpml-ls-item-es wpml-ls-current-language wpml-ls-item-legacy-dropdown\">\n\t\t\t<a href=\"#\" class=\"js-wpml-ls-item-toggle wpml-ls-item-toggle\">\n                                                    <img\n            class=\"wpml-ls-flag\"\n            src=\"https:\/\/timi.eu\/wp-content\/plugins\/sitepress-multilingual-cms\/res\/flags\/es.png\"\n            alt=\"\"\n            width=18\n            height=12\n    \/><span class=\"wpml-ls-native\">Espa\u00f1ol<\/span><\/a>\n\n\t\t\t<ul class=\"wpml-ls-sub-menu\">\n\t\t\t\t\n\t\t\t\t\t<li class=\"wpml-ls-slot-shortcode_actions wpml-ls-item wpml-ls-item-en wpml-ls-first-item\">\n\t\t\t\t\t\t<a href=\"https:\/\/timi.eu\" class=\"wpml-ls-link\">\n                                                                <img\n            class=\"wpml-ls-flag\"\n            src=\"https:\/\/timi.eu\/wp-content\/plugins\/sitepress-multilingual-cms\/res\/flags\/en.png\"\n            alt=\"\"\n            width=18\n            height=12\n    \/><span class=\"wpml-ls-display\">Ingl\u00e9s<\/span><\/a>\n\t\t\t\t\t<\/li>\n\n\t\t\t\t\n\t\t\t\t\t<li class=\"wpml-ls-slot-shortcode_actions wpml-ls-item wpml-ls-item-fr\">\n\t\t\t\t\t\t<a href=\"https:\/\/timi.eu\/fr\/\" class=\"wpml-ls-link\">\n                                                                <img\n            class=\"wpml-ls-flag\"\n            src=\"https:\/\/timi.eu\/wp-content\/plugins\/sitepress-multilingual-cms\/res\/flags\/fr.png\"\n            alt=\"\"\n            width=18\n            height=12\n    \/><span class=\"wpml-ls-display\">Franc\u00e9s<\/span><\/a>\n\t\t\t\t\t<\/li>\n\n\t\t\t\t\n\t\t\t\t\t<li class=\"wpml-ls-slot-shortcode_actions wpml-ls-item wpml-ls-item-nl\">\n\t\t\t\t\t\t<a href=\"https:\/\/timi.eu\/nl\/\" class=\"wpml-ls-link\">\n                                                                <img\n            class=\"wpml-ls-flag\"\n            src=\"https:\/\/timi.eu\/wp-content\/plugins\/sitepress-multilingual-cms\/res\/flags\/nl.png\"\n            alt=\"\"\n            width=18\n            height=12\n    \/><span class=\"wpml-ls-display\">Holand\u00e9s<\/span><\/a>\n\t\t\t\t\t<\/li>\n\n\t\t\t\t\n\t\t\t\t\t<li class=\"wpml-ls-slot-shortcode_actions wpml-ls-item wpml-ls-item-ru wpml-ls-last-item\">\n\t\t\t\t\t\t<a href=\"https:\/\/timi.eu\/ru\/\" class=\"wpml-ls-link\">\n                                                                <img\n            class=\"wpml-ls-flag\"\n            src=\"https:\/\/timi.eu\/wp-content\/plugins\/sitepress-multilingual-cms\/res\/flags\/ru.png\"\n            alt=\"\"\n            width=18\n            height=12\n    \/><span class=\"wpml-ls-display\">Ruso<\/span><\/a>\n\t\t\t\t\t<\/li>\n\n\t\t\t\t\t\t\t<\/ul>\n\n\t\t<\/li>\n\n\t<\/ul>\n<\/div>\n\n<\/div>\n<\/div><\/div><\/div>\n<div class=\"row custom-parallax-01 \" ><section class=\"parallax-box image-parallax-box \" style=\"min-height: 300px\"><div class=\"parallax-content\"><div class=\"container\"><div class=\"row row-edge\">\n<div class=\"col-xs-12 col-sm-12 col-md-12 col-lg-12 custom-parallax-text\">\n<!--&#091;cherry_spacer size=\"150\" size_sm=\"100\" size_xs=\"75\"&#093;\n<img decoding=\"async\" class=\"aligncenter size-full wp-image-1564\" style=\"position: relative;\" src=\"\/wp-content\/uploads\/2016\/07\/logo-timisuite-min.png\" alt=\"logo-timi-suite\" width=\"75\">\n\n\n<h2 style=\"text-align: center;\"><span style=\"color: #333;\"><strong>LA CREATIVIDAD<\/strong>\nA TRAV\u00c9S DE LA EFICIENCIA<\/span><\/h2>\n\n\n&#091;cherry_button text=\"Descubre TIMi\" url=\"\/es\/timi\/\" radius=\"5\" centered=\"yes\" target=\"_self\" size=\"large\" class=\"custom-button-1\"&#093;\n&#091;cherry_spacer size=\"160\" size_sm=\"100\" size_xs=\"50\"&#093;--><div class=\"cherry-spacer   hidden-xs hidden-sm\" style=\"height:50px;\"><\/div><div class=\"cherry-spacer   visible-sm-block\" style=\"height:25px;\"><\/div><div class=\"cherry-spacer   visible-xs-block\" style=\"height:15px;\"><\/div>\n<img decoding=\"async\" class=\"aligncenter size-full wp-image-1564\" style=\"position: relative;\" src=\"\/wp-content\/uploads\/2016\/07\/logo-timisuite-min.png\" alt=\"logo-timi-suite\" width=\"75\"><\/p>\n<h2 style=\"text-align: center;\"><span style=\"color: #333;\"><strong>IMPULSAR LA CULTURA ANAL\u00cdTICA<\/strong><br \/>\nEN SU EMPRESA<\/span><\/h2>\n<div class=\"video-container\"><iframe src=\"https:\/\/www.youtube-nocookie.com\/embed\/FFgg4ZRyGtE\" title=\"YouTube video player\" frameborder=\"0\" allowfullscreen=\"\" refererpolicy=\"cross-origin-with-strict-origin\"><\/iframe><\/div>\n<div class=\"cherry-spacer   hidden-xs hidden-sm\" style=\"height:50px;\"><\/div><div class=\"cherry-spacer   visible-sm-block\" style=\"height:40px;\"><\/div><div class=\"cherry-spacer   visible-xs-block\" style=\"height:30px;\"><\/div>\n<\/div>\n<\/div><\/div><div class=\"clear\"><\/div><\/div><div class=\"parallax-bg\" data-parallax-type=\"image\" data-img-url=\"\/wp-content\/uploads\/2020\/07\/products-solutions3.jpg\" data-speed=\"1.5\" data-invert=\"\" ><\/div><\/section><\/div>\n<div class=\"row  \" ><div class=\"container\"><div class=\"row row-edge\">\n<div class=\"col-xs-12 col-sm-12 col-md-12 col-lg-12 custom-home-text\">\n<div class=\"cherry-spacer   hidden-xs hidden-sm\" style=\"height:100px;\"><\/div><div class=\"cherry-spacer   visible-sm-block\" style=\"height:70px;\"><\/div><div class=\"cherry-spacer   visible-xs-block\" style=\"height:70px;\"><\/div>\n<h2 style=\"text-align: center;\"><span style=\"color: #000000;\"><strong>\u00bfPORQUE<\/strong><\/span> <span style=\"color: #11afbe; font-weight: 500;\">TIMi?<\/span><\/h2>\n<p style=\"text-align: center;\">\nDesde 2007, hemos venido ampliando los l\u00edmites de la anal\u00edtica y el modelado predictivo<br \/>\nmediante la creaci\u00f3n de potentes herramientas que le proporcionan un entorno de trabajo r\u00e1pido,<br \/>\nf\u00e1cil de utilizar y de f\u00e1cil manejo.<\/p>\n<div class=\"cherry-spacer   hidden-xs hidden-sm\" style=\"height:20px;\"><\/div><div class=\"cherry-spacer   visible-sm-block\" style=\"height:10px;\"><\/div><div class=\"cherry-spacer   visible-xs-block\" style=\"height:10px;\"><\/div>\n<\/div>\n<\/div><\/div><\/div>\n<style>\n.cherry-services_icon:hover{ cursor: pointer !important;}<br \/>\n<\/style>\n<div class=\"row custom-info-services2 \">\n<div class=\"container\">\n<div class=\"row row-edge\">\n<div class=\"col-xs-12 col-sm-12 col-md-12 col-lg-12\">\n<div class=\"cherry-services boxed-layout\">\n<div class=\"row\">\n<div class=\"services-listing\">\n<p><!--\/.services-item--><\/p>\n<div id=\"services-10081\" class=\"cherry-services_item item-3 clearfix odd col-xs-12 clear-col-xs col-sm-6 clear-col-sm col-md-6 clear-col-md col-lg-6 clear-col-lg\"><a href=\"\/es\/sobre-nosotros\/\" class=\"mylink\"><\/p>\n<div class=\"myblock\"><\/div>\n<div class=\"list-info-wrapper\">\n<h3 class=\"cherry-services_title\">Sobre nosotros<\/h3>\n<p><span style=\"color:#777; margin-bottom: 10px; display: block;\">Aprende m\u00e1s sobre nuestra misi\u00f3n, nuestros valores, nuestras recompensas y nuestro equipo.<\/span><i class=\"fa material-design-keyboard53 cherry-icon   icon-570;\" style=\"font: 300 16px\/26px Ubuntu, sans-serif; font-style: normal;\"> M\u00e1s&#8230;<\/i><\/p>\n<\/div>\n<p><\/a><a href=\"\/es\/sobre-nosotros\/\" class=\"mylink\"><\/a><a href=\"\/es\/sobre-nosotros\/\" class=\"mylink\"><\/a><a href=\"\/es\/sobre-nosotros\/\" class=\"mylink\"><\/a><a href=\"\/es\/sobre-nosotros\/\" class=\"mylink\"><\/a><a href=\"\/es\/sobre-nosotros\/\" class=\"mylink\"><\/a><a href=\"\/es\/sobre-nosotros\/\" class=\"mylink\"><\/a><a href=\"\/es\/sobre-nosotros\/\" class=\"mylink\"><\/a><a href=\"\/es\/sobre-nosotros\/\" class=\"mylink\"><\/a><a href=\"\/es\/sobre-nosotros\/\" class=\"mylink\"><\/a><a href=\"\/es\/sobre-nosotros\/\" class=\"mylink\"><\/a><a href=\"\/es\/sobre-nosotros\/\" class=\"mylink\"><\/a><a href=\"\/es\/sobre-nosotros\/\" class=\"mylink\"><\/a><a href=\"\/es\/sobre-nosotros\/\" class=\"mylink\"><\/a><a href=\"\/es\/sobre-nosotros\/\" class=\"mylink\"><\/a><a href=\"\/es\/sobre-nosotros\/\" class=\"mylink\"><\/a><a href=\"\/es\/sobre-nosotros\/\" class=\"mylink\"><\/a><a href=\"\/es\/sobre-nosotros\/\" class=\"mylink\"><\/a><a href=\"\/es\/sobre-nosotros\/\" class=\"mylink\"><\/a><a href=\"\/es\/sobre-nosotros\/\" class=\"mylink\"><\/a><a href=\"\/es\/sobre-nosotros\/\" class=\"mylink\"><\/a><a href=\"\/es\/sobre-nosotros\/\" class=\"mylink\"><\/a><a href=\"\/es\/sobre-nosotros\/\" class=\"mylink\"><\/a><a href=\"\/es\/sobre-nosotros\/\" class=\"mylink\"><\/a><a href=\"\/es\/sobre-nosotros\/\" class=\"mylink\"><\/a><a href=\"\/es\/sobre-nosotros\/\" class=\"mylink\"><\/a><a href=\"\/es\/sobre-nosotros\/\" class=\"mylink\"><\/a><a href=\"\/es\/sobre-nosotros\/\" class=\"mylink\"><\/a><a href=\"\/es\/sobre-nosotros\/\" class=\"mylink\"><\/a><\/p>\n<\/div>\n<p><!--\/.services-item--><\/p>\n<div id=\"services-1692\" class=\"cherry-services_item item-2 clearfix even col-xs-12 clear-col-xs col-sm-6 col-md-6 col-lg-6\">\n<div class=\"list-info-wrapper\">\n<a href=\"\/es\/timi\/\"><\/p>\n<div class=\"list-icon-wrapper\">\n<div class=\"cherry-services_icon\"><i class=\"fa fa-play\"><\/i><\/div>\n<\/div>\n<p><\/a><a href=\"\/es\/timi\/\"><\/a><a href=\"\/es\/timi\/\"><\/a><a href=\"\/es\/timi\/\"><\/a><a href=\"\/es\/timi\/\"><\/a><a href=\"\/es\/timi\/\"><\/a><a href=\"\/es\/timi\/\"><\/a><a href=\"\/es\/timi\/\"><\/a><a href=\"\/es\/timi\/\"><\/a><a href=\"\/es\/timi\/\"><\/a><a href=\"\/es\/timi\/\"><\/a><a href=\"\/es\/timi\/\"><\/a><a href=\"\/es\/timi\/\"><\/a><a href=\"\/es\/timi\/\"><\/a><a href=\"\/es\/timi\/\"><\/a><a href=\"\/es\/timi\/\"><\/a><a href=\"\/es\/timi\/\"><\/a><a href=\"\/es\/timi\/\"><\/a><a href=\"\/es\/timi\/\"><\/a><a href=\"\/es\/timi\/\"><\/a><a href=\"\/es\/timi\/\"><\/a><a href=\"\/es\/timi\/\"><\/a><a href=\"\/es\/timi\/\"><\/a><a href=\"\/es\/timi\/\"><\/a><a href=\"\/es\/timi\/\"><\/a><a href=\"\/es\/timi\/\"><\/a><a href=\"\/es\/timi\/\"><\/a><a href=\"\/es\/timi\/\"><\/a><\/p>\n<div class=\"list-title-content\"><a href=\"\/es\/timi\/\"><\/p>\n<h3 class=\"cherry-services_title\">Productos<\/h3>\n<p><\/a><a href=\"\/es\/timi\/\"><\/a><a href=\"\/es\/timi\/\"><\/a><a href=\"\/es\/timi\/\"><\/a><a href=\"\/es\/timi\/\"><\/a><a href=\"\/es\/timi\/\"><\/a><a href=\"\/es\/timi\/\"><\/a><a href=\"\/es\/timi\/\"><\/a><a href=\"\/es\/timi\/\"><\/a><a href=\"\/es\/timi\/\"><\/a><a href=\"\/es\/timi\/\"><\/a><a href=\"\/es\/timi\/\"><\/a><a href=\"\/es\/timi\/\"><\/a><a href=\"\/es\/timi\/\"><\/a><a href=\"\/es\/timi\/\"><\/a><a href=\"\/es\/timi\/\"><\/a><a href=\"\/es\/timi\/\"><\/a><a href=\"\/es\/timi\/\"><\/a><a href=\"\/es\/timi\/\"><\/a><a href=\"\/es\/timi\/\"><\/a><a href=\"\/es\/timi\/\"><\/a><a href=\"\/es\/timi\/\"><\/a><a href=\"\/es\/timi\/\"><\/a><a href=\"\/es\/timi\/\"><\/a><\/p>\n<div class=\"cherry-services_excerpt\"><a href=\"\/es\/timi\/\"><span style=\"color:#777; margin-bottom: 10px; display: block;\">Cubrimos todas sus necesidades de an\u00e1lisis de datos: ETL, BI, Modelado Predictivo, Automatizaci\u00f3n de Procesos, Visualizaci\u00f3n&#8230; Todo es accesible en autoservicio sin <i> casi <\/i> ning\u00fan conocimiento en anal\u00edtica.<br \/>\n<\/span><i class=\"fa material-design-keyboard53 cherry-icon   icon-570;\"><\/i> M\u00e1s&#8230;<\/a><\/div>\n<\/div>\n<\/div>\n<\/div>\n<p><!--\/.services-item--><\/p>\n<div id=\"services-1689\" class=\"cherry-services_item item-3 clearfix odd col-xs-12 clear-col-xs col-sm-6 clear-col-sm col-md-6 clear-col-md col-lg-6 clear-col-lg featured-service\">\n<div class=\"list-info-wrapper\">\n<a href=\"\/es\/soluciones\/\"><\/p>\n<div class=\"list-icon-wrapper\">\n<div class=\"cherry-services_icon\"><i class=\"fa fa-check\"><\/i><\/div>\n<\/div>\n<p><\/a><a href=\"\/es\/soluciones\/\"><\/a><a href=\"\/es\/soluciones\/\"><\/a><a href=\"\/es\/soluciones\/\"><\/a><a href=\"\/es\/soluciones\/\"><\/a><a href=\"\/es\/soluciones\/\"><\/a><a href=\"\/es\/soluciones\/\"><\/a><a href=\"\/es\/soluciones\/\"><\/a><a href=\"\/es\/soluciones\/\"><\/a><a href=\"\/es\/soluciones\/\"><\/a><a href=\"\/es\/soluciones\/\"><\/a><a href=\"\/es\/soluciones\/\"><\/a><a href=\"\/es\/soluciones\/\"><\/a><a href=\"\/es\/soluciones\/\"><\/a><a href=\"\/es\/soluciones\/\"><\/a><a href=\"\/es\/soluciones\/\"><\/a><a href=\"\/es\/soluciones\/\"><\/a><a href=\"\/es\/soluciones\/\"><\/a><a href=\"\/es\/soluciones\/\"><\/a><a href=\"\/es\/soluciones\/\"><\/a><a href=\"\/es\/soluciones\/\"><\/a><a href=\"\/es\/soluciones\/\"><\/a><a href=\"\/es\/soluciones\/\"><\/a><a href=\"\/es\/soluciones\/\"><\/a><a href=\"\/es\/soluciones\/\"><\/a><a href=\"\/es\/soluciones\/\"><\/a><a href=\"\/es\/soluciones\/\"><\/a><a href=\"\/es\/soluciones\/\"><\/a><\/p>\n<div class=\"list-title-content\"><a href=\"\/es\/soluciones\/\"><\/p>\n<h3 class=\"cherry-services_title\">Soluciones<\/h3>\n<p><\/a><a href=\"\/es\/soluciones\/\"><\/a><a href=\"\/es\/soluciones\/\"><\/a><a href=\"\/es\/soluciones\/\"><\/a><a href=\"\/es\/soluciones\/\"><\/a><a href=\"\/es\/soluciones\/\"><\/a><a href=\"\/es\/soluciones\/\"><\/a><a href=\"\/es\/soluciones\/\"><\/a><a href=\"\/es\/soluciones\/\"><\/a><a href=\"\/es\/soluciones\/\"><\/a><a href=\"\/es\/soluciones\/\"><\/a><a href=\"\/es\/soluciones\/\"><\/a><a href=\"\/es\/soluciones\/\"><\/a><a href=\"\/es\/soluciones\/\"><\/a><a href=\"\/es\/soluciones\/\"><\/a><a href=\"\/es\/soluciones\/\"><\/a><a href=\"\/es\/soluciones\/\"><\/a><a href=\"\/es\/soluciones\/\"><\/a><a href=\"\/es\/soluciones\/\"><\/a><a href=\"\/es\/soluciones\/\"><\/a><a href=\"\/es\/soluciones\/\"><\/a><a href=\"\/es\/soluciones\/\"><\/a><a href=\"\/es\/soluciones\/\"><\/a><a href=\"\/es\/soluciones\/\"><\/a><a href=\"\/es\/soluciones\/\"><\/a><a href=\"\/es\/soluciones\/\"><\/a><a href=\"\/es\/soluciones\/\"><\/a><a href=\"\/es\/soluciones\/\"><\/a><\/p>\n<div class=\"cherry-services_excerpt\"><a href=\"\/es\/soluciones\/\"><span style=\"color:#777; margin-bottom: 10px; display: block;\">\u00ab<i>Predicciones r\u00e1pidas para mejores decisiones.<\/i>\u00bb<br \/>\nControle los costos y mantenga el control sobre sus datos con soluciones confiables basadas en un sistema robusto e integrado.<br \/>\n<\/span><i class=\"fa material-design-keyboard53 cherry-icon   icon-570;\"><\/i> M\u00e1s&#8230;<\/a><\/div>\n<\/div>\n<\/div>\n<\/div>\n<p><!--\/.services-item--><\/p>\n<div id=\"services-1690\" class=\"cherry-services_item item-4 clearfix even col-xs-12 clear-col-xs col-sm-6  col-md-6 col-lg-6 \">\n<div class=\"list-info-wrapper\">\n<a href=\"\/es\/casos-de-exito\/\"><\/p>\n<div class=\"list-icon-wrapper\">\n<div class=\"cherry-services_icon\"><i class=\"fa fa-comments-o\"><\/i><\/div>\n<\/div>\n<p><\/a><a href=\"\/es\/casos-de-exito\/\"><\/a><a href=\"\/es\/casos-de-exito\/\"><\/a><a href=\"\/es\/casos-de-exito\/\"><\/a><a href=\"\/es\/casos-de-exito\/\"><\/a><a href=\"\/es\/casos-de-exito\/\"><\/a><a href=\"\/es\/casos-de-exito\/\"><\/a><a href=\"\/es\/casos-de-exito\/\"><\/a><\/p>\n<div class=\"list-title-content\"><a href=\"\/es\/casos-de-exito\/\"><\/p>\n<h3 class=\"cherry-services_title\">Historias de clientes<\/h3>\n<p><\/a><a href=\"\/es\/casos-de-exito\/\"><\/a><a href=\"\/es\/casos-de-exito\/\"><\/a><a href=\"\/es\/casos-de-exito\/\"><\/a><a href=\"\/es\/casos-de-exito\/\"><\/a><a href=\"\/es\/casos-de-exito\/\"><\/a><a href=\"\/es\/casos-de-exito\/\"><\/a><a href=\"\/es\/casos-de-exito\/\"><\/a><\/p>\n<div class=\"cherry-services_excerpt\"><a href=\"\/es\/casos-de-exito\/\"><span style=\"color:#777; margin-bottom: 10px; display: block;\">TIMi ha convencido a muchos actores globales en los sectores de telecomunicaciones, tecnolog\u00eda, salud, industria, comercio&#8230;<\/span><i class=\"fa material-design-keyboard53 cherry-icon   icon-570;\"><\/i> M\u00e1s&#8230;<\/a><\/div>\n<\/div>\n<\/div>\n<\/div>\n<p><!--\/.services-item--><\/p>\n<div id=\"services-1693\" class=\"cherry-services_item item-5 clearfix odd col-xs-12 clear-col-xs col-sm-6 clear-col-sm col-md-6 clear-col-md col-lg-6 clear-col-lg\">\n<div class=\"list-info-wrapper\">\n<a href=\"\/support\/\"><\/p>\n<div class=\"list-icon-wrapper\">\n<div class=\"cherry-services_icon\"><i class=\"fa fa-info\"><\/i><\/div>\n<\/div>\n<p><\/a><a href=\"\/support\/\"><\/a><a href=\"\/support\/\"><\/a><a href=\"\/support\/\"><\/a><a href=\"\/support\/\"><\/a><a href=\"\/support\/\"><\/a><a href=\"\/support\/\"><\/a><a href=\"\/support\/\"><\/a><\/p>\n<div class=\"list-title-content\"><a href=\"\/support\/\"><\/p>\n<h3 class=\"cherry-services_title\">Soporte y entrenamiento<\/h3>\n<p><\/a><a href=\"\/support\/\"><\/a><a href=\"\/support\/\"><\/a><a href=\"\/support\/\"><\/a><a href=\"\/support\/\"><\/a><a href=\"\/support\/\"><\/a><a href=\"\/support\/\"><\/a><a href=\"\/support\/\"><\/a><\/p>\n<div class=\"cherry-services_excerpt\"><a href=\"\/support\/\"><span style=\"color:#777; margin-bottom: 10px; display: block;\">Documentaci\u00f3n, foros de la comunidad, video tutoriales, reserva de sesiones de entrenamiento&#8230;<\/span><i class=\"fa material-design-keyboard53 cherry-icon   icon-570;\"><\/i> M\u00e1s&#8230; (ingl\u00e9s)<\/a><\/div>\n<\/div>\n<\/div>\n<\/div>\n<p><!--\/.services-item--><\/p>\n<div id=\"services-2504\" class=\"cherry-services_item item-6 clearfix even col-xs-12 clear-col-xs col-sm-6 col-md-6 col-lg-6\">\n<div class=\"list-info-wrapper\">\n<a href=\"\/es\/descargar\/\"><\/p>\n<div class=\"list-icon-wrapper\">\n<div class=\"cherry-services_icon\"><i class=\"fa fa-download\"><\/i><\/div>\n<\/div>\n<p><\/a><a href=\"\/es\/descargar\/\"><\/a><a href=\"\/es\/descargar\/\"><\/a><a href=\"\/es\/descargar\/\"><\/a><a href=\"\/es\/descargar\/\"><\/a><a href=\"\/es\/descargar\/\"><\/a><a href=\"\/es\/descargar\/\"><\/a><a href=\"\/es\/descargar\/\"><\/a><a href=\"\/es\/descargar\/\"><\/a><\/p>\n<div class=\"list-title-content\"><a href=\"\/es\/descargar\/\"><\/p>\n<h3 class=\"cherry-services_title\">Descargar<\/h3>\n<p><\/a><a href=\"\/es\/descargar\/\"><\/a><a href=\"\/es\/descargar\/\"><\/a><a href=\"\/es\/descargar\/\"><\/a><a href=\"\/es\/descargar\/\"><\/a><a href=\"\/es\/descargar\/\"><\/a><a href=\"\/es\/descargar\/\"><\/a><a href=\"\/es\/descargar\/\"><\/a><a href=\"\/es\/descargar\/\"><\/a><\/p>\n<div class=\"cherry-services_excerpt\"><a href=\"\/es\/descargar\/\"><span style=\"color:#777; margin-bottom: 10px; display: block;\">Inicie con TIMi y analice todos sus datos ahora.<\/span><i class=\"fa material-design-keyboard53 cherry-icon   icon-570;\"><\/i> M\u00e1s&#8230;<\/a><\/div>\n<\/div>\n<\/div>\n<\/div>\n<p><!--\/.services-item--><\/p>\n<\/div>\n<\/div>\n<\/div>\n<div class=\"cherry-spacer   hidden-xs hidden-sm\" style=\"height:50px;\"><\/div>\n<div class=\"cherry-spacer   visible-sm-block\" style=\"height:50px;\"><\/div>\n<div class=\"cherry-spacer   visible-xs-block\" style=\"height:25px;\"><\/div>\n<\/div>\n<\/div>\n<\/div>\n<\/div>\n<p><!--\n[cherry_row type=\"fixed-width\" class=\"custom-testimonial-block\"]\n[cherry_col size_md=\"12\" size_xs=\"12\" size_sm=\"12\" size_lg=\"12\"]\n\n[cherry_row_inner]\n\n[cherry_col_inner size_md=\"12\" size_xs=\"12\" size_sm=\"12\" size_lg=\"12\"]\n\n[cherry_spacer size=\"100\" size_sm=\"50\" size_xs=\"25\"]\n\n[\/cherry_col_inner]\n\n[\/cherry_row_inner]\n\n[cherry_row_inner]\n\n[cherry_col_inner size_md=\"12\" size_xs=\"12\" size_sm=\"12\" size_lg=\"12\" class=\"testi-header-test\"]\n\n\n<h2><span style=\"color: #ffffff;\">Testimonios<\/span><\/h2>\n\n\n[\/cherry_col_inner]\n\n[\/cherry_row_inner]\n\n[cherry_row_inner type=\"fixed-width\"]\n\n[cherry_col_inner size_md=\"12\" size_xs=\"12\" size_sm=\"12\" size_lg=\"12\"]\n\n[cherry_testimonials order=\"desc\" size=\"85\" template=\"custom_testimonials.tmpl\" category=\"timi\"]\n\n[\/cherry_col_inner]\n[\/cherry_row_inner]\n[cherry_spacer size=\"110\" size_sm=\"50\" size_xs=\"25\"]\n[\/cherry_col]\n[\/cherry_row]\n\n[cherry_row type=\"fixed-width\"]\n[cherry_col size_md=\"12\"]\n[cherry_spacer size=\"50\" size_sm=\"25\" size_xs=\"10\"]\n[cherry_swiper_carousel posts_per_page=\"60\" post_type=\"portfolio\" taxonomy=\"portfolio_category\" tax_term=\"academic,automotive,banking,energy,healthcare,insurance,manufacturing,media,ngos,other,retail,telecom\" order=\"asc\" linked_title=\"no\" linked_image=\"no\" content_length=\"8\" button_text=\"\" crop_width=\"200\" crop_height=\"200\" slides_per_view=\"6\" swiper_grab_cursor=\"yes\" swiper_pagination=\"no\" swiper_navigation=\"no\" swiper_autoplay=\"yes\" swiper_autoplay_delay=\"3000\" class=\"portfoliocustom\"]\n[\/cherry_col]\n[\/cherry_row]--><\/p>\n","protected":false},"excerpt":{"rendered":"Sobre nosotros Aprende m\u00e1s sobre nuestra misi\u00f3n, nuestros valores, nuestras recompensas y nuestro equipo. M\u00e1s&#8230; Productos Cubrimos todas sus necesidades de an\u00e1lisis de datos: ETL, BI, Modelado Predictivo, Automatizaci\u00f3n de Procesos, Visualizaci\u00f3n&#8230; Todo es accesible en autoservicio sin casi ning\u00fan conocimiento en anal\u00edtica. M\u00e1s&#8230; Soluciones \u00abPredicciones r\u00e1pidas para mejores decisiones.\u00bb Controle los costos y mantenga","protected":false},"author":1,"featured_media":0,"parent":0,"menu_order":0,"comment_status":"closed","ping_status":"closed","template":"","meta":[],"_links":{"self":[{"href":"https:\/\/timi.eu\/es\/wp-json\/wp\/v2\/pages\/12040"}],"collection":[{"href":"https:\/\/timi.eu\/es\/wp-json\/wp\/v2\/pages"}],"about":[{"href":"https:\/\/timi.eu\/es\/wp-json\/wp\/v2\/types\/page"}],"author":[{"embeddable":true,"href":"https:\/\/timi.eu\/es\/wp-json\/wp\/v2\/users\/1"}],"replies":[{"embeddable":true,"href":"https:\/\/timi.eu\/es\/wp-json\/wp\/v2\/comments?post=12040"}],"version-history":[{"count":24,"href":"https:\/\/timi.eu\/es\/wp-json\/wp\/v2\/pages\/12040\/revisions"}],"predecessor-version":[{"id":21549,"href":"https:\/\/timi.eu\/es\/wp-json\/wp\/v2\/pages\/12040\/revisions\/21549"}],"wp:attachment":[{"href":"https:\/\/timi.eu\/es\/wp-json\/wp\/v2\/media?parent=12040"}],"curies":[{"name":"wp","href":"https:\/\/api.w.org\/{rel}","templated":true}]}}