{"id":12032,"date":"2020-08-27T14:43:23","date_gmt":"2020-08-27T14:43:23","guid":{"rendered":"http:\/\/timi.eu\/?page_id=12032"},"modified":"2021-05-07T14:00:56","modified_gmt":"2021-05-07T14:00:56","slug":"precision-velocidad","status":"publish","type":"page","link":"https:\/\/timi.eu\/es\/timi\/modeler\/precision-velocidad\/","title":{"rendered":"Velocidad y precisi\u00f3n"},"content":{"rendered":"<div class=\"row  \" ><div class=\"container\"><div class=\"row row-edge\">\n<div class=\"col-xs-12 col-sm-12 col-md-12 col-lg-12 pageswitcher\">\n\n<div\n\t class=\"wpml-ls-statics-shortcode_actions wpml-ls wpml-ls-legacy-dropdown js-wpml-ls-legacy-dropdown\">\n\t<ul>\n\n\t\t<li tabindex=\"0\" class=\"wpml-ls-slot-shortcode_actions wpml-ls-item wpml-ls-item-es wpml-ls-current-language wpml-ls-item-legacy-dropdown\">\n\t\t\t<a href=\"#\" class=\"js-wpml-ls-item-toggle wpml-ls-item-toggle\">\n                                                    <img\n            class=\"wpml-ls-flag\"\n            src=\"https:\/\/timi.eu\/wp-content\/plugins\/sitepress-multilingual-cms\/res\/flags\/es.png\"\n            alt=\"\"\n            width=18\n            height=12\n    \/><span class=\"wpml-ls-native\">Espa\u00f1ol<\/span><\/a>\n\n\t\t\t<ul class=\"wpml-ls-sub-menu\">\n\t\t\t\t\n\t\t\t\t\t<li class=\"wpml-ls-slot-shortcode_actions wpml-ls-item wpml-ls-item-en wpml-ls-first-item\">\n\t\t\t\t\t\t<a href=\"https:\/\/timi.eu\" class=\"wpml-ls-link\">\n                                                                <img\n            class=\"wpml-ls-flag\"\n            src=\"https:\/\/timi.eu\/wp-content\/plugins\/sitepress-multilingual-cms\/res\/flags\/en.png\"\n            alt=\"\"\n            width=18\n            height=12\n    \/><span class=\"wpml-ls-display\">Ingl\u00e9s<\/span><\/a>\n\t\t\t\t\t<\/li>\n\n\t\t\t\t\n\t\t\t\t\t<li class=\"wpml-ls-slot-shortcode_actions wpml-ls-item wpml-ls-item-fr\">\n\t\t\t\t\t\t<a href=\"https:\/\/timi.eu\/fr\/\" class=\"wpml-ls-link\">\n                                                                <img\n            class=\"wpml-ls-flag\"\n            src=\"https:\/\/timi.eu\/wp-content\/plugins\/sitepress-multilingual-cms\/res\/flags\/fr.png\"\n            alt=\"\"\n            width=18\n            height=12\n    \/><span class=\"wpml-ls-display\">Franc\u00e9s<\/span><\/a>\n\t\t\t\t\t<\/li>\n\n\t\t\t\t\n\t\t\t\t\t<li class=\"wpml-ls-slot-shortcode_actions wpml-ls-item wpml-ls-item-nl\">\n\t\t\t\t\t\t<a href=\"https:\/\/timi.eu\/nl\/\" class=\"wpml-ls-link\">\n                                                                <img\n            class=\"wpml-ls-flag\"\n            src=\"https:\/\/timi.eu\/wp-content\/plugins\/sitepress-multilingual-cms\/res\/flags\/nl.png\"\n            alt=\"\"\n            width=18\n            height=12\n    \/><span class=\"wpml-ls-display\">Holand\u00e9s<\/span><\/a>\n\t\t\t\t\t<\/li>\n\n\t\t\t\t\n\t\t\t\t\t<li class=\"wpml-ls-slot-shortcode_actions wpml-ls-item wpml-ls-item-ru wpml-ls-last-item\">\n\t\t\t\t\t\t<a href=\"https:\/\/timi.eu\/ru\/\" class=\"wpml-ls-link\">\n                                                                <img\n            class=\"wpml-ls-flag\"\n            src=\"https:\/\/timi.eu\/wp-content\/plugins\/sitepress-multilingual-cms\/res\/flags\/ru.png\"\n            alt=\"\"\n            width=18\n            height=12\n    \/><span class=\"wpml-ls-display\">Ruso<\/span><\/a>\n\t\t\t\t\t<\/li>\n\n\t\t\t\t\t\t\t<\/ul>\n\n\t\t<\/li>\n\n\t<\/ul>\n<\/div>\n\n<\/div>\n<\/div><\/div><\/div>\n<div class=\"row custom-parallax-01 \" ><div class=\"cherry-box   box-580\"><div class=\"inner\"><div class=\"container\"><div class=\"row row-edge\">\n<div class=\"col-xs-12 col-sm-12 col-md-12 col-lg-12 custom-parallax-text\">\n<div class=\"cherry-spacer   hidden-xs hidden-sm\" style=\"height:70px;\"><\/div><div class=\"cherry-spacer   visible-sm-block\" style=\"height:25px;\"><\/div><div class=\"cherry-spacer   visible-xs-block\" style=\"height:10px;\"><\/div>\n<img decoding=\"async\" src=\"\/wp-content\/uploads\/2016\/07\/logos-timimodeler-min-e1468012260656.png\" alt=\"Modeler\" class=\"aligncenter size-full wp-image-1564\" style=\"position: relative;\" width=\"75\"><\/p>\n<h2 style=\"text-align: center; color: #333;\"><strong>UNA VELOCIDAD INEGALADA<\/strong><br \/>\nPARA LA MODELIZACI\u00d3N PREDICTIVA<\/h2>\n<div class=\"cherry-spacer   hidden-xs hidden-sm\" style=\"height:220px;\"><\/div><div class=\"cherry-spacer   visible-sm-block\" style=\"height:200px;\"><\/div><div class=\"cherry-spacer   visible-xs-block\" style=\"height:200px;\"><\/div>\n<\/div>\n<\/div><\/div><\/div><\/div><\/div>\n<div class=\"row custom-parallax-01 \" ><div class=\"cherry-box   box-330\"><div class=\"inner\"><div class=\"container\"><div class=\"row row-edge\">\n<div class=\"cherry-spacer   hidden-xs hidden-sm\" style=\"height:100px;\"><\/div><div class=\"cherry-spacer   visible-sm-block\" style=\"height:50px;\"><\/div><div class=\"cherry-spacer   visible-xs-block\" style=\"height:30px;\"><\/div>\n<div class=\"col-xs-12 col-sm-12 col-md-6 col-lg-6 custom-parallax-text\">\n<h2 style=\"color: #333; text-align: center;\"><strong>CREACI\u00d3N DE MODELOS<\/strong><br \/>\n<span style=\"color: #F00; font-weight: 500;\">CUIDADO DE LA SALUD<\/span><\/h2>\n<p style=\"color: #000; text-align: center;\">Utilizando el Modeler en un solo PC, una aseguradora de salud construy\u00f3 un modelo de alto rendimiento en 6 millones de l\u00edneas y 24.000 variables en 4 horas (estimaci\u00f3n a nivel individual del riesgo de ataque al coraz\u00f3n en los pr\u00f3ximos 6 meses).<\/p>\n<div class=\"cherry-spacer   hidden-xs hidden-sm\" style=\"height:100px;\"><\/div><div class=\"cherry-spacer   visible-sm-block\" style=\"height:50px;\"><\/div><div class=\"cherry-spacer   visible-xs-block\" style=\"height:30px;\"><\/div>\n<\/div>\n<div class=\"col-xs-12 col-sm-12 col-md-6 col-lg-6 custom-parallax-text\">\n<div class=\"row row-edge  \" >\n<div class=\"col-xs-0 col-sm-0 col-md-1 col-lg-1\">\n<\/div>\n<div class=\"col-xs-3 col-sm-3 col-md-3 col-lg-3\">\n<div class=\"cherry-spacer   hidden-xs hidden-sm\" style=\"height:50px;\"><\/div><div class=\"cherry-spacer   visible-sm-block\" style=\"height:30px;\"><\/div><div class=\"cherry-spacer   visible-xs-block\" style=\"height:15px;\"><\/div>\n<div class=\"cherry-counter myclass1 myclass3\" data-delay=\"1\"  data-time=\"3000\"><span class=\"count\">6<\/span><span class=\"after\">million rows<\/span><\/div>\n<div class=\"cherry-spacer   hidden-xs hidden-sm\" style=\"height:25px;\"><\/div><div class=\"cherry-spacer   visible-sm-block\" style=\"height:10px;\"><\/div><div class=\"cherry-spacer   visible-xs-block\" style=\"height:5px;\"><\/div>\n<\/div>\n<div class=\"col-xs-3 col-sm-3 col-md-3 col-lg-3\">\n<div class=\"cherry-spacer   hidden-xs hidden-sm\" style=\"height:50px;\"><\/div><div class=\"cherry-spacer   visible-sm-block\" style=\"height:30px;\"><\/div><div class=\"cherry-spacer   visible-xs-block\" style=\"height:15px;\"><\/div>\n<div class=\"cherry-counter myclass1 myclass2\" data-delay=\"2\"  data-time=\"6000\"><span class=\"count\">24000<\/span><span class=\"after\">variables<\/span><\/div>\n<div class=\"cherry-spacer   hidden-xs hidden-sm\" style=\"height:25px;\"><\/div><div class=\"cherry-spacer   visible-sm-block\" style=\"height:10px;\"><\/div><div class=\"cherry-spacer   visible-xs-block\" style=\"height:5px;\"><\/div>\n<\/div>\n<div class=\"col-xs-3 col-sm-3 col-md-3 col-lg-3\">\n<div class=\"cherry-spacer   hidden-xs hidden-sm\" style=\"height:50px;\"><\/div><div class=\"cherry-spacer   visible-sm-block\" style=\"height:30px;\"><\/div><div class=\"cherry-spacer   visible-xs-block\" style=\"height:15px;\"><\/div>\n<div class=\"cherry-counter myclass1\" data-delay=\"1\"  data-time=\"3000\"><span class=\"count\">4<\/span><span class=\"after\">hours<\/span><\/div>\n<div class=\"cherry-spacer   hidden-xs hidden-sm\" style=\"height:25px;\"><\/div><div class=\"cherry-spacer   visible-sm-block\" style=\"height:10px;\"><\/div><div class=\"cherry-spacer   visible-xs-block\" style=\"height:5px;\"><\/div>\n<\/div>\n<div class=\"cherry-spacer   hidden-xs hidden-sm\" style=\"height:100px;\"><\/div><div class=\"cherry-spacer   visible-sm-block\" style=\"height:50px;\"><\/div><div class=\"cherry-spacer   visible-xs-block\" style=\"height:30px;\"><\/div>\n<\/div>\n<\/div>\n<\/div><\/div><\/div><\/div><\/div>\n<div class=\"row custom-parallax-01 \" ><div class=\"cherry-box   box-281\"><div class=\"inner\"><div class=\"container\"><div class=\"row row-edge\">\n<div class=\"col-xs-12 col-sm-12 col-md-6 col-lg-6 custom-parallax-text\">\n<div class=\"cherry-spacer   hidden-xs hidden-sm\" style=\"height:100px;\"><\/div><div class=\"cherry-spacer   visible-sm-block\" style=\"height:50px;\"><\/div><div class=\"cherry-spacer   visible-xs-block\" style=\"height:30px;\"><\/div>\n<div class=\"row row-edge  \" >\n<div class=\"col-xs-0 col-sm-0 col-md-1 col-lg-1\">\n<\/div>\n<div class=\"col-xs-3 col-sm-3 col-md-3 col-lg-3\">\n<div class=\"cherry-counter myclass1b myclass3\" data-delay=\"1\"  data-time=\"3000\"><span class=\"count\">18<\/span><span class=\"after\">million rows<\/span><\/div>\n<div class=\"cherry-spacer   hidden-xs hidden-sm\" style=\"height:25px;\"><\/div><div class=\"cherry-spacer   visible-sm-block\" style=\"height:10px;\"><\/div><div class=\"cherry-spacer   visible-xs-block\" style=\"height:5px;\"><\/div>\n<\/div>\n<div class=\"col-xs-3 col-sm-3 col-md-3 col-lg-3\">\n<div class=\"cherry-counter myclass1b\" data-delay=\"2\"  data-time=\"6000\"><span class=\"count\">200<\/span><span class=\"after\">variables<\/span><\/div>\n<div class=\"cherry-spacer   hidden-xs hidden-sm\" style=\"height:25px;\"><\/div><div class=\"cherry-spacer   visible-sm-block\" style=\"height:10px;\"><\/div><div class=\"cherry-spacer   visible-xs-block\" style=\"height:5px;\"><\/div>\n<\/div>\n<div class=\"col-xs-3 col-sm-3 col-md-3 col-lg-3\">\n<div class=\"cherry-counter myclass1b\" data-delay=\"1\"  data-time=\"3000\"><span class=\"count\">20<\/span><span class=\"after\">minutes<\/span><\/div>\n<div class=\"cherry-spacer   hidden-xs hidden-sm\" style=\"height:25px;\"><\/div><div class=\"cherry-spacer   visible-sm-block\" style=\"height:10px;\"><\/div><div class=\"cherry-spacer   visible-xs-block\" style=\"height:5px;\"><\/div>\n<\/div>\n<\/div>\n<\/div>\n<div class=\"col-xs-12 col-sm-12 col-md-6 col-lg-6 custom-parallax-text\">\n<div class=\"cherry-spacer   hidden-xs hidden-sm\" style=\"height:70px;\"><\/div><div class=\"cherry-spacer   visible-sm-block\" style=\"height:50px;\"><\/div><div class=\"cherry-spacer   visible-xs-block\" style=\"height:30px;\"><\/div>\n<h2 style=\"color: #333; text-align: center;\"><strong>PREDICCION<\/strong><br \/>\n<span style=\"color: #f00; font-weight: 500;\">DE FRAUDE<\/span><\/h2>\n<p style=\"color: #000; text-align: center;\">Con Modeler, un proveedor de energ\u00eda construy\u00f3 un modelo de predicci\u00f3n de fraude en s\u00f3lo 20 minutos sobre un conjunto de datos con 18.000.000 de filas y m\u00e1s de 200 columnas.<\/p>\n<div class=\"cherry-spacer   hidden-xs hidden-sm\" style=\"height:25px;\"><\/div><div class=\"cherry-spacer   visible-sm-block\" style=\"height:10px;\"><\/div><div class=\"cherry-spacer   visible-xs-block\" style=\"height:5px;\"><\/div>\n<\/div>\n<\/div><\/div><\/div><\/div><\/div>\n<div class=\"cherry-spacer   hidden-xs hidden-sm\" style=\"height:50px;\"><\/div><div class=\"cherry-spacer   visible-sm-block\" style=\"height:30px;\"><\/div><div class=\"cherry-spacer   visible-xs-block\" style=\"height:15px;\"><\/div>\n<div class=\"row custom-parallax-01 \" ><div class=\"cherry-box   box-979\"><div class=\"inner\"><div class=\"container\"><div class=\"row row-edge\">\n<div class=\"col-xs-12 col-sm-12 col-md-12 col-lg-12 custom-parallax-text\">\n<div class=\"cherry-spacer   hidden-xs hidden-sm\" style=\"height:50px;\"><\/div><div class=\"cherry-spacer   visible-sm-block\" style=\"height:30px;\"><\/div><div class=\"cherry-spacer   visible-xs-block\" style=\"height:15px;\"><\/div>\n<\/div>\n<div class=\"col-xs-12 col-sm-6 col-md-6 col-lg-6 custom-parallax-text\">\n<h2 style=\"color: #333; text-align: center;\"><strong>MODELOS<br \/>\n<\/strong><span style=\"color: #f00; font-weight: 500;\">DE ALTA PRECISION <\/span><\/h2>\n<p style=\"color: #000; text-align: center;\">Por supuesto, la velocidad ser\u00eda irrelevante sin la precisi\u00f3n. Desde 2007, Modeler ha estado produciendo modelos de predicci\u00f3n que son significativamente m\u00e1s precisos que otras herramientas est\u00e1ndar. Este hecho queda demostrado por nuestros excelentes resultados en varias competiciones mundiales de aprendizaje de m\u00e1quinas (KDD Cups &amp; Kaggle) y por los puntos de referencia reales de la industria.<\/p>\n<div class=\"aligncenter custom-button-1 -wrapper\"><a class=\"cherry-btn cherry-btn-primary cherry-btn-medium cherry-btn-inline cherry-btn-fade custom-button-1  button-833\" target=\"_self\" href=\"\/category\/blog\/awards\/\">M\u00e1s informaci\u00f3n (ingl\u00e9s)<\/a><\/div>\n<div class=\"cherry-spacer   hidden-xs hidden-sm\" style=\"height:100px;\"><\/div><div class=\"cherry-spacer   visible-sm-block\" style=\"height:50px;\"><\/div><div class=\"cherry-spacer   visible-xs-block\" style=\"height:30px;\"><\/div>\n<\/div>\n<div class=\"col-xs-12 col-sm-6 col-md-6 col-lg-6 custom-parallax-text\">\n<div class=\"cherry-spacer   hidden-xs hidden-sm\" style=\"height:100px;\"><\/div><div class=\"cherry-spacer   visible-sm-block\" style=\"height:50px;\"><\/div><div class=\"cherry-spacer   visible-xs-block\" style=\"height:30px;\"><\/div>\n<a class=\"single-popup-image\" href=\"\/wp-content\/uploads\/2017\/06\/competitions.png\"><img decoding=\"async\" class=\"aligncenter size-full wp-image-7014\" src=\"\/wp-content\/uploads\/2017\/06\/competitions.png\" alt=\"competitions\" width=\"80%\" srcset=\"https:\/\/timi.eu\/wp-content\/uploads\/2017\/06\/competitions.png 1430w, https:\/\/timi.eu\/wp-content\/uploads\/2017\/06\/competitions-600x220.png 600w, https:\/\/timi.eu\/wp-content\/uploads\/2017\/06\/competitions-300x110.png 300w, https:\/\/timi.eu\/wp-content\/uploads\/2017\/06\/competitions-768x282.png 768w, https:\/\/timi.eu\/wp-content\/uploads\/2017\/06\/competitions-1024x376.png 1024w\" sizes=\"(max-width: 1430px) 100vw, 1430px\" \/><\/a><br \/>\n<div class=\"cherry-spacer   hidden-xs hidden-sm\" style=\"height:100px;\"><\/div><div class=\"cherry-spacer   visible-sm-block\" style=\"height:50px;\"><\/div><div class=\"cherry-spacer   visible-xs-block\" style=\"height:25px;\"><\/div>\n<\/div>\n<\/div><\/div><\/div><\/div><\/div>\n<div class=\"row custom-parallax-01 \" ><div class=\"cherry-box   box-901\"><div class=\"inner\"><div class=\"container\"><div class=\"row row-edge\">\n<div class=\"col-xs-12 col-sm-4 col-md-4 col-lg-4\">\n<\/div>\n<div class=\"col-xs-12 col-sm-4 col-md-4 col-lg-4 custom-parallax-text\">\n<div class=\"cherry-spacer   hidden-xs hidden-sm\" style=\"height:50px;\"><\/div><div class=\"cherry-spacer   visible-sm-block\" style=\"height:30px;\"><\/div><div class=\"cherry-spacer   visible-xs-block\" style=\"height:15px;\"><\/div>\n<h2 style=\"text-align: center;\"><strong>NOTA<\/strong><\/h2>\n<p style=\"text-align: center;\">Todos los ejemplos mencionados en esta p\u00e1gina funcionan en este port\u00e1til:<\/p>\n<p><img decoding=\"async\" loading=\"lazy\" class=\"aligncenter size-large wp-image-4830\" src=\"\/wp-content\/uploads\/2016\/09\/msi-1-1024x770.png\" alt=\"msi\" width=\"1024\" height=\"770\" srcset=\"https:\/\/timi.eu\/wp-content\/uploads\/2016\/09\/msi-1-1024x770.png 1024w, https:\/\/timi.eu\/wp-content\/uploads\/2016\/09\/msi-1-600x451.png 600w, https:\/\/timi.eu\/wp-content\/uploads\/2016\/09\/msi-1-300x226.png 300w, https:\/\/timi.eu\/wp-content\/uploads\/2016\/09\/msi-1-768x578.png 768w, https:\/\/timi.eu\/wp-content\/uploads\/2016\/09\/msi-1-200x150.png 200w, https:\/\/timi.eu\/wp-content\/uploads\/2016\/09\/msi-1.png 1073w\" sizes=\"(max-width: 1024px) 100vw, 1024px\" \/><br \/>\n<div class=\"cherry-spacer   hidden-xs hidden-sm\" style=\"height:50px;\"><\/div><div class=\"cherry-spacer   visible-sm-block\" style=\"height:30px;\"><\/div><div class=\"cherry-spacer   visible-xs-block\" style=\"height:15px;\"><\/div>\n<\/div>\n<div class=\"col-xs-12 col-sm-4 col-md-4 col-lg-4\">\n<\/div>\n<\/div><\/div><\/div><\/div><\/div>\n","protected":false},"excerpt":{"rendered":"","protected":false},"author":1,"featured_media":0,"parent":12026,"menu_order":0,"comment_status":"closed","ping_status":"closed","template":"","meta":[],"_links":{"self":[{"href":"https:\/\/timi.eu\/es\/wp-json\/wp\/v2\/pages\/12032"}],"collection":[{"href":"https:\/\/timi.eu\/es\/wp-json\/wp\/v2\/pages"}],"about":[{"href":"https:\/\/timi.eu\/es\/wp-json\/wp\/v2\/types\/page"}],"author":[{"embeddable":true,"href":"https:\/\/timi.eu\/es\/wp-json\/wp\/v2\/users\/1"}],"replies":[{"embeddable":true,"href":"https:\/\/timi.eu\/es\/wp-json\/wp\/v2\/comments?post=12032"}],"version-history":[{"count":2,"href":"https:\/\/timi.eu\/es\/wp-json\/wp\/v2\/pages\/12032\/revisions"}],"predecessor-version":[{"id":13545,"href":"https:\/\/timi.eu\/es\/wp-json\/wp\/v2\/pages\/12032\/revisions\/13545"}],"up":[{"embeddable":true,"href":"https:\/\/timi.eu\/es\/wp-json\/wp\/v2\/pages\/12026"}],"wp:attachment":[{"href":"https:\/\/timi.eu\/es\/wp-json\/wp\/v2\/media?parent=12032"}],"curies":[{"name":"wp","href":"https:\/\/api.w.org\/{rel}","templated":true}]}}