{"id":12026,"date":"2020-08-27T14:37:39","date_gmt":"2020-08-27T14:37:39","guid":{"rendered":"http:\/\/timi.eu\/?page_id=12026"},"modified":"2021-05-07T16:39:04","modified_gmt":"2021-05-07T16:39:04","slug":"modeler","status":"publish","type":"page","link":"https:\/\/timi.eu\/es\/timi\/modeler\/","title":{"rendered":"Modeler"},"content":{"rendered":"<div class=\"row  \" ><div class=\"container\"><div class=\"row row-edge\">\n<div class=\"col-xs-12 col-sm-12 col-md-12 col-lg-12 pageswitcher\">\n\n<div\n\t class=\"wpml-ls-statics-shortcode_actions wpml-ls wpml-ls-legacy-dropdown js-wpml-ls-legacy-dropdown\">\n\t<ul>\n\n\t\t<li tabindex=\"0\" class=\"wpml-ls-slot-shortcode_actions wpml-ls-item wpml-ls-item-es wpml-ls-current-language wpml-ls-item-legacy-dropdown\">\n\t\t\t<a href=\"#\" class=\"js-wpml-ls-item-toggle wpml-ls-item-toggle\">\n                                                    <img\n            class=\"wpml-ls-flag\"\n            src=\"https:\/\/timi.eu\/wp-content\/plugins\/sitepress-multilingual-cms\/res\/flags\/es.png\"\n            alt=\"\"\n            width=18\n            height=12\n    \/><span class=\"wpml-ls-native\">Espa\u00f1ol<\/span><\/a>\n\n\t\t\t<ul class=\"wpml-ls-sub-menu\">\n\t\t\t\t\n\t\t\t\t\t<li class=\"wpml-ls-slot-shortcode_actions wpml-ls-item wpml-ls-item-en wpml-ls-first-item\">\n\t\t\t\t\t\t<a href=\"https:\/\/timi.eu\" class=\"wpml-ls-link\">\n                                                                <img\n            class=\"wpml-ls-flag\"\n            src=\"https:\/\/timi.eu\/wp-content\/plugins\/sitepress-multilingual-cms\/res\/flags\/en.png\"\n            alt=\"\"\n            width=18\n            height=12\n    \/><span class=\"wpml-ls-display\">Ingl\u00e9s<\/span><\/a>\n\t\t\t\t\t<\/li>\n\n\t\t\t\t\n\t\t\t\t\t<li class=\"wpml-ls-slot-shortcode_actions wpml-ls-item wpml-ls-item-fr\">\n\t\t\t\t\t\t<a href=\"https:\/\/timi.eu\/fr\/\" class=\"wpml-ls-link\">\n                                                                <img\n            class=\"wpml-ls-flag\"\n            src=\"https:\/\/timi.eu\/wp-content\/plugins\/sitepress-multilingual-cms\/res\/flags\/fr.png\"\n            alt=\"\"\n            width=18\n            height=12\n    \/><span class=\"wpml-ls-display\">Franc\u00e9s<\/span><\/a>\n\t\t\t\t\t<\/li>\n\n\t\t\t\t\n\t\t\t\t\t<li class=\"wpml-ls-slot-shortcode_actions wpml-ls-item wpml-ls-item-nl\">\n\t\t\t\t\t\t<a href=\"https:\/\/timi.eu\/nl\/\" class=\"wpml-ls-link\">\n                                                                <img\n            class=\"wpml-ls-flag\"\n            src=\"https:\/\/timi.eu\/wp-content\/plugins\/sitepress-multilingual-cms\/res\/flags\/nl.png\"\n            alt=\"\"\n            width=18\n            height=12\n    \/><span class=\"wpml-ls-display\">Holand\u00e9s<\/span><\/a>\n\t\t\t\t\t<\/li>\n\n\t\t\t\t\n\t\t\t\t\t<li class=\"wpml-ls-slot-shortcode_actions wpml-ls-item wpml-ls-item-ru wpml-ls-last-item\">\n\t\t\t\t\t\t<a href=\"https:\/\/timi.eu\/ru\/\" class=\"wpml-ls-link\">\n                                                                <img\n            class=\"wpml-ls-flag\"\n            src=\"https:\/\/timi.eu\/wp-content\/plugins\/sitepress-multilingual-cms\/res\/flags\/ru.png\"\n            alt=\"\"\n            width=18\n            height=12\n    \/><span class=\"wpml-ls-display\">Ruso<\/span><\/a>\n\t\t\t\t\t<\/li>\n\n\t\t\t\t\t\t\t<\/ul>\n\n\t\t<\/li>\n\n\t<\/ul>\n<\/div>\n\n<\/div>\n<\/div><\/div><\/div>\n<div class=\"row custom-parallax-01 \" ><section class=\"parallax-box image-parallax-box \" style=\"min-height: 300px\"><div class=\"parallax-content\"><div class=\"container\"><div class=\"row row-edge\">\n<div class=\"col-xs-12 col-sm-12 col-md-12 col-lg-12 custom-parallax-text\">\n<div class=\"cherry-spacer   hidden-xs hidden-sm\" style=\"height:100px;\"><\/div><div class=\"cherry-spacer   visible-sm-block\" style=\"height:100px;\"><\/div><div class=\"cherry-spacer   visible-xs-block\" style=\"height:50px;\"><\/div>\n<img decoding=\"async\" class=\"aligncenter size-full wp-image-1564\" style=\"position: relative;\" src=\"\/wp-content\/uploads\/2016\/07\/logos-timimodeler-min-e1468012260656.png\" alt=\"Modeler\" width=\"75\"><\/p>\n<h2 style=\"text-align: center;\"><span style=\"color: #fff;\"><strong>MODELER<\/strong><br \/>\nMODELACI\u00d3N AUTOMATIZADA<\/span><\/h2>\n<div class=\"cherry-spacer   hidden-xs hidden-sm\" style=\"height:90px;\"><\/div><div class=\"cherry-spacer   visible-sm-block\" style=\"height:90px;\"><\/div><div class=\"cherry-spacer   visible-xs-block\" style=\"height:50px;\"><\/div>\n<\/div>\n<\/div><\/div><div class=\"clear\"><\/div><\/div><div class=\"parallax-bg\" data-parallax-type=\"image\" data-img-url=\"\/wp-content\/uploads\/2020\/02\/mechanism2.jpg\" data-speed=\"1.5\" data-invert=\"\" ><\/div><\/section><\/div>\n<div class=\"row custom-services-price-wrapper2 \" ><div class=\"cherry-box   box-335\"><div class=\"inner\"><div class=\"container\"><div class=\"row row-edge\">\n<div class=\"cherry-spacer   hidden-xs hidden-sm\" style=\"height:40px;\"><\/div><div class=\"cherry-spacer   visible-sm-block\" style=\"height:20px;\"><\/div><div class=\"cherry-spacer   visible-xs-block\" style=\"height:20px;\"><\/div>\n<div class=\"col-xs-12 col-sm-6 col-md-6 col-lg-3\">\n<h3 style=\"color: #333; line-height: 50px; text-align: center;\"><span class=\"fa fa-forward cherry-icon   icon-535\"><\/span><span style=\"margin-left: 20px;\">PRECISO Y R\u00c1PIDO<\/span><\/h3>\n<p style=\"color: #000; text-align: center;\">Obtener la mejor tasa de conversi\u00f3n y retenci\u00f3n, la mejor estimaci\u00f3n de riesgo en segundos.<\/p>\n<div class=\"cherry-spacer   hidden-xs hidden-sm\" style=\"height:50px;\"><\/div><div class=\"cherry-spacer   visible-sm-block\" style=\"height:30px;\"><\/div><div class=\"cherry-spacer   visible-xs-block\" style=\"height:15px;\"><\/div>\n<\/div>\n<div class=\"col-xs-12 col-sm-6 col-md-6 col-lg-3\">\n<h3 style=\"color: #333; line-height: 50px; text-align: center;\"><span class=\"fa fa-bolt cherry-icon   icon-992\"><\/span><span style=\"margin-left: 20px;\">POTENTE<\/span><\/h3>\n<p style=\"color: #000; text-align: center;\">No hay l\u00edmites en el conjunto de datos de aprendizaje: el modelador maneja miles de variables y millones de registros.<\/p>\n<div class=\"cherry-spacer   hidden-xs hidden-sm\" style=\"height:50px;\"><\/div><div class=\"cherry-spacer   visible-sm-block\" style=\"height:30px;\"><\/div><div class=\"cherry-spacer   visible-xs-block\" style=\"height:15px;\"><\/div>\n<\/div>\n<div class=\"col-xs-12 col-sm-6 col-md-6 col-lg-3\">\n<h3 style=\"color: #333; line-height: 50px; text-align: center;\"><span class=\"fa fa-gears cherry-icon   icon-746\"><\/span><span style=\"margin-left: 20px;\">AUTOMATIZADO<\/span><\/h3>\n<p style=\"color: #000; text-align: center;\">Aproveche los m\u00e1s de 20 a\u00f1os de experiencia en Ciencia datos,  incorporados directamente en Timi Modeler, con s\u00f3lo unos pocos clics.<\/p>\n<div class=\"cherry-spacer   hidden-xs hidden-sm\" style=\"height:50px;\"><\/div><div class=\"cherry-spacer   visible-sm-block\" style=\"height:30px;\"><\/div><div class=\"cherry-spacer   visible-xs-block\" style=\"height:15px;\"><\/div>\n<\/div>\n<div class=\"col-xs-12 col-sm-6 col-md-6 col-lg-3\">\n<h3 style=\"color: #333; line-height: 50px; text-align: center;\"><span class=\"fa fa-caret-square-o-right cherry-icon   icon-306\"><\/span><span style=\"margin-left: 20px;\">ACCIONABLE<\/span><\/h3>\n<p style=\"color: #000; text-align: center;\">El modelado es la garant\u00eda de que sus modelos salgan del laboratorio de datos y entren en producci\u00f3n en un drag&amp;drop.<\/p>\n<div class=\"cherry-spacer   hidden-xs hidden-sm\" style=\"height:50px;\"><\/div><div class=\"cherry-spacer   visible-sm-block\" style=\"height:30px;\"><\/div><div class=\"cherry-spacer   visible-xs-block\" style=\"height:15px;\"><\/div>\n<\/div>\n<\/div><\/div><\/div><\/div><\/div>\n<div id=\"what-is-timi-modeler\"><\/div>\n<div class=\"row custom-services-price-wrapper2 \" ><div class=\"cherry-box   box-608\"><div class=\"inner\"><div class=\"container\"><div class=\"row row-edge\">\n<div class=\"cherry-spacer   hidden-xs hidden-sm\" style=\"height:70px;\"><\/div><div class=\"cherry-spacer   visible-sm-block\" style=\"height:10px;\"><\/div><div class=\"cherry-spacer   visible-xs-block\" style=\"height:5px;\"><\/div>\n<div class=\"col-xs-12 col-sm-6 col-md-6 col-lg-6\">\n<a class=\"single-popup-image\" href=\"\/wp-content\/uploads\/2020\/04\/auto-ml-4.png\"><img decoding=\"async\" loading=\"lazy\" class=\"aligncenter size-large wp-image-9486\" src=\"\/wp-content\/uploads\/2020\/04\/auto-ml-4-1024x450.png\" alt=\"auto-ml-3\" width=\"1024\" height=\"450\" style=\"margin-top: -25px;\"><\/a><br \/>\n<\/div>\n<div class=\"col-xs-12 col-sm-6 col-md-6 col-lg-6\">\n<h3 style=\"margin-left: 20px;\"><span style=\"color: #f00;\"><strong>MODELER<\/strong><\/span><span style=\"color: #333;\">, ES EL <span style=\"color: #f00;\"><strong>PLAICER<\/strong><\/span> DE:<\/span><\/h3>\n<ul>\n<li>obtener inmediatamente una mejor comprensi\u00f3n de su objetivo y de su oficio,<\/li>\n<li>desafiar sus suposiciones o creencias,<\/li>\n<li>apreciar lo inesperado,<\/li>\n<li>descubrir patrones ocultos en sus datos,<\/li>\n<li>validar sus elecciones y la relevancia de su ingenier\u00eda de caracter\u00edsticas,<\/li>\n<li>probar los escenarios m\u00e1s originales.<\/li>\n<\/ul>\n<\/div>\n<div class=\"col-xs-12 col-sm-12 col-md-12 col-lg-12\">\n<div class=\"cherry-spacer   hidden-xs hidden-sm\" style=\"height:70px;\"><\/div><div class=\"cherry-spacer   visible-sm-block\" style=\"height:70px;\"><\/div><div class=\"cherry-spacer   visible-xs-block\" style=\"height:50px;\"><\/div>\n<\/div>\n<\/div><\/div><\/div><\/div><\/div>\n<div id=\"timi-modeler-features\"><\/div>\n<div class=\"row  \" ><div class=\"container\"><div class=\"row row-edge\">\n<div class=\"col-xs-12 col-sm-12 col-md-12 col-lg-12 custom-home-text\">\n<div class=\"cherry-spacer   hidden-xs hidden-sm\" style=\"height:100px;\"><\/div><div class=\"cherry-spacer   visible-sm-block\" style=\"height:50px;\"><\/div><div class=\"cherry-spacer   visible-xs-block\" style=\"height:50px;\"><\/div>\n<h2 style=\"text-align: center;\"><strong>\u00bfPORQUE<\/strong> <span style=\"color: #f00; font-weight: 500;\">MODELER?<\/span><\/h2>\n<div class=\"cherry-spacer   hidden-xs hidden-sm\" style=\"height:30px;\"><\/div><div class=\"cherry-spacer   visible-sm-block\" style=\"height:20px;\"><\/div><div class=\"cherry-spacer   visible-xs-block\" style=\"height:10px;\"><\/div>\n<\/div>\n<\/div><\/div><\/div>\n<div class=\"row  \" ><div class=\"container\"><div class=\"row row-edge\">\n<div class=\"col-xs-12 col-sm-4 col-md-4 col-lg-4\">\n<h3><span style=\"color: #f00;\">Precisi\u00f3n y velocidad insuperables<\/span><\/h3>\n<p>Cuanto m\u00e1s relevante sea tu selecci\u00f3n de variables, cuanto m\u00e1s optimices tus meta-parametros, mejores ser\u00e1n tus resultados. Gracias a su motor 100% multihilo, vectorizado y optimizado para la memoria cach\u00e9, Modeler prueba m\u00e1s de 15.000 modelos diferentes en pocos segundos para finalmente entregar el mejor modelo.<\/p>\n<a class=\"cherry-btn cherry-btn-primary cherry-btn-small cherry-btn-inline cherry-btn-fade custom-button-1  button-816\" target=\"_self\" href=\"\/es\/timi\/modeler\/precision-velocidad\/\">M\u00e1s informaci\u00f3n<\/a>\n<div class=\"cherry-spacer  \" style=\"height:30px;\"><\/div>\n<\/div>\n<div class=\"col-xs-12 col-sm-4 col-md-4 col-lg-4\">\n<h3><span style=\"color: #f00;\">Escalable<\/span><\/h3>\n<p>Modeler  es capaz de  manejar de forma f\u00e1cil conjuntos de datos muy grandes, con m\u00e1s de 30.000 variables y millones de filas. Su motor de compresi\u00f3n de datos propietario, le permite almacenar un conjunto de datos de 1 GB en menos de 50 MB de RAM.<\/p>\n<a class=\"cherry-btn cherry-btn-primary cherry-btn-small cherry-btn-inline cherry-btn-fade custom-button-1  button-838\" target=\"_self\" href=\"\/es\/timi\/modeler\/precision-velocidad\/\">M\u00e1s informaci\u00f3n<\/a>\n<div class=\"cherry-spacer  \" style=\"height:30px;\"><\/div>\n<\/div>\n<div class=\"col-xs-12 col-sm-4 col-md-4 col-lg-4\">\n<h3><span style=\"color: #f00;\">Estable<\/span><\/h3>\n<p>Los algoritmos utilizados en Modeler son en su mayor\u00eda insensibles a los datos sucios (valores at\u00edpicos) o datos faltantes (missing). Puede utilizar Modeler directamente en las bases de datos que contienen sus datos operacionales para obtener r\u00e1pidamente modelos explotables.<br \/>\n<div class=\"cherry-spacer  \" style=\"height:30px;\"><\/div>\n<\/div>\n<\/div><\/div><\/div>\n<div class=\"row  \" ><div class=\"cherry-box   box-405\"><div class=\"inner\"><div class=\"container\"><div class=\"row row-edge\">\n<div class=\"cherry-spacer   hidden-xs hidden-sm\" style=\"height:30px;\"><\/div><div class=\"cherry-spacer   visible-sm-block\" style=\"height:20px;\"><\/div><div class=\"cherry-spacer   visible-xs-block\" style=\"height:10px;\"><\/div>\n<div class=\"col-xs-12 col-sm-4 col-md-4 col-lg-4\">\n<h3><span style=\"color: #f00;\">Miles de modelos<\/span><\/h3>\n<p>Modeler crea autom\u00e1ticamente nuevas variables para aumentar la precisi\u00f3n. Modeler crea miles de modelos predictivos y finalmente entrega el mejor y m\u00e1s estable modelo. El modelador ajusta todos los meta-par\u00e1metros del modelo, calcula los intervalos de confianza y genera todos los informes necesarios.<br \/>\n<div class=\"cherry-spacer  \" style=\"height:30px;\"><\/div>\n<\/div>\n<div class=\"col-xs-12 col-sm-4 col-md-4 col-lg-4\">\n<h3><span style=\"color: #f00;\">Los 3 tipos de objetivo<\/span><\/h3>\n<p>Modeler tiene 2 motores de predicci\u00f3n: uno para targets binarios y el otro para targets continuos. Cuando se combina el Modeler con la caja de \u00ab unique assignment solver \u00bb (en Anatella), Modeler tambi\u00e9n se convierte en una de las mejores soluciones para predecir objetivos de m\u00faltiples clases.<br \/>\n<div class=\"cherry-spacer  \" style=\"height:30px;\"><\/div>\n<\/div>\n<div class=\"col-xs-12 col-sm-4 col-md-4 col-lg-4\">\n<h3><span style=\"color: #f00;\">Bajo riesgo de sobreajuste<\/span><\/h3>\n<p>Modeler integra las 4 mejores tecnolog\u00edas para luchar contra el sobreajuste, teniendo en cuenta la estructura del modelo entregado. En el 99% de los casos, Modeler proporciona autom\u00e1ticamente un modelo sin sobreajuste. Si todav\u00eda ves sobreajuste, puedes simplemente ajustar los meta-par\u00e1metros de modelado para eliminarlo.<\/p>\n<a class=\"cherry-btn cherry-btn-primary cherry-btn-small cherry-btn-inline cherry-btn-fade custom-button-1  button-356\" target=\"_self\" href=\"\/academy\/bi-overfitting\/\">M\u00e1s informaci\u00f3n (ingl\u00e9s)<\/a>\n<div class=\"cherry-spacer  \" style=\"height:30px;\"><\/div>\n<\/div>\n<\/div><\/div><\/div><\/div><\/div>\n<div class=\"row  \" ><div class=\"container\"><div class=\"row row-edge\">\n<div class=\"cherry-spacer   hidden-xs hidden-sm\" style=\"height:70px;\"><\/div><div class=\"cherry-spacer   visible-sm-block\" style=\"height:20px;\"><\/div><div class=\"cherry-spacer   visible-xs-block\" style=\"height:10px;\"><\/div>\n<div class=\"col-xs-12 col-sm-4 col-md-4 col-lg-4\">\n<h3><span style=\"color: #f00;\">White box y Etica<\/span><\/h3>\n<p>El modelador tiene el reflejo de seleccionar sistem\u00e1ticamente las variables m\u00e1s relevantes en la menor cantidad. Utiliza un \u00abenfoque de envoltura\u00bb mejorado que le dice exactamente qu\u00e9 variables se seleccionan. Este enfoque permite obtener modelos muy precisos pero tambi\u00e9n muy sencillos (con pocas variables) que luego son f\u00e1ciles de validar desde el punto de vista \u00e9tico gracias a los m\u00faltiples  informes de modelizaci\u00f3n generados autom\u00e1ticamente.<br \/>\n<div class=\"cherry-spacer  \" style=\"height:30px;\"><\/div>\n<\/div>\n<div class=\"col-xs-12 col-sm-4 col-md-4 col-lg-4\">\n<h3><span style=\"color: #f00;\">Transparente<\/span><\/h3>\n<p>Todos los algoritmos y par\u00e1metros est\u00e1n completamente documentados y disponibles.<br \/>\nModeler automatiza completamente el proceso de optimizaci\u00f3n de estos meta-par\u00e1metros. Sin embargo, si lo desea, puede cambiar al modo manual y optimizarlos a su discreci\u00f3n. Esto le permite mantener control sobre toda la cadena algor\u00edtmica utilizada en Modeler.<br \/>\n<div class=\"cherry-spacer  \" style=\"height:30px;\"><\/div>\n<\/div>\n<div class=\"col-xs-12 col-sm-4 col-md-4 col-lg-4\">\n<h3><span style=\"color: #f00;\">F\u00e1cil despliegue<\/span><\/h3>\n<p>Modeler ofrece docenas de opciones para ayudarle a poner sus modelos en producci\u00f3n. Puede simplemente arrastrar y soltar el \u00abarchivo de modelo\u00bb en una ventana de Anatella o exportar sus modelos a un simple c\u00f3digo SQL (para la puntuaci\u00f3n en la base de datos) con un clic del rat\u00f3n.<br \/>\n<div class=\"cherry-spacer   hidden-xs hidden-sm\" style=\"height:70px;\"><\/div><div class=\"cherry-spacer   visible-sm-block\" style=\"height:20px;\"><\/div><div class=\"cherry-spacer   visible-xs-block\" style=\"height:30px;\"><\/div>\n<\/div>\n<\/div><\/div><\/div>\n<div class=\"row custom-parallax-01 \" ><div class=\"cherry-box   box-732\"><div class=\"inner\"><div class=\"container\"><div class=\"row row-edge\">\n<div class=\"col-xs-12 col-sm-12 col-md-7 col-lg-7 custom-parallax-text\">\n<div class=\"cherry-spacer   hidden-xs hidden-sm\" style=\"height:100px;\"><\/div><div class=\"cherry-spacer   visible-sm-block\" style=\"height:100px;\"><\/div><div class=\"cherry-spacer   visible-xs-block\" style=\"height:60px;\"><\/div>\n<h2 style=\"text-align: center;\"><strong>IMPULSE<\/strong><br \/>\n<span style=\"color: #f00; font-weight: 500;\">SU PRODUCTIVIDAD<\/span><\/h2>\n<p style=\"text-align: center; color: #000;\">Simplifique y acelere el proceso de creaci\u00f3n de modelos de predicci\u00f3n. Cuando un equipo construye una docena de modelos al a\u00f1o, Modeler permite que los mismos analistas se conviertan en verdaderos expertos de negocios en sus compa\u00f1\u00edas construyendo cientos, incluso millones de modelos cada a\u00f1o.<\/p>\n<div class=\"cherry-spacer   hidden-xs hidden-sm\" style=\"height:100px;\"><\/div><div class=\"cherry-spacer   visible-sm-block\" style=\"height:100px;\"><\/div><div class=\"cherry-spacer   visible-xs-block\" style=\"height:60px;\"><\/div>\n<\/div>\n<div class=\"col-xs-12 col-sm-12 col-md-5 col-lg-5 custom-parallax-text\">\n<\/div>\n<\/div><\/div><\/div><\/div><\/div>\n<div class=\"row custom-testimonial-block2 \" ><div class=\"container\"><div class=\"row row-edge\">\n<div class=\"col-xs-12 col-sm-12 col-md-12 col-lg-12\">\n<div class=\"row row-edge  \" >\n<div class=\"col-xs-12 col-sm-12 col-md-12 col-lg-12\">\n<div class=\"cherry-spacer   hidden-xs hidden-sm\" style=\"height:100px;\"><\/div><div class=\"cherry-spacer   visible-sm-block\" style=\"height:100px;\"><\/div><div class=\"cherry-spacer   visible-xs-block\" style=\"height:50px;\"><\/div>\n<\/div>\n<\/div>\n<div class=\"row row-edge  \" >\n<div class=\"col-xs-12 col-sm-12 col-md-12 col-lg-12 testi-header-test\">\n<h2><span style=\"color: #ffffff;\">TESTIMONIOS<\/span><\/h2>\n<\/div>\n<\/div>\n<div class=\"row  \" ><div class=\"container\"><div class=\"row row-edge\">\n<div class=\"col-xs-12 col-sm-12 col-md-12 col-lg-12\">\n<div class=\"testimonials-wrap template-custom_testimonials\"><div class=\"testimonials-list\"><div id=\"quote-13572\" class=\"testimonials-item item-1 odd clearfix\"><div class=\"custom_testimonials-wrapper\">\r\n     <div class=\"header-testi\">\r\n          <div class=\"avatar-testi\">\r\n              \r\n          <\/div>\r\n\r\n          <div class=\"name-testi\">\r\n              <div class=\"name-testi-wrapper\">Digicel<\/div>\r\n              <div class=\"position-testi-wrapper\">Mobile network provider<\/div>\r\n          <\/div>\r\n     <\/div>\r\n\r\n     <div class=\"content-testi\">\r\n          <p><em>\u00abTIMi incluye una herramienta ETL muy flexible que maneja r\u00e1pidamente conjuntos de datos de varios terabytes en un ordenador de sobremesa normal.\u00bb<\/em><\/p>\n\r\n     <\/div>\r\n<\/div>\r\n<\/div><div id=\"quote-13566\" class=\"testimonials-item item-2 even clearfix\"><div class=\"custom_testimonials-wrapper\">\r\n     <div class=\"header-testi\">\r\n          <div class=\"avatar-testi\">\r\n              \r\n          <\/div>\r\n\r\n          <div class=\"name-testi\">\r\n              <div class=\"name-testi-wrapper\">VOO<\/div>\r\n              <div class=\"position-testi-wrapper\">Telecom operator in Belgium<\/div>\r\n          <\/div>\r\n     <\/div>\r\n\r\n     <div class=\"content-testi\">\r\n          <p><em>\u00abHemos reducido el churn en un 10% en el segmento de clientes con mayor churn.\u00bb<\/em><\/p>\n\r\n     <\/div>\r\n<\/div>\r\n<\/div><div id=\"quote-13563\" class=\"testimonials-item item-3 odd clearfix\"><div class=\"custom_testimonials-wrapper\">\r\n     <div class=\"header-testi\">\r\n          <div class=\"avatar-testi\">\r\n              \r\n          <\/div>\r\n\r\n          <div class=\"name-testi\">\r\n              <div class=\"name-testi-wrapper\">Bouygues Telecom<\/div>\r\n              <div class=\"position-testi-wrapper\">Telecom operator in France<\/div>\r\n          <\/div>\r\n     <\/div>\r\n\r\n     <div class=\"content-testi\">\r\n          <p><em>\u00abLa soluci\u00f3n \u00f3ptima para extraer m\u00e9tricas\/variables avanzadas mediante el uso de algoritmos de tipo \u00abred social\u00bb en enormes gr\u00e1ficos de telecomunicaciones.\u00bb<\/em><\/p>\n\r\n     <\/div>\r\n<\/div>\r\n<\/div><\/div><\/div>\n<\/div>\n<\/div><\/div><\/div>\n<div class=\"row row-edge  \" >\n<div class=\"col-xs-12 col-sm-12 col-md-12 col-lg-12\">\n<div class=\"cherry-spacer   hidden-xs hidden-sm\" style=\"height:100px;\"><\/div><div class=\"cherry-spacer   visible-sm-block\" style=\"height:100px;\"><\/div><div class=\"cherry-spacer   visible-xs-block\" style=\"height:50px;\"><\/div>\n<\/div>\n<\/div>\n<\/div>\n<\/div><\/div><\/div>\n","protected":false},"excerpt":{"rendered":"","protected":false},"author":1,"featured_media":0,"parent":12036,"menu_order":0,"comment_status":"closed","ping_status":"closed","template":"","meta":[],"_links":{"self":[{"href":"https:\/\/timi.eu\/es\/wp-json\/wp\/v2\/pages\/12026"}],"collection":[{"href":"https:\/\/timi.eu\/es\/wp-json\/wp\/v2\/pages"}],"about":[{"href":"https:\/\/timi.eu\/es\/wp-json\/wp\/v2\/types\/page"}],"author":[{"embeddable":true,"href":"https:\/\/timi.eu\/es\/wp-json\/wp\/v2\/users\/1"}],"replies":[{"embeddable":true,"href":"https:\/\/timi.eu\/es\/wp-json\/wp\/v2\/comments?post=12026"}],"version-history":[{"count":9,"href":"https:\/\/timi.eu\/es\/wp-json\/wp\/v2\/pages\/12026\/revisions"}],"predecessor-version":[{"id":13579,"href":"https:\/\/timi.eu\/es\/wp-json\/wp\/v2\/pages\/12026\/revisions\/13579"}],"up":[{"embeddable":true,"href":"https:\/\/timi.eu\/es\/wp-json\/wp\/v2\/pages\/12036"}],"wp:attachment":[{"href":"https:\/\/timi.eu\/es\/wp-json\/wp\/v2\/media?parent=12026"}],"curies":[{"name":"wp","href":"https:\/\/api.w.org\/{rel}","templated":true}]}}