{"id":12024,"date":"2020-08-27T14:35:58","date_gmt":"2020-08-27T14:35:58","guid":{"rendered":"http:\/\/timi.eu\/?page_id=12024"},"modified":"2022-10-13T14:00:05","modified_gmt":"2022-10-13T14:00:05","slug":"etica","status":"publish","type":"page","link":"https:\/\/timi.eu\/es\/timi\/etica\/","title":{"rendered":"Etica"},"content":{"rendered":"<div class=\"row  \" ><div class=\"container\"><div class=\"row row-edge\">\n<div class=\"col-xs-12 col-sm-12 col-md-12 col-lg-12 pageswitcher\">\n\n<div\n\t role=\"navigation\" aria-label=\"Selector de idioma\" class=\"wpml-ls-statics-shortcode_actions wpml-ls wpml-ls-legacy-dropdown js-wpml-ls-legacy-dropdown\">\n\t<ul>\n\t\t<li class=\"wpml-ls-slot-shortcode_actions wpml-ls-item wpml-ls-item-es wpml-ls-current-language wpml-ls-item-legacy-dropdown\">\n\t\t\t<a href=\"#\" hreflang=\"\" lang=\"\" class=\"js-wpml-ls-item-toggle wpml-ls-item-toggle\" aria-current=\"page\" aria-expanded=\"false\" aria-controls=\"wpml-ls-submenu-default\" aria-label=\"Selector de idioma, pulse tab para navegar a otros idiomas\" title=\"Cambiar a Espa\u00f1ol\">\n\t\t\t\t                                    <img\n            class=\"wpml-ls-flag\"\n            src=\"https:\/\/timi.eu\/wp-content\/plugins\/sitepress-multilingual-cms\/res\/flags\/es.svg\"\n            alt=\"\"\n            loading=\"lazy\"\n            width=18\n            height=12\n    \/><span class=\"wpml-ls-native\">Espa\u00f1ol<\/span><\/a>\n\n\t\t\t<ul id=\"wpml-ls-submenu-default\" class=\"wpml-ls-sub-menu\">\n\t\t\t\t\n\t\t\t\t\t<li class=\"wpml-ls-slot-shortcode_actions wpml-ls-item wpml-ls-item-en wpml-ls-first-item\">\n\t\t\t\t\t\t<a href=\"https:\/\/timi.eu\/\" hreflang=\"en\" lang=\"en\" class=\"wpml-ls-link\" aria-label=\"Cambiar a Ingl\u00e9s\" title=\"Cambiar a Ingl\u00e9s\">\n\t\t\t\t\t\t\t                                    <img\n            class=\"wpml-ls-flag\"\n            src=\"https:\/\/timi.eu\/wp-content\/plugins\/sitepress-multilingual-cms\/res\/flags\/en.svg\"\n            alt=\"\"\n            loading=\"lazy\"\n            width=18\n            height=12\n    \/><span class=\"wpml-ls-display\">Ingl\u00e9s<\/span><\/a>\n\t\t\t\t\t<\/li>\n\n\t\t\t\t\n\t\t\t\t\t<li class=\"wpml-ls-slot-shortcode_actions wpml-ls-item wpml-ls-item-fr\">\n\t\t\t\t\t\t<a href=\"https:\/\/timi.eu\/fr\/\" hreflang=\"fr\" lang=\"fr\" class=\"wpml-ls-link\" aria-label=\"Cambiar a Franc\u00e9s\" title=\"Cambiar a Franc\u00e9s\">\n\t\t\t\t\t\t\t                                    <img\n            class=\"wpml-ls-flag\"\n            src=\"https:\/\/timi.eu\/wp-content\/plugins\/sitepress-multilingual-cms\/res\/flags\/fr.svg\"\n            alt=\"\"\n            loading=\"lazy\"\n            width=18\n            height=12\n    \/><span class=\"wpml-ls-display\">Franc\u00e9s<\/span><\/a>\n\t\t\t\t\t<\/li>\n\n\t\t\t\t\n\t\t\t\t\t<li class=\"wpml-ls-slot-shortcode_actions wpml-ls-item wpml-ls-item-nl\">\n\t\t\t\t\t\t<a href=\"https:\/\/timi.eu\/nl\/\" hreflang=\"nl\" lang=\"nl\" class=\"wpml-ls-link\" aria-label=\"Cambiar a Holand\u00e9s\" title=\"Cambiar a Holand\u00e9s\">\n\t\t\t\t\t\t\t                                    <img\n            class=\"wpml-ls-flag\"\n            src=\"https:\/\/timi.eu\/wp-content\/plugins\/sitepress-multilingual-cms\/res\/flags\/nl.svg\"\n            alt=\"\"\n            loading=\"lazy\"\n            width=18\n            height=12\n    \/><span class=\"wpml-ls-display\">Holand\u00e9s<\/span><\/a>\n\t\t\t\t\t<\/li>\n\n\t\t\t\t\n\t\t\t\t\t<li class=\"wpml-ls-slot-shortcode_actions wpml-ls-item wpml-ls-item-ru wpml-ls-last-item\">\n\t\t\t\t\t\t<a href=\"https:\/\/timi.eu\/ru\/\" hreflang=\"ru\" lang=\"ru\" class=\"wpml-ls-link\" aria-label=\"Cambiar a Ruso\" title=\"Cambiar a Ruso\">\n\t\t\t\t\t\t\t                                    <img\n            class=\"wpml-ls-flag\"\n            src=\"https:\/\/timi.eu\/wp-content\/plugins\/sitepress-multilingual-cms\/res\/flags\/ru.svg\"\n            alt=\"\"\n            loading=\"lazy\"\n            width=18\n            height=12\n    \/><span class=\"wpml-ls-display\">Ruso<\/span><\/a>\n\t\t\t\t\t<\/li>\n\n\t\t\t\t\t\t\t<\/ul>\n\n\t\t<\/li>\n\n\t<\/ul>\n<\/div>\n\n<\/div>\n<\/div><\/div><\/div>\n<div class=\"row custom-parallax-01 myrow \" ><div class=\"cherry-box   box-193\"><div class=\"inner\"><div class=\"container\"><div class=\"row row-edge\">\n<div class=\"col-xs-12 col-sm-12 col-md-5 col-lg-5 custom-parallax-text\">\n<\/div>\n<div class=\"col-xs-12 col-sm-12 col-md-7 col-lg-7 custom-parallax-text\">\n<div class=\"cherry-spacer  \" style=\"height:0px;\"><\/div>\n<h2 style=\"text-align: center;\"><strong>EL NACIMIENTO<\/strong><br \/>\n<span style=\"color: #11afbe; font-weight: 500;\">DEL PROYECTO TIMI<\/span><\/h2>\n<p style=\"text-align: center; color: #000;\">El proyecto TIMi nace del deseo de integrar la \u00e9tica en el sector de las nuevas tecnolog\u00edas. Nuestra cultura corporativa se basa en valores morales y \u00e9ticos que nos llevan a la Excelencia. Se refleja en cada decisi\u00f3n y cada vez que hacemos nuestros logros.<\/p>\n<p><a name=\"autonomous\"><\/a><br \/>\n<div class=\"cherry-spacer   hidden-xs hidden-sm\" style=\"height:20px;\"><\/div><div class=\"cherry-spacer   visible-sm-block\" style=\"height:10px;\"><\/div><div class=\"cherry-spacer   visible-xs-block\" style=\"height:10px;\"><\/div>\n<\/div>\n<\/div><\/div><\/div><\/div><\/div>\n<div class=\"row custom-parallax-01 \" ><section class=\"parallax-box image-parallax-box \" style=\"min-height: 300px\"><div class=\"parallax-content\"><div class=\"container\"><div class=\"row row-edge\">\n<div class=\"col-xs-12 col-sm-12 col-md-12 col-lg-12 custom-parallax-text\">\n<div class=\"cherry-spacer   hidden-xs hidden-sm\" style=\"height:100px;\"><\/div><div class=\"cherry-spacer   visible-sm-block\" style=\"height:10px;\"><\/div><div class=\"cherry-spacer   visible-xs-block\" style=\"height:10px;\"><\/div>\n<img decoding=\"async\" class=\"aligncenter size-full wp-image-1564\" style=\"position: relative;\" src=\"\/wp-content\/uploads\/2020\/03\/logo-timi.png\" alt=\"TIMi\" width=\"200\"><\/p>\n<h2 style=\"text-align: center;\"><strong>MANTEN<\/strong> <span style=\"color: #11afbe; font-weight: 500;\">TU AUTONOM\u00cdA<\/span><\/h2>\n<div class=\"cherry-spacer   hidden-xs hidden-sm\" style=\"height:40px;\"><\/div><div class=\"cherry-spacer   visible-sm-block\" style=\"height:30px;\"><\/div><div class=\"cherry-spacer   visible-xs-block\" style=\"height:20px;\"><\/div>\n<\/div>\n<div class=\"col-xs-12 col-sm-4 col-md-4 col-lg-4\">\n<h3><span style=\"color: #11afbe;\">Toma el control<\/span><\/h3>\n<p style=\"color: #000;\">Cuando se trata de crear o evolucionar tu sistema de an\u00e1lisis, TIMi Suite te permite mantener el control sobre tus costos sin tener que depender de terceros. Nos posicionamos como una empresa de software accesible a todos los cient\u00edficos de datos, ya sean expertos o ciudadanos cient\u00edficos de datos. De esta manera, permitimos que todos tomen el control de sus an\u00e1lisis de forma f\u00e1cil e independiente.<\/p>\n<a class=\"cherry-btn cherry-btn-default cherry-btn-small cherry-btn-inline cherry-btn-fade custom-button-1  button-200\" target=\"_self\" href=\"\/timi\/ethics\/we-empower-our-clients\/\">M\u00e1s informaci\u00f3n (ingl\u00e9s)<\/a>\n<div class=\"cherry-spacer   hidden-xs hidden-sm\" style=\"height:50px;\"><\/div><div class=\"cherry-spacer   visible-sm-block\" style=\"height:50px;\"><\/div><div class=\"cherry-spacer   visible-xs-block\" style=\"height:50px;\"><\/div>\n<\/div>\n<div class=\"col-xs-12 col-sm-4 col-md-4 col-lg-4\">\n<h3><span style=\"color: #11afbe;\">Tienes el control<\/span><\/h3>\n<p style=\"color: #000;\">Debido a su simplicidad, TIMi Suite te da la seguridad de que mantendr\u00e1 su experiencia empresarial internamente y la capitalizar\u00e1 a futuro. De esta manera, evita tener que empezar de nuevo cuando un empleado \u00abclave\u00bb te deje. Todo el equipo llevar\u00e1 a faire evolucionar el trabajo ya realizado. Estar\u00e1s totalmente dedicado a tu \u201ccore de negocios\u00bb.<\/p>\n<div class=\"cherry-spacer   hidden-xs hidden-sm\" style=\"height:30px;\"><\/div><div class=\"cherry-spacer   visible-sm-block\" style=\"height:50px;\"><\/div><div class=\"cherry-spacer   visible-xs-block\" style=\"height:50px;\"><\/div>\n<\/div>\n<div class=\"col-xs-12 col-sm-4 col-md-4 col-lg-4\">\n<h3><span style=\"color: #11afbe;\">Asesoramiento fiable<\/span><\/h3>\n<p style=\"color: #000;\">Seguimos siendo objetivos sobre los desaf\u00edos que te impulsan. Nuestros clientes nos piden asesoramiento sobre diversas necesidades digitales (relacionadas con TIMi u otras) y siempre respondemos a ellas teniendo en cuenta sus perspectivas a largo plazo. Queremos hacer crecer a nuestros clientes haci\u00e9ndolos aut\u00f3nomos a trav\u00e9s de una comunicaci\u00f3n franca y abierta. Esto enriquece el conocimiento de todos.<\/p>\n<div class=\"cherry-spacer   hidden-xs hidden-sm\" style=\"height:50px;\"><\/div><div class=\"cherry-spacer   visible-sm-block\" style=\"height:50px;\"><\/div><div class=\"cherry-spacer   visible-xs-block\" style=\"height:50px;\"><\/div>\n<\/div>\n<\/div><\/div><div class=\"clear\"><\/div><\/div><div class=\"parallax-bg\" data-parallax-type=\"image\" data-img-url=\"\/wp-content\/uploads\/2020\/09\/woman3.jpg\" data-speed=\"1.5\" data-invert=\"1\" ><\/div><\/section><\/div>\n<div class=\"row custom-parallax-01 \" ><div class=\"cherry-box   box-825\"><div class=\"inner\"><div class=\"container\"><div class=\"row row-edge\">\n<a name=\"NoLockIn\"><\/a><\/p>\n<div class=\"col-xs-12 col-sm-12 col-md-12 col-lg-12 custom-home-text\">\n<div class=\"aligncenter\"><span class=\"fa fa-trophy cherry-icon   icon-560\"><\/span><\/div>\n<div class=\"cherry-spacer  \" style=\"height:30px;\"><\/div>\n<h2 style=\"text-align: center;\">\n<strong>EXCELENCIA<\/strong> <span style=\"color: #11afbe; font-weight: 500;\">VS<\/span> <strong>\u00abLOCK-IN\u00bb<\/strong><\/h2>\n<p style=\"text-align: center;\">La excelencia de nuestra soluci\u00f3n le permite imponerse naturalmente como la soluci\u00f3n ideal.<\/p>\n<div class=\"cherry-spacer  \" style=\"height:30px;\"><\/div>\n<\/div>\n<\/div><\/div><\/div><\/div><\/div>\n<div class=\"row  \" ><div class=\"container\"><div class=\"row row-edge\">\n<div class=\"col-xs-12 col-sm-4 col-md-4 col-lg-4\">\n<h3><span style=\"color: #11afbe;\">1. No hay encierro<\/span><\/h3>\n<p style=\"color: #000;\">No hay situaci\u00f3n de \u00abbloqueo\u00bb con altos costos de inversi\u00f3n inicial, (costos de activaci\u00f3n de licencia  o los costos de infraestructura).  En TIMi, solo pagas una cuota de licencia anual que incluye acceso a herramientas, actualizaciones, soporte y capacitaci\u00f3n.  Dado que no hay cuota de activaci\u00f3n, eres es libre de optar por otra tecnolog\u00eda en cualquier momento sin perder ninguna inversi\u00f3n inicial.<\/p>\n<div class=\"cherry-spacer   hidden-xs hidden-sm\" style=\"height:50px;\"><\/div><div class=\"cherry-spacer   visible-sm-block\" style=\"height:25px;\"><\/div><div class=\"cherry-spacer   visible-xs-block\" style=\"height:25px;\"><\/div>\n<\/div>\n<div class=\"col-xs-12 col-sm-4 col-md-4 col-lg-4\">\n<h3><span style=\"color: #11afbe;\">2. Sin \u201clock-in\u201d de costo y tiempo de puesta en marcha<\/span><\/h3>\n<p style=\"color: #000;\">Es com\u00fan invertir varios meses de trabajo en una tecnolog\u00eda antes de lamentar la insuficiencia de la soluci\u00f3n elegida. En este punto, no hay cuesti\u00f3n de retroceder porque se est\u00e1 haciendo demasiada inversi\u00f3n de tiempo y dinero.<\/p>\n<p style=\"color: #000;\">Por otro lado, TIMi Suite es operativa desde los primeros d\u00edas, no tendr\u00e1s que esperar varias semanas o incluso meses para notar que nuestras soluciones satisfacen tus necesidades.<\/p>\n<div class=\"cherry-spacer   hidden-xs hidden-sm\" style=\"height:50px;\"><\/div><div class=\"cherry-spacer   visible-sm-block\" style=\"height:25px;\"><\/div><div class=\"cherry-spacer   visible-xs-block\" style=\"height:25px;\"><\/div>\n<\/div>\n<div class=\"col-xs-12 col-sm-4 col-md-4 col-lg-4\">\n<h3><span style=\"color: #11afbe;\">3. No hay encierro sobre los flujos de entrada y salida de datos<\/span><\/h3>\n<p style=\"color: #000;\">Tienes acceso total a tus datos en todo momento para cualquier uso. En la misma transformaci\u00f3n de datos realizada con TIMi, los datos pasan libremente de una tecnolog\u00eda a otra sin restricciones. TIMi integra f\u00e1cilmente todas las tecnolog\u00edas actuales: cruza libremente los datos de TIMi, de tu CRM, de tu ERP, de tu Big Data, de Excel&#8230;<\/p>\n<p style=\"color: #000;\">No vas a estar atado a una familia de productos de la misma empresa.<\/p>\n<div class=\"cherry-spacer   hidden-xs hidden-sm\" style=\"height:50px;\"><\/div><div class=\"cherry-spacer   visible-sm-block\" style=\"height:25px;\"><\/div><div class=\"cherry-spacer   visible-xs-block\" style=\"height:25px;\"><\/div>\n<\/div>\n<\/div><\/div><\/div>\n<div class=\"row  \" ><div class=\"cherry-box   box-105\"><div class=\"inner\"><div class=\"container\"><div class=\"row row-edge\">\n<div class=\"col-xs-12 col-sm-4 col-md-4 col-lg-4\">\n<h3><span style=\"color: #11afbe;\">4. Sin encierro de tecnolog\u00eda<\/span><\/h3>\n<p style=\"color: #000;\">Estamos abiertos a todas las tecnolog\u00edas, incluidas las tecnolog\u00edas de c\u00f3digo abierto (R y Python) \u00a1sin costo adicional! Adem\u00e1s, cuando utilizas R y Python en TIMi, pr\u00e1cticamente no hay l\u00edmites de volumen: no tienes que utilizar la RAM disponible en el servidor. \u00a1Solo encontrar\u00e1s esta funci\u00f3n en TIMi!<\/p>\n<p style=\"color: #000;\">Nos negamos a promover cualquier tecnolog\u00eda en la nube en particular. Con TIMi, eres es libre de elegir tu entorno tecnol\u00f3gico, en la nube o no, pero sobre todo sin costo adicional.<\/p>\n<div class=\"cherry-spacer   hidden-xs hidden-sm\" style=\"height:50px;\"><\/div><div class=\"cherry-spacer   visible-sm-block\" style=\"height:25px;\"><\/div><div class=\"cherry-spacer   visible-xs-block\" style=\"height:25px;\"><\/div>\n<\/div>\n<div class=\"col-xs-12 col-sm-4 col-md-4 col-lg-4\">\n<h3><span style=\"color: #11afbe;\">5. Sin encierro de visibilidad<\/span><\/h3>\n<p style=\"color: #000;\">La ofuscaci\u00f3n del c\u00f3digo es una realidad hoy en d\u00eda. Esto implica enmascarar el funcionamiento de un proceso simple escribiendo un c\u00f3digo complicado para evitar la comprensi\u00f3n de cualquier otra persona y que retome por su cuenta.<\/p>\n<p style=\"color: #000;\">Muchos consultores implementan soluciones \u00abconfusas\u00bb que son las \u00fanicas que pueden mantener y mejorar para que sigas dependiendo constantemente de sus costosos servicios.<\/p>\n<p style=\"color: #000;\">Con TIMi es casi imposible confundirte.<\/p>\n<p style=\"color: #000;\">Los consultores que utilizan TIMi est\u00e1n comprometidos con tu inter\u00e9s en el proceso y la propiedad de datos: r\u00e1pidamente te proporcionan una soluci\u00f3n avanzada que puedes mejorar y mantener f\u00e1cilmente por tu cuenta, internamente.<\/p>\n<div class=\"cherry-spacer   hidden-xs hidden-sm\" style=\"height:5px;\"><\/div><div class=\"cherry-spacer   visible-sm-block\" style=\"height:5px;\"><\/div><div class=\"cherry-spacer   visible-xs-block\" style=\"height:5px;\"><\/div>\n<a class=\"cherry-btn cherry-btn-default cherry-btn-small cherry-btn-inline cherry-btn-fade custom-button-1  button-394\" target=\"_self\" href=\"\/timi\/ethics\/no-code-obfuscation\/\">M\u00e1s informaci\u00f3n (ingl\u00e9s)<\/a>\n<div class=\"cherry-spacer   hidden-xs hidden-sm\" style=\"height:50px;\"><\/div><div class=\"cherry-spacer   visible-sm-block\" style=\"height:25px;\"><\/div><div class=\"cherry-spacer   visible-xs-block\" style=\"height:25px;\"><\/div>\n<\/div>\n<div class=\"col-xs-12 col-sm-4 col-md-4 col-lg-4\">\n<h3><span style=\"color: #11afbe;\">6. Sin encierro de c\u00f3digo<\/span><\/h3>\n<p style=\"color: #000;\">Oportunidades de negocio, innovaciones, simplificaciones administrativas&#8230; calendarios griegos debido a la falta de disponibilidad del departamento de TI. De hecho, este departamento a menudo est\u00e1 limitado en el n\u00famero de empleados capacitados en el idioma inform\u00e1tico seleccionado.<\/p>\n<p style=\"color: #000;\">La suite TIMi, debido a su simplicidad de uso, es accesible a todas las personas en todos los departamentos. De esta manera la empresa gana agilidad y autonom\u00eda en cada departamento.<\/p>\n<p><a name=\"divas\"><\/a><\/p>\n<p style=\"color: #000;\">Nuestra tecnolog\u00eda inicia una cultura anal\u00edtica en la que cada empleado contribuye a la mejora continua de tu organizaci\u00f3n.<\/p>\n<div class=\"cherry-spacer   hidden-xs hidden-sm\" style=\"height:50px;\"><\/div><div class=\"cherry-spacer   visible-sm-block\" style=\"height:25px;\"><\/div><div class=\"cherry-spacer   visible-xs-block\" style=\"height:25px;\"><\/div>\n<\/div>\n<\/div><\/div><\/div><\/div><\/div>\n<div class=\"row  \" ><div class=\"container\"><div class=\"row row-edge\">\n<div class=\"cherry-spacer   hidden-xs hidden-sm\" style=\"height:50px;\"><\/div><div class=\"cherry-spacer   visible-sm-block\" style=\"height:25px;\"><\/div><div class=\"cherry-spacer   visible-xs-block\" style=\"height:25px;\"><\/div>\n<div class=\"col-xs-12 col-sm-4 col-md-4 col-lg-4\">\n<h3><span style=\"color: #11afbe;\">7. Sin encierro por \u201cempleados clave\u201d<\/span><\/h3>\n<p style=\"color: #000;\">No es raro conocer a aquellos \u201cempleados clave\u00bb, que son los \u00fanicos que dominan el idioma inform\u00e1tico seleccionado. Ellos representan un riesgo significativo porque:<\/p>\n<ul style=\"color: #000;\">\n<li>imponen una elecci\u00f3n limitada de tecnolog\u00edas para promover sus propios intereses a expensas del inter\u00e9s de la empresa. Tu negocio est\u00e1 estancado con tecnolog\u00edas obsoletas.<\/li>\n<li>el sistema anal\u00edtico de una empresa puede colapsar como resultado de su salida.<\/li>\n<\/ul>\n<p style=\"color: #000;\">Con TIMi, tu sistema inform\u00e1tico ya no depende de la buena voluntad de un \u201cempleado clave\u00bb. De hecho, TIMi valora la experiencia empresarial m\u00e1s que la capacidad de escribir c\u00f3digo, lo que permite al mayor n\u00famero posible de personas contribuir en la evoluci\u00f3n de la empresa.<\/p>\n<div class=\"cherry-spacer   hidden-xs hidden-sm\" style=\"height:50px;\"><\/div><div class=\"cherry-spacer   visible-sm-block\" style=\"height:25px;\"><\/div><div class=\"cherry-spacer   visible-xs-block\" style=\"height:25px;\"><\/div>\n<\/div>\n<div class=\"col-xs-12 col-sm-4 col-md-4 col-lg-4\">\n<h3><span style=\"color: #11afbe;\">8. Sin encierro a la salida<\/span><\/h3>\n<p style=\"color: #000;\">Hay muchos sistemas anal\u00edticos unidireccionales: \u00a1Los datos vienen, pero es muy dif\u00edcil, si no imposible, sacarlos, incluso si pagas!<\/p>\n<p><a name=\"naissance\"><\/a><\/p>\n<p style=\"color: #000;\">TIMi se niega a tomar tus datos como rehenes. Eres libre en cualquier momento, de forma gratuita, de tener todos sus datos para cualquier uso, en cualquier sistema, con cualquier tecnolog\u00eda.<\/p>\n<div class=\"cherry-spacer   hidden-xs hidden-sm\" style=\"height:50px;\"><\/div><div class=\"cherry-spacer   visible-sm-block\" style=\"height:25px;\"><\/div><div class=\"cherry-spacer   visible-xs-block\" style=\"height:25px;\"><\/div>\n<\/div>\n<div class=\"col-xs-12 col-sm-4 col-md-4 col-lg-4\">\n<\/div>\n<\/div><\/div><\/div>\n<div class=\"row custom-parallax-01 \" ><div class=\"cherry-box   box-319\"><div class=\"inner\"><div class=\"container\"><div class=\"row row-edge\">\n<div class=\"col-xs-12 col-sm-12 col-md-8 col-lg-8 custom-parallax-text\">\n<div class=\"cherry-spacer   hidden-xs hidden-sm\" style=\"height:100px;\"><\/div><div class=\"cherry-spacer   visible-sm-block\" style=\"height:100px;\"><\/div><div class=\"cherry-spacer   visible-xs-block\" style=\"height:60px;\"><\/div>\n<h2 style=\"text-align: center;\"><strong>COSTO TOTAL<\/strong> <span style=\"color: #11afbe; font-weight: 500;\">DE PROPIEDAD<\/span><\/h2>\n<p style=\"text-align: center; color: #000;\">El \u00bb Costo Total de Propiedad\u00bb de una soluci\u00f3n gratuita (sin una tasa de licencia) puede parecer atractivo, pero en realidad, hoy en d\u00eda, la mayor\u00eda de los costos provienen de:<\/p>\n<ul style=\"color: #000; font-size: 0.8em;\">\n<li>Comportamiento poco \u00e9tico, especialmente por consultores externos (que te cobran varios meses de trabajo para crear y luego administrar tu pila anal\u00edtica).<\/li>\n<li>Los costos de capacitaci\u00f3n de tu personal. Por lo general, un nuevo empleado tarda meses en trabajar eficazmente en su sistema anal\u00edtico, ya que necesitan familiarizarse con miles de l\u00edneas de c\u00f3digo complejas (Python, R, Scala).<\/li>\n<li>Costos de infraestructura (especialmente si decides ir \u00aben la nube\u00bb). Suena barato al principio, pero se vuelve muy caro r\u00e1pidamente.<\/li>\n<\/ul>\n<p style=\"text-align: center; color: #000;\">TIMi es actualmente una de las pocas herramientas que mitiga todos estos costos. El \u00bb Costo Total de Propiedad\u00bb de un sistema de an\u00e1lisis basado en TIMi generalmente representa una d\u00e9cima parte de cualquier otra soluci\u00f3n (incluyendo soluciones \u00ablibres y de c\u00f3digo abierto\u00bb)<a name=\"free\"><\/a>.<\/p>\n<div class=\"cherry-spacer   hidden-xs hidden-sm\" style=\"height:100px;\"><\/div><div class=\"cherry-spacer   visible-sm-block\" style=\"height:100px;\"><\/div><div class=\"cherry-spacer   visible-xs-block\" style=\"height:60px;\"><\/div>\n<\/div>\n<div class=\"col-xs-12 col-sm-12 col-md-4 col-lg-4 custom-parallax-text\">\n<\/div>\n<\/div><\/div><\/div><\/div><\/div>\n<div class=\"row custom-parallax-01 \" ><div class=\"cherry-box   box-860\"><div class=\"inner\"><div class=\"container\"><div class=\"row row-edge\">\n<div class=\"col-xs-12 col-sm-12 col-md-12 col-lg-12 custom-parallax-text\">\n<div class=\"cherry-spacer   hidden-xs hidden-sm\" style=\"height:100px;\"><\/div><div class=\"cherry-spacer   visible-sm-block\" style=\"height:100px;\"><\/div><div class=\"cherry-spacer   visible-xs-block\" style=\"height:60px;\"><\/div>\n<h2 style=\"text-align: center;\"><strong>NUESTRAS HERRAMIENTAS SON<\/strong> <span style=\"color: #11afbe; font-weight: 500;\">100% GRATUITAS<\/span><br \/>\npara cualquier organizaci\u00f3n o proyecto humanitario<\/h2>\n<p style=\"text-align: center; color: #000;\">Queremos ofrecer a todos la oportunidad de examinar sus datos de la manera m\u00e1s f\u00e1cil y eficaz posible, porque estamos convencidos que podemos construir y vivir en un mundo mejor si empezamos a utilizar m\u00e1s los datos que nos rodean. Por eso nuestras herramientas y soluciones son 100% gratuitas para:<\/p>\n<div class=\"cherry-spacer   hidden-xs hidden-sm\" style=\"height:20px;\"><\/div><div class=\"cherry-spacer   visible-sm-block\" style=\"height:10px;\"><\/div><div class=\"cherry-spacer   visible-xs-block\" style=\"height:10px;\"><\/div>\n<\/div>\n<div class=\"col-xs-12 col-sm-12 col-md-12 col-lg-12\">\n<div class=\"row  \" ><div class=\"container\"><div class=\"row row-edge\">\n<div class=\"col-xs-12 col-sm-6 col-md-6 col-lg-6\">\n<ul style=\"color: #000;\">\n<li>Empresas de caridad, ONG, organizaciones humanitarias<\/li>\n<li>Cualquier empresa consultora dedicada a obras caritativas o humanitarias<\/li>\n<li>Creadores de videojuegos (\u00a1porque nos encantan los videojuegos!)<\/li>\n<li>Universidades para todas las actividades docentes (por ejemplo, aprender a usar Machine Learning para estudiantes de MBA)<\/li>\n<\/ul>\n<\/div>\n<div class=\"col-xs-12 col-sm-6 col-md-6 col-lg-6\">\n<ul style=\"color: #000;\">\n<li>Estudiantes universitarios para aprender BI, Analytics y Advanced Analytics<\/li>\n<li>StartUps para iniciar su negocio<\/li>\n<li>Si crees que est\u00e1s participando en actividades positivas para el planeta, lo m\u00e1s probable es que obtengas TIMi gratis (o por un precio peque\u00f1o e insignificante): <a href=\"\/contacts\/\" target=\"_self\" rel=\"noopener\">\u00a1preg\u00fantanos!<\/a><\/li>\n<\/ul>\n<\/div>\n<\/div><\/div><\/div>\n<\/div>\n<div class=\"col-xs-12 col-sm-12 col-md-12 col-lg-12\">\n<div class=\"aligncenter\"><a class=\"cherry-btn cherry-btn-primary cherry-btn-medium cherry-btn-inline cherry-btn-fade custom-button-1 button-791\" style=\"border-radius: 5px; margin: 20px 0 40px 0;\" href=\"\/customer-stories\/ngos\/\" target=\"_self\" rel=\"noopener\">Averigua qu\u00e9 organizaciones reciben apoyo<\/a><\/div>\n<div class=\"cherry-spacer   hidden-xs hidden-sm\" style=\"height:100px;\"><\/div><div class=\"cherry-spacer   visible-sm-block\" style=\"height:100px;\"><\/div><div class=\"cherry-spacer   visible-xs-block\" style=\"height:60px;\"><\/div>\n<\/div>\n<\/div><\/div><\/div><\/div><\/div>\n","protected":false},"excerpt":{"rendered":"","protected":false},"author":1,"featured_media":0,"parent":12036,"menu_order":0,"comment_status":"closed","ping_status":"closed","template":"","meta":[],"_links":{"self":[{"href":"https:\/\/timi.eu\/es\/wp-json\/wp\/v2\/pages\/12024"}],"collection":[{"href":"https:\/\/timi.eu\/es\/wp-json\/wp\/v2\/pages"}],"about":[{"href":"https:\/\/timi.eu\/es\/wp-json\/wp\/v2\/types\/page"}],"author":[{"embeddable":true,"href":"https:\/\/timi.eu\/es\/wp-json\/wp\/v2\/users\/1"}],"replies":[{"embeddable":true,"href":"https:\/\/timi.eu\/es\/wp-json\/wp\/v2\/comments?post=12024"}],"version-history":[{"count":7,"href":"https:\/\/timi.eu\/es\/wp-json\/wp\/v2\/pages\/12024\/revisions"}],"predecessor-version":[{"id":18900,"href":"https:\/\/timi.eu\/es\/wp-json\/wp\/v2\/pages\/12024\/revisions\/18900"}],"up":[{"embeddable":true,"href":"https:\/\/timi.eu\/es\/wp-json\/wp\/v2\/pages\/12036"}],"wp:attachment":[{"href":"https:\/\/timi.eu\/es\/wp-json\/wp\/v2\/media?parent=12024"}],"curies":[{"name":"wp","href":"https:\/\/api.w.org\/{rel}","templated":true}]}}