{"id":12022,"date":"2020-08-27T14:34:26","date_gmt":"2020-08-27T14:34:26","guid":{"rendered":"http:\/\/timi.eu\/?page_id=12022"},"modified":"2021-05-07T13:50:02","modified_gmt":"2021-05-07T13:50:02","slug":"timi-infraestructura","status":"publish","type":"page","link":"https:\/\/timi.eu\/es\/timi\/timi-infraestructura\/","title":{"rendered":"TIMi infraestructura"},"content":{"rendered":"<div class=\"row  \" ><div class=\"container\"><div class=\"row row-edge\">\n<div class=\"col-xs-12 col-sm-12 col-md-12 col-lg-12 pageswitcher\">\n\n<div\n\t role=\"navigation\" aria-label=\"Selector de idioma\" class=\"wpml-ls-statics-shortcode_actions wpml-ls wpml-ls-legacy-dropdown js-wpml-ls-legacy-dropdown\">\n\t<ul>\n\t\t<li class=\"wpml-ls-slot-shortcode_actions wpml-ls-item wpml-ls-item-es wpml-ls-current-language wpml-ls-item-legacy-dropdown\">\n\t\t\t<a href=\"#\" hreflang=\"\" lang=\"\" class=\"js-wpml-ls-item-toggle wpml-ls-item-toggle\" aria-current=\"page\" aria-expanded=\"false\" aria-controls=\"wpml-ls-submenu-default\" aria-label=\"Selector de idioma, pulse tab para navegar a otros idiomas\" title=\"Cambiar a Espa\u00f1ol\">\n\t\t\t\t                                    <img\n            class=\"wpml-ls-flag\"\n            src=\"https:\/\/timi.eu\/wp-content\/plugins\/sitepress-multilingual-cms\/res\/flags\/es.svg\"\n            alt=\"\"\n            loading=\"lazy\"\n            width=18\n            height=12\n    \/><span class=\"wpml-ls-native\">Espa\u00f1ol<\/span><\/a>\n\n\t\t\t<ul id=\"wpml-ls-submenu-default\" class=\"wpml-ls-sub-menu\">\n\t\t\t\t\n\t\t\t\t\t<li class=\"wpml-ls-slot-shortcode_actions wpml-ls-item wpml-ls-item-en wpml-ls-first-item\">\n\t\t\t\t\t\t<a href=\"https:\/\/timi.eu\/\" hreflang=\"en\" lang=\"en\" class=\"wpml-ls-link\" aria-label=\"Cambiar a Ingl\u00e9s\" title=\"Cambiar a Ingl\u00e9s\">\n\t\t\t\t\t\t\t                                    <img\n            class=\"wpml-ls-flag\"\n            src=\"https:\/\/timi.eu\/wp-content\/plugins\/sitepress-multilingual-cms\/res\/flags\/en.svg\"\n            alt=\"\"\n            loading=\"lazy\"\n            width=18\n            height=12\n    \/><span class=\"wpml-ls-display\">Ingl\u00e9s<\/span><\/a>\n\t\t\t\t\t<\/li>\n\n\t\t\t\t\n\t\t\t\t\t<li class=\"wpml-ls-slot-shortcode_actions wpml-ls-item wpml-ls-item-fr\">\n\t\t\t\t\t\t<a href=\"https:\/\/timi.eu\/fr\/\" hreflang=\"fr\" lang=\"fr\" class=\"wpml-ls-link\" aria-label=\"Cambiar a Franc\u00e9s\" title=\"Cambiar a Franc\u00e9s\">\n\t\t\t\t\t\t\t                                    <img\n            class=\"wpml-ls-flag\"\n            src=\"https:\/\/timi.eu\/wp-content\/plugins\/sitepress-multilingual-cms\/res\/flags\/fr.svg\"\n            alt=\"\"\n            loading=\"lazy\"\n            width=18\n            height=12\n    \/><span class=\"wpml-ls-display\">Franc\u00e9s<\/span><\/a>\n\t\t\t\t\t<\/li>\n\n\t\t\t\t\n\t\t\t\t\t<li class=\"wpml-ls-slot-shortcode_actions wpml-ls-item wpml-ls-item-nl\">\n\t\t\t\t\t\t<a href=\"https:\/\/timi.eu\/nl\/\" hreflang=\"nl\" lang=\"nl\" class=\"wpml-ls-link\" aria-label=\"Cambiar a Holand\u00e9s\" title=\"Cambiar a Holand\u00e9s\">\n\t\t\t\t\t\t\t                                    <img\n            class=\"wpml-ls-flag\"\n            src=\"https:\/\/timi.eu\/wp-content\/plugins\/sitepress-multilingual-cms\/res\/flags\/nl.svg\"\n            alt=\"\"\n            loading=\"lazy\"\n            width=18\n            height=12\n    \/><span class=\"wpml-ls-display\">Holand\u00e9s<\/span><\/a>\n\t\t\t\t\t<\/li>\n\n\t\t\t\t\n\t\t\t\t\t<li class=\"wpml-ls-slot-shortcode_actions wpml-ls-item wpml-ls-item-ru wpml-ls-last-item\">\n\t\t\t\t\t\t<a href=\"https:\/\/timi.eu\/ru\/\" hreflang=\"ru\" lang=\"ru\" class=\"wpml-ls-link\" aria-label=\"Cambiar a Ruso\" title=\"Cambiar a Ruso\">\n\t\t\t\t\t\t\t                                    <img\n            class=\"wpml-ls-flag\"\n            src=\"https:\/\/timi.eu\/wp-content\/plugins\/sitepress-multilingual-cms\/res\/flags\/ru.svg\"\n            alt=\"\"\n            loading=\"lazy\"\n            width=18\n            height=12\n    \/><span class=\"wpml-ls-display\">Ruso<\/span><\/a>\n\t\t\t\t\t<\/li>\n\n\t\t\t\t\t\t\t<\/ul>\n\n\t\t<\/li>\n\n\t<\/ul>\n<\/div>\n\n<\/div>\n<\/div><\/div><\/div>\n<h1>Una infraestructura simplificada<\/h1>\n<p>Con un enfoque de infraestructura innovador y \u00fanico, TIMi est\u00e1 optimizado para ofrecerle:<\/p>\n<ol>\n<li>M\u00e1xima fiabilidad (para implementar de forma segura todas sus soluciones anal\u00edticas en producci\u00f3n)<\/li>\n<li>M\u00e1xima escalabilidad horizontal (por ejemplo, un tiempo incompresible cercano a cero))<\/li>\n<li>El mejor \u00abplayground\u00bb, para que sus cient\u00edficos de datos se diviertan explorando y probando todas sus ideas. \u00a1El incre\u00edble poder de computo que ofrece TIMi te permite probar incluso las ideas m\u00e1s locas!<\/li>\n<\/ol>\n<p>Con TIMi, no hay inactividad, \u00a1puedes jugar con tus datos todo el d\u00eda! \u00a1Ya ni siquiera es un trabajo! \ud83d\ude09<br \/>\n<a name=\"phases\"><\/a><\/p>\n<h1 style=\"margin-top: 40px;\">Fases de exploraci\u00f3n y producci\u00f3n<\/h1>\n<p>Todas las arquitecturas\/infraestructuras dise\u00f1adas para resolver problemas de tipo \u00abAn\u00e1lisis Avanzado\u00bb deben tener en cuenta el hecho de que todos los proyectos de \u00abAdvanced analytics\u00bb siempre implican 2 fases:<\/p>\n<ol>\n<li><strong><u><em>La fase de exploraci\u00f3n<\/em><br \/>\n<\/u><\/strong><br \/>\nEl objetivo de la fase de exploraci\u00f3n es crear nuevos resultados a trav\u00e9s del an\u00e1lisis de datos , ya sea un nuevo KPI \u00f3 un nuevo modelo predictivo.Durante esta fase, los analistas\/cient\u00edficos de datos realizan transformaciones de datos muy pesadas y c\u00e1lculos muy complejos en busca de la \u00abgallina de los huevos de oro\u00bb, en una infraestructura est\u00e1ndar.<\/p>\n<p>En el marco de una infraestructura est\u00e1ndar en la que todos los c\u00e1lculos est\u00e1n \u00abcentralizados\u00bb en una base de datos central (o en un grupo central), estas complejas y pesadas transformaciones de datos perturban la labor de otros analistas, incluso pueden poner en peligro la estabilidad general del sistema inform\u00e1tico de la empresa (Es por eso que,en la mayor\u00eda de las empresas, los cient\u00edficos de datos no son los \u00abamigos\u00bb del equipo de TI!<\/p>\n<p>Caracter\u00edsticas de la fase de exploraci\u00f3n:<\/p>\n<ul>\n<li>En el mejor de los casos, si un c\u00e1lculo \u00abpesado\u00bb falla, s\u00f3lo se est\u00e1 perdiendo algo de tiempo (por ejemplo, debido a una mala parametrizaci\u00f3n).<\/li>\n<li>La duraci\u00f3n de la \u00abfase de exploraci\u00f3n\u00bb suele ser de unas pocas horas a unas pocas semanas.<\/li>\n<\/ul>\n<\/li>\n<li style=\"margin-top: 30px;\"><strong><u><em>La fase de producci\u00f3n<\/em><br \/>\n<\/u><\/strong><br \/>\nLa fase de producci\u00f3n viene despu\u00e9s de la fase de exploraci\u00f3n y suele durar varios a\u00f1os. Normalmente no hay c\u00e1lculos \u00abpesados\u00bb durante la fase de producci\u00f3n, si se llegaron a establecer de forma correcta durante la fase de exploraci\u00f3n. La principal preocupaci\u00f3n en la fase de producci\u00f3n es la estabilidad: todos los procesos deben ejecutarse sin problemas y nunca caerse.<\/li>\n<\/ol>\n<p>&nbsp;<\/p>\n<h1>Dos infraestructuras de hardware \u00f3ptimas para la resoluci\u00f3n de su proyecto de tipo \u00abAdvanced analytics\u00bb<\/h1>\n<h2>1. Infrastructura minima<\/h2>\n<figure id=\"attachment_4772\" aria-describedby=\"caption-attachment-4772\" style=\"width: 600px\" class=\"wp-caption aligncenter\"><img decoding=\"async\" loading=\"lazy\" class=\"wp-image-4772\" src=\"\/wp-content\/uploads\/2018\/12\/2018-12-18_161158.png\" alt=\"La m\u00ednima infraestructura TIMi\" width=\"600\" height=\"380\" srcset=\"https:\/\/timi.eu\/wp-content\/uploads\/2018\/12\/2018-12-18_161158.png 953w, https:\/\/timi.eu\/wp-content\/uploads\/2018\/12\/2018-12-18_161158-600x380.png 600w, https:\/\/timi.eu\/wp-content\/uploads\/2018\/12\/2018-12-18_161158-300x190.png 300w, https:\/\/timi.eu\/wp-content\/uploads\/2018\/12\/2018-12-18_161158-768x486.png 768w\" sizes=\"(max-width: 600px) 100vw, 600px\" \/><figcaption id=\"caption-attachment-4772\" class=\"wp-caption-text\">La m\u00ednima infraestructura TIMi<\/figcaption><\/figure>\n<p>Este tipo de infraestructura es muy simple, contiene un servidor de producci\u00f3n (para su lago de datos y los procesos anal\u00edticos en producci\u00f3n) y una computadora port\u00e1til por analista. Gracias a TIMi, esta infraestructura , es capaz de gestionar grandes conjuntos de datos (por ejemplo, el an\u00e1lisis de toda la historia cl\u00ednica de un pa\u00eds de 40 millones de habitantes \u00f3 de todos los registros telef\u00f3nicos de una empresa de telecomunicaciones con m\u00e1s de 20 millones de clientes).<\/p>\n<p>La ventaja de esta infraestructura es la falta total de impacto en la estabilidad general de la infraestructura de TI de la empresa para todos los procesos en la fase de producci\u00f3n. De hecho, cada Data Scientist utiliza su propia CPU sin consumir ning\u00fan recurso de los servidores de producci\u00f3n (u otros analistas). Esta infraestructura s\u00f3lo es posible gracias a la alta <a href=\"\/fr\/timi\/rapide\/\">potencia de c\u00e1lculo<\/a> que proporciona TIMi en un servidor normal.<\/p>\n<h2>2. Infraestructura ideal<\/h2>\n<figure id=\"attachment_4775\" aria-describedby=\"caption-attachment-4775\" style=\"width: 1023px\" class=\"wp-caption aligncenter\"><img decoding=\"async\" loading=\"lazy\" class=\"wp-image-4775 size-full\" src=\"\/wp-content\/uploads\/2018\/12\/2018-12-18_161522.png\" alt=\"La infraestructura TIMi ideal\" width=\"1023\" height=\"554\" srcset=\"https:\/\/timi.eu\/wp-content\/uploads\/2018\/12\/2018-12-18_161522.png 1023w, https:\/\/timi.eu\/wp-content\/uploads\/2018\/12\/2018-12-18_161522-600x325.png 600w, https:\/\/timi.eu\/wp-content\/uploads\/2018\/12\/2018-12-18_161522-300x162.png 300w, https:\/\/timi.eu\/wp-content\/uploads\/2018\/12\/2018-12-18_161522-768x416.png 768w\" sizes=\"(max-width: 1023px) 100vw, 1023px\" \/><figcaption id=\"caption-attachment-4775\" class=\"wp-caption-text\">La infraestructura TIMi ideal<\/figcaption><\/figure>\n<p>Esta infraestructura incluye:<\/p>\n<ul>\n<li>Un NAS\/SAN dedicado para el almacenamiento del Lago de Datos. Usualmente, un RAID6 se usar\u00e1 dentro del NAS\/SAN para tener un sistema resistente a 2 ca\u00eddas de hardware en simultaneo.<\/li>\n<li>Un servidor de pre-producci\u00f3n para probar todos sus procesos antes de enviarlos al servidor de producci\u00f3n.<\/li>\n<li>Una importaci\u00f3n diaria de sus fuentes de datos de referencia (como SQLServer, Oracle, bases de datos SAP&#8230;) para alimentar su Lago de Datos.<\/li>\n<li>Una actualizaci\u00f3n diaria (o por hora) de todos sus dashborads. Anatella permite una publicaci\u00f3n r\u00e1pida y automatizada ,de todos los datos localizados dentro de su Lago de Datos y a todas las soluciones de BI (Kibella, Tableau, Qlik, PowerBI, Kibana&#8230;).<\/li>\n<li>Un entorno seguro: sus datos nunca salen de sus edificios.<\/li>\n<li>Escalabilidad ilimitada en t\u00e9rminos de potencia de computo, si tienes m\u00e1s cient\u00edficos de datos, s\u00f3lo tienes que a\u00f1adir m\u00e1s PCs.<\/li>\n<li>Escalabilidad ilimitada en t\u00e9rminos de almacenamiento: los archivos propietarios ofrecidos por TIMi (\u00ab.gel_anatella\u00bb y \u00ab.cgel_anatella\u00bb) comprimen su data de manera muy eficiente, capaz de asegurar que el espacio en disco nunca m\u00e1s sea un problema. Si el volumen es realmente demasiado grande, siempre puedes almacenar tus \u00abviejos y fr\u00edos\u00bb datos directamente en el HDFS, para un almacenamiento de datos verdaderamente ilimitado.<\/li>\n<li><a href=\"\/fr\/timi\/ethique\/#NoLockIn\">No hay situaci\u00f3n de dependencia<\/a>: TIMi Suite est\u00e1 dise\u00f1ada para trabajar con todas las soluciones de c\u00f3digo abierto: R, Python, JS, etc. y casi todas las soluciones propias.<\/li>\n<\/ul>\n<p>\u00a1Esta infraestructura final es un \u00absue\u00f1o hecho realidad\u00bb para todos los cient\u00edficos de datos!<\/p>\n<p>Potencia casi ilimitada + Almacenamiento casi ilimitado = \u00a1Diversi\u00f3n ilimitada!<\/p>\n<a class=\"cherry-btn cherry-btn-primary cherry-btn-medium cherry-btn-inline cherry-btn-fade custom-button-1  button-852\" target=\"_self\" href=\"http:\/\/download.timi.eu\/docs\/TIMi_Infrastructure.pdf\">Nuestro art\u00edculo t\u00e9cnico sobre la infraestructura del TIMi (ingl\u00e9s)<\/a>&nbsp;&nbsp;&nbsp;&nbsp;&nbsp;&nbsp;&nbsp;<a class=\"cherry-btn cherry-btn-primary cherry-btn-medium cherry-btn-inline cherry-btn-fade custom-button-1  button-377\" target=\"_self\" href=\"\/downloads\/\">Descargar TIMi<\/a>\n<p>&nbsp;<\/p>\n","protected":false},"excerpt":{"rendered":"Una infraestructura simplificada Con un enfoque de infraestructura innovador y \u00fanico, TIMi est\u00e1 optimizado para ofrecerle: M\u00e1xima fiabilidad (para implementar de forma segura todas sus soluciones anal\u00edticas en producci\u00f3n) M\u00e1xima escalabilidad horizontal (por ejemplo, un tiempo incompresible cercano a cero)) El mejor \u00abplayground\u00bb, para que sus cient\u00edficos de datos se diviertan explorando y probando todas","protected":false},"author":1,"featured_media":0,"parent":12036,"menu_order":0,"comment_status":"closed","ping_status":"closed","template":"","meta":[],"_links":{"self":[{"href":"https:\/\/timi.eu\/es\/wp-json\/wp\/v2\/pages\/12022"}],"collection":[{"href":"https:\/\/timi.eu\/es\/wp-json\/wp\/v2\/pages"}],"about":[{"href":"https:\/\/timi.eu\/es\/wp-json\/wp\/v2\/types\/page"}],"author":[{"embeddable":true,"href":"https:\/\/timi.eu\/es\/wp-json\/wp\/v2\/users\/1"}],"replies":[{"embeddable":true,"href":"https:\/\/timi.eu\/es\/wp-json\/wp\/v2\/comments?post=12022"}],"version-history":[{"count":2,"href":"https:\/\/timi.eu\/es\/wp-json\/wp\/v2\/pages\/12022\/revisions"}],"predecessor-version":[{"id":13541,"href":"https:\/\/timi.eu\/es\/wp-json\/wp\/v2\/pages\/12022\/revisions\/13541"}],"up":[{"embeddable":true,"href":"https:\/\/timi.eu\/es\/wp-json\/wp\/v2\/pages\/12036"}],"wp:attachment":[{"href":"https:\/\/timi.eu\/es\/wp-json\/wp\/v2\/media?parent=12022"}],"curies":[{"name":"wp","href":"https:\/\/api.w.org\/{rel}","templated":true}]}}