{"id":12020,"date":"2020-08-27T14:32:33","date_gmt":"2020-08-27T14:32:33","guid":{"rendered":"http:\/\/timi.eu\/?page_id=12020"},"modified":"2022-02-25T15:21:31","modified_gmt":"2022-02-25T15:21:31","slug":"soluciones","status":"publish","type":"page","link":"https:\/\/timi.eu\/es\/soluciones\/","title":{"rendered":"Soluciones"},"content":{"rendered":"<div class=\"row  \" ><div class=\"container\"><div class=\"row row-edge\">\n<div class=\"col-xs-12 col-sm-12 col-md-12 col-lg-12 pageswitcher\">\n\n<div\n\t class=\"wpml-ls-statics-shortcode_actions wpml-ls wpml-ls-legacy-dropdown js-wpml-ls-legacy-dropdown\">\n\t<ul>\n\n\t\t<li tabindex=\"0\" class=\"wpml-ls-slot-shortcode_actions wpml-ls-item wpml-ls-item-es wpml-ls-current-language wpml-ls-item-legacy-dropdown\">\n\t\t\t<a href=\"#\" class=\"js-wpml-ls-item-toggle wpml-ls-item-toggle\">\n                                                    <img\n            class=\"wpml-ls-flag\"\n            src=\"https:\/\/timi.eu\/wp-content\/plugins\/sitepress-multilingual-cms\/res\/flags\/es.png\"\n            alt=\"\"\n            width=18\n            height=12\n    \/><span class=\"wpml-ls-native\">Espa\u00f1ol<\/span><\/a>\n\n\t\t\t<ul class=\"wpml-ls-sub-menu\">\n\t\t\t\t\n\t\t\t\t\t<li class=\"wpml-ls-slot-shortcode_actions wpml-ls-item wpml-ls-item-en wpml-ls-first-item\">\n\t\t\t\t\t\t<a href=\"https:\/\/timi.eu\" class=\"wpml-ls-link\">\n                                                                <img\n            class=\"wpml-ls-flag\"\n            src=\"https:\/\/timi.eu\/wp-content\/plugins\/sitepress-multilingual-cms\/res\/flags\/en.png\"\n            alt=\"\"\n            width=18\n            height=12\n    \/><span class=\"wpml-ls-display\">Ingl\u00e9s<\/span><\/a>\n\t\t\t\t\t<\/li>\n\n\t\t\t\t\n\t\t\t\t\t<li class=\"wpml-ls-slot-shortcode_actions wpml-ls-item wpml-ls-item-fr\">\n\t\t\t\t\t\t<a href=\"https:\/\/timi.eu\/fr\/\" class=\"wpml-ls-link\">\n                                                                <img\n            class=\"wpml-ls-flag\"\n            src=\"https:\/\/timi.eu\/wp-content\/plugins\/sitepress-multilingual-cms\/res\/flags\/fr.png\"\n            alt=\"\"\n            width=18\n            height=12\n    \/><span class=\"wpml-ls-display\">Franc\u00e9s<\/span><\/a>\n\t\t\t\t\t<\/li>\n\n\t\t\t\t\n\t\t\t\t\t<li class=\"wpml-ls-slot-shortcode_actions wpml-ls-item wpml-ls-item-nl\">\n\t\t\t\t\t\t<a href=\"https:\/\/timi.eu\/nl\/\" class=\"wpml-ls-link\">\n                                                                <img\n            class=\"wpml-ls-flag\"\n            src=\"https:\/\/timi.eu\/wp-content\/plugins\/sitepress-multilingual-cms\/res\/flags\/nl.png\"\n            alt=\"\"\n            width=18\n            height=12\n    \/><span class=\"wpml-ls-display\">Holand\u00e9s<\/span><\/a>\n\t\t\t\t\t<\/li>\n\n\t\t\t\t\n\t\t\t\t\t<li class=\"wpml-ls-slot-shortcode_actions wpml-ls-item wpml-ls-item-ru wpml-ls-last-item\">\n\t\t\t\t\t\t<a href=\"https:\/\/timi.eu\/ru\/\" class=\"wpml-ls-link\">\n                                                                <img\n            class=\"wpml-ls-flag\"\n            src=\"https:\/\/timi.eu\/wp-content\/plugins\/sitepress-multilingual-cms\/res\/flags\/ru.png\"\n            alt=\"\"\n            width=18\n            height=12\n    \/><span class=\"wpml-ls-display\">Ruso<\/span><\/a>\n\t\t\t\t\t<\/li>\n\n\t\t\t\t\t\t\t<\/ul>\n\n\t\t<\/li>\n\n\t<\/ul>\n<\/div>\n\n<\/div>\n<\/div><\/div><\/div>\n<div class=\"row custom-parallax-01 \" ><div class=\"cherry-box   box-208\"><div class=\"inner\"><div class=\"container\"><div class=\"row row-edge\">\n<div class=\"col-xs-12 col-sm-12 col-md-6 col-lg-6 custom-parallax-text\">\n<div class=\"cherry-spacer   hidden-xs hidden-sm\" style=\"height:75px;\"><\/div><div class=\"cherry-spacer   visible-sm-block\" style=\"height:50px;\"><\/div><div class=\"cherry-spacer   visible-xs-block\" style=\"height:50px;\"><\/div>\n<h2 style=\"text-align: center;\"><strong>DESARROLLAR<\/strong><br \/>\n<span style=\"color: #11afbe; font-weight: 500;\">UNA CULTURA ANAL\u00cdTICA<\/span><\/h2>\n<p style=\"text-align: center; color: #000;\">Hay una forma de garantizar el \u00e9xito de sus iniciativas<br \/>\nanal\u00edticas: debe permitir que su empresa desarrolle una<br \/>\n<b>Cultura Anal\u00edtica<\/b>. La Cultura Anal\u00edtica se basa en<br \/>\nuna idea sencilla: <em>\u00abLas personas que entienden el<br \/>\nproblema a resolver deben ser las que lo resuelvan\u00bb<\/em>.<\/p>\n<div class=\"aligncenter custom-button-1 -wrapper\"><a class=\"cherry-btn cherry-btn-primary cherry-btn-large cherry-btn-inline cherry-btn-fade custom-button-1  button-111\" target=\"_self\" href=\"\/es\/soluciones\/cultura-analitica\/\">Descubra los beneficios de la \u00ab Cultura Anal\u00edtica \u00bb<\/a><\/div>\n<div class=\"cherry-spacer   hidden-xs hidden-sm\" style=\"height:100px;\"><\/div><div class=\"cherry-spacer   visible-sm-block\" style=\"height:100px;\"><\/div><div class=\"cherry-spacer   visible-xs-block\" style=\"height:60px;\"><\/div>\n<\/div>\n<\/div><\/div><\/div><\/div><\/div>\n<div class=\"row custom-parallax-01 \" ><section class=\"parallax-box image-parallax-box \" style=\"min-height: 300px\"><div class=\"parallax-content\"><div class=\"container\"><div class=\"row row-edge\">\n<div class=\"col-xs-12 col-sm-12 col-md-3 col-lg-3 custom-parallax-text\">\n<\/div>\n<div class=\"col-xs-12 col-sm-12 col-md-6 col-lg-6 custom-parallax-text\">\n<div class=\"cherry-spacer   hidden-xs hidden-sm\" style=\"height:100px;\"><\/div><div class=\"cherry-spacer   visible-sm-block\" style=\"height:50px;\"><\/div><div class=\"cherry-spacer   visible-xs-block\" style=\"height:25px;\"><\/div>\n<img decoding=\"async\" class=\"aligncenter size-full wp-image-1564\" style=\"position: relative;\" src=\"\/wp-content\/uploads\/2016\/07\/logo-timisuite-min.png\" alt=\"logo-timi-suite\" width=\"75\"><\/p>\n<h2 style=\"text-align: center;\"><span style=\"color: #333;\"><strong>CREATIVIDAD<\/strong><br \/>\n<strong>POR EFICIENCIA<\/strong><\/span><\/h2>\n<p style=\"text-align: center;\"><span style=\"color: #000;\">Desde 2007, hemos estado creando las herramientas m\u00e1s poderosas para Empujando las barreras de la anal\u00edtica y el modelado predictivo, mientras que proporciona un entorno de trabajo predictivo. r\u00e1pido, autom\u00e1tico y f\u00e1cil de usar.<\/span><\/p>\n<div class=\"cherry-spacer  \" style=\"height:20px;\"><\/div>\n<div class=\"aligncenter custom-button-1 -wrapper\"><a class=\"cherry-btn cherry-btn-primary cherry-btn-medium cherry-btn-inline cherry-btn-fade custom-button-1  button-354\" target=\"_self\" href=\"\/es\/timi\/\">Descubre TIMi<\/a><\/div>\n<\/div>\n<div class=\"col-xs-12 col-sm-12 col-md-3 col-lg-3 custom-parallax-text\">\n<\/div>\n<div class=\"col-xs-12 col-sm-12 col-md-12 col-lg-12\">\n<div class=\"cherry-spacer   hidden-xs hidden-sm\" style=\"height:100px;\"><\/div><div class=\"cherry-spacer   visible-sm-block\" style=\"height:50px;\"><\/div><div class=\"cherry-spacer   visible-xs-block\" style=\"height:25px;\"><\/div>\n<\/div>\n<\/div><\/div><div class=\"clear\"><\/div><\/div><div class=\"parallax-bg\" data-parallax-type=\"image\" data-img-url=\"\/wp-content\/uploads\/2020\/\/04\/no-limit-space2.jpg\" data-speed=\"1.5\" data-invert=\"\" ><\/div><\/section><\/div>\n<div id=\"solutions\"><\/div>\n<div class=\"cherry-spacer   hidden-xs hidden-sm\" style=\"height:100px;\"><\/div><div class=\"cherry-spacer   visible-sm-block\" style=\"height:50px;\"><\/div><div class=\"cherry-spacer   visible-xs-block\" style=\"height:25px;\"><\/div>\n<div class=\"row  \" ><div class=\"container\"><div class=\"row row-edge\">\n<div class=\"col-xs-12 col-sm-12 col-md-12 col-lg-12 custom-home-text\">\n<div class=\"cherry-spacer   hidden-xs hidden-sm\" style=\"height:0px;\"><\/div><div class=\"cherry-spacer   visible-sm-block\" style=\"height:45px;\"><\/div><div class=\"cherry-spacer   visible-xs-block\" style=\"height:45px;\"><\/div>\n<h2 style=\"text-align: center;\"><span style=\"color: #000000;\"><strong>DESARROLLO<\/strong><\/span><br \/>\n<span style=\"color: #11afbe; font-weight:500;\">DE NUEVAS IDEAS<\/span><\/h2>\n<p style=\"text-align: center;\">\nGracias a la inigualable potencia del motor anal\u00edtico de TIMi, podr\u00e1 actualizar<br \/>\nsu vista de cliente de 360\u00b0 en tiempo real y recalcular todos los KPIs y modelos predictivos<br \/>\ncada semana o cada d\u00eda considerando todos los cambios.<\/p>\n<\/div>\n<\/div><\/div><\/div>\n<p><!--[cherry_row type=\"fixed-width\" class=\"custom-info-services2\"]\n[cherry_col size_md=\"12\" size_xs=\"12\" size_sm=\"12\" size_lg=\"12\"]\n[cherry_services limit=\"12\" linked_title=\"no\" order=\"desc\" categories=\"solutions\" col_xs=\"12\" col_sm=\"6\" col_md=\"6\" col_lg=\"6\" template=\"custom-services-list-info.tmpl\"]\n[\/cherry_col]\n[cherry_col size_xs=\"12\" size_sm=\"12\" size_md=\"12\" size_lg=\"12\"]\n[cherry_spacer size=\"70\" size_sm=\"50\" size_xs=\"25\"]\n[\/cherry_col]\n[\/cherry_row]--><\/p>\n<div class=\"row custom-info-services2 \">\n<div class=\"container\">\n<div class=\"row row-edge\">\n<div class=\"col-xs-12 col-sm-12 col-md-12 col-lg-12\">\n<div class=\"cherry-services boxed-layout\">\n<div class=\"row\">\n<div class=\"services-listing\">\n<div id=\"services-10080\" class=\"cherry-services_item item-1 clearfix odd col-xs-12 clear-col-xs col-sm-6 clear-col-sm col-md-6 clear-col-md col-lg-6 clear-col-lg\">\n<div class=\"list-info-wrapper\">\n<a href=\"\/solutions\/customer-experience\/\"><\/p>\n<div class=\"list-icon-wrapper\">\n<div class=\"cherry-services_icon\"><i class=\"material-design-round58\" style=\"cursor: pointer;\"><\/i><\/div>\n<\/div>\n<p><\/a><a href=\"\/solutions\/customer-experience\/\"><\/a><a href=\"\/solutions\/customer-experience\/\"><\/a><a href=\"\/solutions\/customer-experience\/\"><\/a><a href=\"\/solutions\/customer-experience\/\"><\/a><a href=\"\/solutions\/customer-experience\/\"><\/a><a href=\"\/solutions\/customer-experience\/\"><\/a><a href=\"\/solutions\/customer-experience\/\"><\/a><a href=\"\/solutions\/customer-experience\/\"><\/a><a href=\"\/solutions\/customer-experience\/\"><\/a><a href=\"\/solutions\/customer-experience\/\"><\/a><a href=\"\/solutions\/customer-experience\/\"><\/a><a href=\"\/solutions\/customer-experience\/\"><\/a><a href=\"\/solutions\/customer-experience\/\"><\/a><a href=\"\/solutions\/customer-experience\/\"><\/a><a href=\"\/solutions\/customer-experience\/\"><\/a><a href=\"\/solutions\/customer-experience\/\"><\/a><a href=\"\/solutions\/customer-experience\/\"><\/a><\/p>\n<div class=\"list-title-content\"><a href=\"\/solutions\/customer-experience\/\"><\/p>\n<h3 class=\"cherry-services_title\">Experiencia del cliente<\/h3>\n<p><\/a><a href=\"\/solutions\/customer-experience\/\"><\/a><a href=\"\/solutions\/customer-experience\/\"><\/a><a href=\"\/solutions\/customer-experience\/\"><\/a><a href=\"\/solutions\/customer-experience\/\"><\/a><a href=\"\/solutions\/customer-experience\/\"><\/a><a href=\"\/solutions\/customer-experience\/\"><\/a><a href=\"\/solutions\/customer-experience\/\"><\/a><a href=\"\/solutions\/customer-experience\/\"><\/a><a href=\"\/solutions\/customer-experience\/\"><\/a><a href=\"\/solutions\/customer-experience\/\"><\/a><a href=\"\/solutions\/customer-experience\/\"><\/a><a href=\"\/solutions\/customer-experience\/\"><\/a><a href=\"\/solutions\/customer-experience\/\"><\/a><a href=\"\/solutions\/customer-experience\/\"><\/a><a href=\"\/solutions\/customer-experience\/\"><\/a><a href=\"\/solutions\/customer-experience\/\"><\/a><a href=\"\/solutions\/customer-experience\/\"><\/a><\/p>\n<div class=\"cherry-services_excerpt\"><a href=\"\/solutions\/customer-experience\/\"><span style=\"color:#777; margin-bottom: 10px; display: block;\">Escuche sus datos e identifique los momentos clave en su relaci\u00f3n con el cliente. Estimula la venta cruzada aprovechando tu historial de clientes. Aumentar la lealtad de los clientes realizando la acci\u00f3n de retenci\u00f3n adecuada en el momento adecuado. Maximizar el potencial de cada cliente.<\/span><i class=\"fa material-design-keyboard53 cherry-icon   icon-570;\" style=\"cursor: pointer;\"><\/i> Leer M\u00e1s (ingl\u00e9s)<\/a><\/div>\n<\/div>\n<\/div>\n<\/div>\n<p><!--\/.services-item--><\/p>\n<div id=\"services-10082\" class=\"cherry-services_item item-2 clearfix even col-xs-12 clear-col-xs col-sm-6 col-md-6 col-lg-6\">\n<div class=\"list-info-wrapper\">\n<a href=\"\/solutions\/strategic-decisions\"><\/p>\n<div class=\"list-icon-wrapper\">\n<div class=\"cherry-services_icon\"><i class=\"material-design-gps25\" style=\"cursor: pointer;\"><\/i><\/div>\n<\/div>\n<p><\/a><a href=\"\/solutions\/strategic-decisions\"><\/a><a href=\"\/solutions\/strategic-decisions\"><\/a><a href=\"\/solutions\/strategic-decisions\"><\/a><a href=\"\/solutions\/strategic-decisions\"><\/a><a href=\"\/solutions\/strategic-decisions\"><\/a><a href=\"\/solutions\/strategic-decisions\"><\/a><a href=\"\/solutions\/strategic-decisions\"><\/a><a href=\"\/solutions\/strategic-decisions\"><\/a><a href=\"\/solutions\/strategic-decisions\"><\/a><a href=\"\/solutions\/strategic-decisions\"><\/a><a href=\"\/solutions\/strategic-decisions\"><\/a><a href=\"\/solutions\/strategic-decisions\"><\/a><a href=\"\/solutions\/strategic-decisions\"><\/a><a href=\"\/solutions\/strategic-decisions\"><\/a><a href=\"\/solutions\/strategic-decisions\"><\/a><a href=\"\/solutions\/strategic-decisions\"><\/a><a href=\"\/solutions\/strategic-decisions\"><\/a><\/p>\n<div class=\"list-title-content\"><a href=\"\/solutions\/strategic-decisions\"><\/p>\n<h3 class=\"cherry-services_title\">Decisiones Estrat\u00e9gicas<\/h3>\n<p><\/a><a href=\"\/solutions\/strategic-decisions\"><\/a><a href=\"\/solutions\/strategic-decisions\"><\/a><a href=\"\/solutions\/strategic-decisions\"><\/a><a href=\"\/solutions\/strategic-decisions\"><\/a><a href=\"\/solutions\/strategic-decisions\"><\/a><a href=\"\/solutions\/strategic-decisions\"><\/a><a href=\"\/solutions\/strategic-decisions\"><\/a><a href=\"\/solutions\/strategic-decisions\"><\/a><a href=\"\/solutions\/strategic-decisions\"><\/a><a href=\"\/solutions\/strategic-decisions\"><\/a><a href=\"\/solutions\/strategic-decisions\"><\/a><a href=\"\/solutions\/strategic-decisions\"><\/a><a href=\"\/solutions\/strategic-decisions\"><\/a><a href=\"\/solutions\/strategic-decisions\"><\/a><a href=\"\/solutions\/strategic-decisions\"><\/a><a href=\"\/solutions\/strategic-decisions\"><\/a><a href=\"\/solutions\/strategic-decisions\"><\/a><\/p>\n<div class=\"cherry-services_excerpt\"><a href=\"\/solutions\/strategic-decisions\"><span style=\"color:#777; margin-bottom: 10px; display: block;\">Tome decisiones informadas por modelos de predicci\u00f3n precisos y accesibles. Realice las mejores inversiones y optimice su inventario Optimice sus inversiones en medios de comunicaci\u00f3n.<\/span><i class=\"fa material-design-keyboard53 cherry-icon   icon-570;\"><\/i> Leer M\u00e1s (ingl\u00e9s)<\/a><\/div>\n<\/div>\n<\/div>\n<\/div>\n<p><!--\/.services-item--><\/p>\n<div id=\"services-10081\" class=\"cherry-services_item item-3 clearfix odd col-xs-12 clear-col-xs col-sm-6 clear-col-sm col-md-6 clear-col-md col-lg-6 clear-col-lg\"><a href=\"\/solutions\/business-intelligence\/\" class=\"mylink\"><\/p>\n<div class=\"myblock\"><\/div>\n<div class=\"list-info-wrapper\">\n<h3 class=\"cherry-services_title\">Inteligencia de negocios<\/h3>\n<p><span style=\"color:#777; margin-bottom: 10px; display: block;\">Dirige tu negocio con tableros e informes personalizables que se actualizan autom\u00e1ticamente. Vea a sus clientes en un mapa mundial interactivo.<\/span><i class=\"fa material-design-keyboard53 cherry-icon   icon-570;\" style=\"font: 300 16px\/26px Ubuntu, sans-serif; font-style: normal;\"> Leer M\u00e1s (ingl\u00e9s)<\/i><\/p>\n<\/div>\n<p><\/a><a href=\"\/solutions\/business-intelligence\/\" class=\"mylink\"><\/a><a href=\"\/solutions\/business-intelligence\/\" class=\"mylink\"><\/a><a href=\"\/solutions\/business-intelligence\/\" class=\"mylink\"><\/a><a href=\"\/solutions\/business-intelligence\/\" class=\"mylink\"><\/a><a href=\"\/solutions\/business-intelligence\/\" class=\"mylink\"><\/a><a href=\"\/solutions\/business-intelligence\/\" class=\"mylink\"><\/a><a href=\"\/solutions\/business-intelligence\/\" class=\"mylink\"><\/a><a href=\"\/solutions\/business-intelligence\/\" class=\"mylink\"><\/a><a href=\"\/solutions\/business-intelligence\/\" class=\"mylink\"><\/a><a href=\"\/solutions\/business-intelligence\/\" class=\"mylink\"><\/a><a href=\"\/solutions\/business-intelligence\/\" class=\"mylink\"><\/a><a href=\"\/solutions\/business-intelligence\/\" class=\"mylink\"><\/a><a href=\"\/solutions\/business-intelligence\/\" class=\"mylink\"><\/a><a href=\"\/solutions\/business-intelligence\/\" class=\"mylink\"><\/a><a href=\"\/solutions\/business-intelligence\/\" class=\"mylink\"><\/a><a href=\"\/solutions\/business-intelligence\/\" class=\"mylink\"><\/a><a href=\"\/solutions\/business-intelligence\/\" class=\"mylink\"><\/a><a href=\"\/solutions\/business-intelligence\/\" class=\"mylink\"><\/a><\/p>\n<\/div>\n<p><!--\/.services-item--><\/p>\n<div id=\"services-11019\" class=\"cherry-services_item item-4 clearfix even col-xs-12 clear-col-xs col-sm-6 col-md-6 col-lg-6\">\n<div class=\"list-info-wrapper\"><a href=\"\/solutions\/risk-management\/\"><\/p>\n<div class=\"list-icon-wrapper\">\n<div class=\"cherry-services_icon\"><i class=\"fa fa fa-shield\" style=\"cursor: pointer;\"><\/i><\/div>\n<\/div>\n<p><\/a><a href=\"\/solutions\/risk-management\/\"><\/a><a href=\"\/solutions\/risk-management\/\"><\/a><a href=\"\/solutions\/risk-management\/\"><\/a><a href=\"\/solutions\/risk-management\/\"><\/a><a href=\"\/solutions\/risk-management\/\"><\/a><a href=\"\/solutions\/risk-management\/\"><\/a><a href=\"\/solutions\/risk-management\/\"><\/a><a href=\"\/solutions\/risk-management\/\"><\/a><a href=\"\/solutions\/risk-management\/\"><\/a><a href=\"\/solutions\/risk-management\/\"><\/a><a href=\"\/solutions\/risk-management\/\"><\/a><a href=\"\/solutions\/risk-management\/\"><\/a><a href=\"\/solutions\/risk-management\/\"><\/a><a href=\"\/solutions\/risk-management\/\"><\/a><a href=\"\/solutions\/risk-management\/\"><\/a><a href=\"\/solutions\/risk-management\/\"><\/a><a href=\"\/solutions\/risk-management\/\"><\/a><\/p>\n<div class=\"list-title-content\"><a href=\"\/solutions\/risk-management\/\"><\/p>\n<h3 class=\"cherry-services_title\">Gesti\u00f3n de riesgos<\/h3>\n<p><\/a><a href=\"\/solutions\/risk-management\/\"><\/a><a href=\"\/solutions\/risk-management\/\"><\/a><a href=\"\/solutions\/risk-management\/\"><\/a><a href=\"\/solutions\/risk-management\/\"><\/a><a href=\"\/solutions\/risk-management\/\"><\/a><a href=\"\/solutions\/risk-management\/\"><\/a><a href=\"\/solutions\/risk-management\/\"><\/a><a href=\"\/solutions\/risk-management\/\"><\/a><a href=\"\/solutions\/risk-management\/\"><\/a><a href=\"\/solutions\/risk-management\/\"><\/a><a href=\"\/solutions\/risk-management\/\"><\/a><a href=\"\/solutions\/risk-management\/\"><\/a><a href=\"\/solutions\/risk-management\/\"><\/a><a href=\"\/solutions\/risk-management\/\"><\/a><a href=\"\/solutions\/risk-management\/\"><\/a><a href=\"\/solutions\/risk-management\/\"><\/a><a href=\"\/solutions\/risk-management\/\"><\/a><\/p>\n<div class=\"cherry-services_excerpt\"><a href=\"\/solutions\/risk-management\/\"><span style=\"color:#777; margin-bottom: 10px; display: block;\">Controle y reduzca su exposici\u00f3n al riesgo: una l\u00ednea de producci\u00f3n que se detiene, facturas impagadas que se acumulan, fraude invisible que reduce sus m\u00e1rgenes&#8230; Tantas razones para implementar modelos de detecci\u00f3n de riesgos.<\/span><i class=\"fa material-design-keyboard53 cherry-icon   icon-570;\"><\/i> Leer M\u00e1s (ingl\u00e9s)<\/a><\/div>\n<\/div>\n<\/div>\n<\/div>\n<p><!--\/.services-item--><\/p>\n<div id=\"services-10083\" class=\"cherry-services_item item-5 clearfix odd col-xs-12 clear-col-xs col-sm-6 clear-col-sm col-md-6 clear-col-md col-lg-6 clear-col-lg\">\n<div class=\"list-info-wrapper\"><a href=\"\/solutions\/automated-processes\/\"><\/p>\n<div class=\"list-icon-wrapper\">\n<div class=\"cherry-services_icon\"><i class=\"fa fa-gears\" style=\"cursor: pointer;\"><\/i><\/div>\n<\/div>\n<p><\/a><a href=\"\/solutions\/automated-processes\/\"><\/a><a href=\"\/solutions\/automated-processes\/\"><\/a><a href=\"\/solutions\/automated-processes\/\"><\/a><a href=\"\/solutions\/automated-processes\/\"><\/a><a href=\"\/solutions\/automated-processes\/\"><\/a><a href=\"\/solutions\/automated-processes\/\"><\/a><a href=\"\/solutions\/automated-processes\/\"><\/a><a href=\"\/solutions\/automated-processes\/\"><\/a><a href=\"\/solutions\/automated-processes\/\"><\/a><a href=\"\/solutions\/automated-processes\/\"><\/a><a href=\"\/solutions\/automated-processes\/\"><\/a><a href=\"\/solutions\/automated-processes\/\"><\/a><a href=\"\/solutions\/automated-processes\/\"><\/a><a href=\"\/solutions\/automated-processes\/\"><\/a><a href=\"\/solutions\/automated-processes\/\"><\/a><a href=\"\/solutions\/automated-processes\/\"><\/a><a href=\"\/solutions\/automated-processes\/\"><\/a><\/p>\n<div class=\"list-title-content\"><a href=\"\/solutions\/automated-processes\/\"><\/p>\n<h3 class=\"cherry-services_title\">Procesos automatizados<\/h3>\n<p><\/a><a href=\"\/solutions\/automated-processes\/\"><\/a><a href=\"\/solutions\/automated-processes\/\"><\/a><a href=\"\/solutions\/automated-processes\/\"><\/a><a href=\"\/solutions\/automated-processes\/\"><\/a><a href=\"\/solutions\/automated-processes\/\"><\/a><a href=\"\/solutions\/automated-processes\/\"><\/a><a href=\"\/solutions\/automated-processes\/\"><\/a><a href=\"\/solutions\/automated-processes\/\"><\/a><a href=\"\/solutions\/automated-processes\/\"><\/a><a href=\"\/solutions\/automated-processes\/\"><\/a><a href=\"\/solutions\/automated-processes\/\"><\/a><a href=\"\/solutions\/automated-processes\/\"><\/a><a href=\"\/solutions\/automated-processes\/\"><\/a><a href=\"\/solutions\/automated-processes\/\"><\/a><a href=\"\/solutions\/automated-processes\/\"><\/a><a href=\"\/solutions\/automated-processes\/\"><\/a><a href=\"\/solutions\/automated-processes\/\"><\/a><\/p>\n<div class=\"cherry-services_excerpt\"><a href=\"\/solutions\/automated-processes\/\"><span style=\"color:#777; margin-bottom: 10px; display: block;\">Juega con tus datos gracias a la compatibilidad garantizada con todas tus herramientas. Automatice sus informes, su distribuci\u00f3n y todos sus procesos digitales. Todo es accesible sin c\u00f3digo, con el rat\u00f3n, con una infraestructura ligera.<\/span><i class=\"fa material-design-keyboard53 cherry-icon   icon-570;\"><\/i> Leer M\u00e1s (ingl\u00e9s)<\/a><\/div>\n<\/div>\n<\/div>\n<\/div>\n<p><!--\/.services-item--><\/p>\n<div id=\"services-10084\" class=\"cherry-services_item item-6 clearfix even col-xs-12 clear-col-xs col-sm-6 col-md-6 col-lg-6\">\n<div class=\"list-info-wrapper\"><a href=\"\/solutions\/other-innovations\/\"><\/p>\n<div class=\"list-icon-wrapper\">\n<div class=\"cherry-services_icon\"><i class=\"material-design-light88\" style=\"cursor: pointer;\"><\/i><\/div>\n<\/div>\n<p><\/a><a href=\"\/solutions\/other-innovations\/\"><\/a><a href=\"\/solutions\/other-innovations\/\"><\/a><a href=\"\/solutions\/other-innovations\/\"><\/a><a href=\"\/solutions\/other-innovations\/\"><\/a><a href=\"\/solutions\/other-innovations\/\"><\/a><a href=\"\/solutions\/other-innovations\/\"><\/a><a href=\"\/solutions\/other-innovations\/\"><\/a><a href=\"\/solutions\/other-innovations\/\"><\/a><a href=\"\/solutions\/other-innovations\/\"><\/a><a href=\"\/solutions\/other-innovations\/\"><\/a><a href=\"\/solutions\/other-innovations\/\"><\/a><a href=\"\/solutions\/other-innovations\/\"><\/a><a href=\"\/solutions\/other-innovations\/\"><\/a><a href=\"\/solutions\/other-innovations\/\"><\/a><a href=\"\/solutions\/other-innovations\/\"><\/a><a href=\"\/solutions\/other-innovations\/\"><\/a><a href=\"\/solutions\/other-innovations\/\"><\/a><\/p>\n<div class=\"list-title-content\"><a href=\"\/solutions\/other-innovations\/\"><\/p>\n<h3 class=\"cherry-services_title\">Otras innovaciones<\/h3>\n<p><\/a><a href=\"\/solutions\/other-innovations\/\"><\/a><a href=\"\/solutions\/other-innovations\/\"><\/a><a href=\"\/solutions\/other-innovations\/\"><\/a><a href=\"\/solutions\/other-innovations\/\"><\/a><a href=\"\/solutions\/other-innovations\/\"><\/a><a href=\"\/solutions\/other-innovations\/\"><\/a><a href=\"\/solutions\/other-innovations\/\"><\/a><a href=\"\/solutions\/other-innovations\/\"><\/a><a href=\"\/solutions\/other-innovations\/\"><\/a><a href=\"\/solutions\/other-innovations\/\"><\/a><a href=\"\/solutions\/other-innovations\/\"><\/a><a href=\"\/solutions\/other-innovations\/\"><\/a><a href=\"\/solutions\/other-innovations\/\"><\/a><a href=\"\/solutions\/other-innovations\/\"><\/a><a href=\"\/solutions\/other-innovations\/\"><\/a><a href=\"\/solutions\/other-innovations\/\"><\/a><a href=\"\/solutions\/other-innovations\/\"><\/a><\/p>\n<div class=\"cherry-services_excerpt\"><a href=\"\/solutions\/other-innovations\/\"><span style=\"color:#777; margin-bottom: 10px; display: block;\">Innovar con soluciones de IoT listas para usar con una infraestructura ligera (1 o 2 servidores) y crear mejores vistas de 360\u00b0 utilizando caracter\u00edsticas avanzadas de miner\u00eda de texto como: limpieza de datos (campos de direcci\u00f3n, nombres, apellidos&#8230;), uniones borrosas, extracci\u00f3n de entidades, etiquetado, traducci\u00f3n&#8230;<\/span><i class=\"fa material-design-keyboard53 cherry-icon   icon-570;\"><\/i> Leer M\u00e1s (ingl\u00e9s)<\/a><\/div>\n<\/div>\n<\/div>\n<\/div>\n<p><!--\/.services-item--><\/p>\n<\/div>\n<\/div>\n<\/div>\n<\/div>\n<div class=\"col-xs-12 col-sm-12 col-md-12 col-lg-12\">\n<div class=\"cherry-spacer   hidden-xs hidden-sm\" style=\"height:70px;\"><\/div>\n<div class=\"cherry-spacer   visible-sm-block\" style=\"height:50px;\"><\/div>\n<div class=\"cherry-spacer   visible-xs-block\" style=\"height:25px;\"><\/div>\n<\/div>\n<\/div>\n<\/div>\n<\/div>\n","protected":false},"excerpt":{"rendered":"Experiencia del cliente Escuche sus datos e identifique los momentos clave en su relaci\u00f3n con el cliente. Estimula la venta cruzada aprovechando tu historial de clientes. Aumentar la lealtad de los clientes realizando la acci\u00f3n de retenci\u00f3n adecuada en el momento adecuado. Maximizar el potencial de cada cliente. Leer M\u00e1s (ingl\u00e9s) Decisiones Estrat\u00e9gicas Tome decisiones","protected":false},"author":1,"featured_media":0,"parent":0,"menu_order":0,"comment_status":"closed","ping_status":"closed","template":"","meta":[],"_links":{"self":[{"href":"https:\/\/timi.eu\/es\/wp-json\/wp\/v2\/pages\/12020"}],"collection":[{"href":"https:\/\/timi.eu\/es\/wp-json\/wp\/v2\/pages"}],"about":[{"href":"https:\/\/timi.eu\/es\/wp-json\/wp\/v2\/types\/page"}],"author":[{"embeddable":true,"href":"https:\/\/timi.eu\/es\/wp-json\/wp\/v2\/users\/1"}],"replies":[{"embeddable":true,"href":"https:\/\/timi.eu\/es\/wp-json\/wp\/v2\/comments?post=12020"}],"version-history":[{"count":7,"href":"https:\/\/timi.eu\/es\/wp-json\/wp\/v2\/pages\/12020\/revisions"}],"predecessor-version":[{"id":18036,"href":"https:\/\/timi.eu\/es\/wp-json\/wp\/v2\/pages\/12020\/revisions\/18036"}],"wp:attachment":[{"href":"https:\/\/timi.eu\/es\/wp-json\/wp\/v2\/media?parent=12020"}],"curies":[{"name":"wp","href":"https:\/\/api.w.org\/{rel}","templated":true}]}}